{"id":83,"date":"2018-10-03T15:57:56","date_gmt":"2018-10-03T13:57:56","guid":{"rendered":"http:\/\/exbiuro.nazwa.pl\/sklep_luna\/produkt\/import-placeholder-for-323\/"},"modified":"2023-04-03T10:26:42","modified_gmt":"2023-04-03T08:26:42","slug":"rozni-wykonawcy-satanorium-jerzy-satanowski","status":"publish","type":"product","link":"https:\/\/lunamusic.pl\/sklepluna\/produkt\/rozni-wykonawcy-satanorium-jerzy-satanowski\/","title":{"rendered":"R\u00f3\u017cni Wykonawcy &#8211; Satanorium &#8211; Jerzy Satanowski"},"content":{"rendered":"<p><b>Jerzy Satanowski<\/b><br \/>\nJest jednym z najwybitniejszych polskich kompozytor\u00f3w zajmuj\u0105cych si\u0119 muzyk\u0105 filmow\u0105, teatraln\u0105 i telewizyjn\u0105. Pracowa\u0142 na wszystkich najpowa\u017cniejszych polskich scenach, wsp\u00f3\u0142pracowa\u0142 z legendarnymi tw\u00f3rcami cieszy\u0142 przyja\u017ani\u0105 i szacunkiem Agnieszki Osieckiej, Edwarda Stachury, Jonasza Kofty, pisa\u0142 dla najwi\u0119kszych gwiazd teatru i estrady. Jest w polskiej kulturze instytucj\u0105. Filolog, znawca i mi\u0142o\u015bnik poezji, re\u017cyser, cz\u0142owiek teatru.<\/p>\n<p>P\u0142yta jest d\u017awi\u0119kowym zapisem fragment\u00f3w spektaklu &#8222;Sanatorium, piosenki Jerzego Satanowskiego&#8221;, kt\u00f3ry odby\u0142 si\u0119 w ramach 23. Przegl\u0105du Piosenki Aktorskiej &#8222;Arty\u015bci Piosenki&#8221; we Wroc\u0142awiu.<\/p>\n<p>Interpretacji dwudziestu jeden kompozycji Satanowskiego podj\u0119\u0142y si\u0119 tuzy polskiej sceny: <b>Hanna Banaszak, Ewa B\u0142aszczyk, Stanis\u0142awa Celi\u0144ska, Barbara Dziekan, Katarzyna Groniec, Agnieszka Kotulanka, Magdalena Kumorek, Joanna Liszowska, Magdalena Piotrowska, Justyna Szafran, Hanna \u015aleszy\u0144ska, Margita \u015alizowska, Krystyna Tkacz, Miros\u0142aw Baka, Miros\u0142aw Czy\u017cykiewicz, Piotr Fronczewski, Piotr Machalica, Andre Hubner-Ochod\u0142o, Marian Opania, Zbigniew Zamachowski, Wiktor Zborowski<\/b><\/p>\n<p>Oraz zesp\u00f3\u0142 muzyczny w sk\u0142adzie:<\/p>\n<p><i>Pawe\u0142 Perli\u0144ski<\/i> &#8211; fortepian<br \/>\n<i>Wojciech Zieli\u0144ski<\/i> &#8211; instrumenty klawiszowe<br \/>\n<i>Henryk Mi\u015bkiewicz<\/i> &#8211; saksofony, klarnet<br \/>\n<i>Marek Napi\u00f3rkowski<\/i> &#8211; gitara<br \/>\n<i>Zbigniew Wegehaupt<\/i> &#8211; kontrabas<br \/>\n<i>Piotr Stawski<\/i> &#8211; skrzypce<br \/>\n<i>Wojciech Kowalewski<\/i> &#8211; perkusja<br \/>\n<i>Monika Szuli\u0144ska<\/i> &#8211; instrumenty perkusyjne<\/p>\n<p>LUNCD270, 5900672922707<\/p>\n","protected":false},"excerpt":{"rendered":"<p>1. <b>Sanatorium<\/b> <i>H.\u015aleszy\u0144ska, M.Czy\u017cykiewicz, W.Zborowski, M.Kumorek, J.Liszowska, M.Piotrowska, M.\u015alizowska<\/i><br \/>\n2. <b>Recepta<\/b> <i>M.Opania, M.Kumorek, J.Liszowska, M.Piotrowska, M.\u015alizowska<\/i><br \/>\n3. <b>Miasteczko cud<\/b> <i>A.Kotulanka<\/i><br \/>\n4. <b>Insekty<\/b> <i>M.Baka, M.Kumorek, J.Liszowska, M.Piotrowska, M.\u015alizowska<\/i><br \/>\n5. <b>Tancbuda i saksofon<\/b> <i>J.Szafran<\/i><br \/>\n6. <b>S\u0142o\u0144ce<\/b> <i>H.Banaszak<\/i><br \/>\n7. <b>To nic \u017ce to sen<\/b> <i>K.Groniec<\/i><br \/>\n8. <b>\u0141eb R\u00f3\u017cy<\/b> <i>P.Machalica<\/i><br \/>\n9. <b>Ju\u017c jest za p\u00f3\u017ano<\/b> <i>P.Fronczewski<\/i><br \/>\n10. <b>Pornografia<\/b> <i>H.\u015aleszy\u0144ska<\/i><br \/>\n11. <b>Gotowany pies<\/b> <i>W.Zborowski<\/i><br \/>\n12. <b>Ukrad\u0142a cyganka kur\u0119<\/b> <i>A.Ochod\u0142o, M.Kumorek, J.Liszowska, M.Piotrowska, M.\u015alizowska<\/i><br \/>\n13. <b>Blues konduktorski<\/b> <i>S.Celi\u0144ska<\/i><br \/>\n14. <b>Hopla \u017byjemy<\/b> <i>K.Tkacz<\/i><br \/>\n15. <b>Pan Twardowski<\/b> <i>W.Zborowski<\/i><br \/>\n16. <b>Song dzierlatek<\/b> <i>B.Dziekan, H.\u015aleszy\u0144ska<\/i><br \/>\n17. <b>Para nasycona<\/b> <i>S.Celi\u0144ska, M.Opania<\/i><br \/>\n18. <b>Lament Nieboszczyk\u00f3w<\/b> <i>Z.Zamachowski<\/i><br \/>\n19. <b>Wo\u0142anie Eurydyki<\/b> <i>K.Groniec<\/i><br \/>\n20. <b>Zanim b\u0119dziesz u brzegu<\/b> <i>M.Czy\u017cykiewicz, H.Banaszak<\/i><br \/>\n21. <b>Apetyt na \u017cycie<\/b> <i>H.\u015aleszy\u0144ska, M.Czy\u017cykiewicz<\/i><\/p>\n","protected":false},"featured_media":113,"comment_status":"open","ping_status":"closed","template":"","meta":[],"product_brand":[],"product_cat":[32,17],"product_tag":[353,354,355,180,356,303,357,358,44,146,228,39,359,360,226,361,139,98,141,50,227,362],"class_list":{"0":"post-83","1":"product","2":"type-product","3":"status-publish","4":"has-post-thumbnail","6":"product_cat-aktorska","7":"product_cat-cd","8":"product_tag-agnieszka-kotulanka","9":"product_tag-andre-hubner-ochodlo","10":"product_tag-barbara-dziekan","11":"product_tag-ewa-blaszczyk","12":"product_tag-hanna-banaszak","13":"product_tag-hanna-sleszynska","14":"product_tag-jerzy-satanowski","15":"product_tag-joanna-liszowska","16":"product_tag-justyna-szafran","17":"product_tag-katarzyna-groniec","18":"product_tag-krystyna-tkacz","19":"product_tag-magdalena-kumorek","20":"product_tag-magdalena-piotrowska","21":"product_tag-margita-slizowska","22":"product_tag-marian-opania","23":"product_tag-miroslaw-baka","24":"product_tag-miroslaw-czyzykiewicz","25":"product_tag-piotr-fronczewski","26":"product_tag-piotr-machalica","27":"product_tag-stanislawa-celinska","28":"product_tag-wiktor-zborowski","29":"product_tag-zbigniew-zamachowski","31":"first","32":"instock","33":"taxable","34":"shipping-taxable","35":"purchasable","36":"product-type-simple"},"_links":{"self":[{"href":"https:\/\/lunamusic.pl\/sklepluna\/wp-json\/wp\/v2\/product\/83","targetHints":{"allow":["GET"]}}],"collection":[{"href":"https:\/\/lunamusic.pl\/sklepluna\/wp-json\/wp\/v2\/product"}],"about":[{"href":"https:\/\/lunamusic.pl\/sklepluna\/wp-json\/wp\/v2\/types\/product"}],"replies":[{"embeddable":true,"href":"https:\/\/lunamusic.pl\/sklepluna\/wp-json\/wp\/v2\/comments?post=83"}],"wp:featuredmedia":[{"embeddable":true,"href":"https:\/\/lunamusic.pl\/sklepluna\/wp-json\/wp\/v2\/media\/113"}],"wp:attachment":[{"href":"https:\/\/lunamusic.pl\/sklepluna\/wp-json\/wp\/v2\/media?parent=83"}],"wp:term":[{"taxonomy":"product_brand","embeddable":true,"href":"https:\/\/lunamusic.pl\/sklepluna\/wp-json\/wp\/v2\/product_brand?post=83"},{"taxonomy":"product_cat","embeddable":true,"href":"https:\/\/lunamusic.pl\/sklepluna\/wp-json\/wp\/v2\/product_cat?post=83"},{"taxonomy":"product_tag","embeddable":true,"href":"https:\/\/lunamusic.pl\/sklepluna\/wp-json\/wp\/v2\/product_tag?post=83"}],"curies":[{"name":"wp","href":"https:\/\/api.w.org\/{rel}","templated":true}]}}