{"id":776,"date":"2020-02-10T13:24:45","date_gmt":"2020-02-10T12:24:45","guid":{"rendered":"http:\/\/exbiuro.nazwa.pl\/sklep_luna\/?post_type=product&#038;p=776"},"modified":"2023-03-31T10:13:28","modified_gmt":"2023-03-31T08:13:28","slug":"agnieszka-chrzanowska-bez-udzialu-gwiazd","status":"publish","type":"product","link":"https:\/\/lunamusic.pl\/sklepluna\/produkt\/agnieszka-chrzanowska-bez-udzialu-gwiazd\/","title":{"rendered":"Agnieszka Chrzanowska &#8211; Bez udzia\u0142u gwiazd"},"content":{"rendered":"<p>Na albumie &#8221; Bez udzia\u0142u gwiazd &#8221; znajduje si\u0119 15 premierowych piosenek , kt\u00f3re jak zwykle skomponowane s\u0105 przez Agnieszk\u0119 , g\u0142\u00f3wnie do wierszy Micha\u0142a Zab\u0142ockiego , ale tym razem Artystka za\u015bpiewa\u0142a te\u017c dwa w pe\u0142ni autorskie utwory &#8221; Nie znajdziesz mnie&#8221; i &#8221; Taki sen&#8221;. Charakter utwor\u00f3w nawi\u0105zuje bardziej do pierwszych p\u0142yt ni\u017c do ostatniej \u201dTylko dla kobiet\u201d &#8211; p\u0142yta jest zdecydowanie bardziej akustyczna ni\u017c elektryczna, nie ma nadmiaru w aran\u017cacjach. W wi\u0119kszo\u015bci utwor\u00f3w Agnieszka wypowiada si\u0119 jednym g\u0142osem , by nie rozprasza\u0107 s\u0142uchacza , co z pewno\u015bci\u0105 jest z korzy\u015bci\u0105 dla tekst\u00f3w, kt\u00f3re jak zwykle s\u0105 bardzo wa\u017cne. Tematyk\u0119 stanowi swoiste zmaganie si\u0119 kobiety z emocjami, jakie towarzysz\u0105 jej na r\u00f3\u017cnych etapach \u017cycia. Od chwil zauroczenia w &#8222;Takim \u015bnie&#8221; i &#8221; Skarbie&#8221;, przez rzeczowe analizy sytuacji w &#8221; Tak wiele przeszk\u00f3d mi\u0119dzy nami&#8221;, &#8222;Nie taka jak Ty&#8221;, momenty zw\u0105tpienia w dobry los w &#8222;Bez udzia\u0142u gwiazd&#8221; do powrotu nadziei w &#8222;Mlecznej drodze&#8221; i &#8222;\u017byczliwo\u015bci i sta\u0142o\u015bci ma\u0142\u017ce\u0144skiej&#8221; i pogodzeniem si\u0119 z przeznaczeniem w utworze &#8221; Wielki Pan&#8221;. Nie brakuje te\u017c dystansu do samej siebie i mi\u0119dzy innymi utw\u00f3r &#8221; Nie patrzy\u0142e\u015b na mnie wczoraj &#8221; jest tego przyk\u0142adem. W nagraniach albumu wzi\u0119li udzia\u0142 znakomici muzycy, z kt\u00f3rymi Agnieszka wsp\u00f3\u0142pracuje od wielu lat, czyli od 1998, kiedy to odby\u0142a si\u0119 premiera jej debiutanckiego albumu &#8221; Nie b\u00f3j si\u0119 nic nie robi<br \/>\n&#8222;. Na fortepianie zagra\u0142 Konrad Masty\u0142o, Na basie i kontrabasie J\u00f3zek Michalik, na gitarach akustycznych i akustycznych Jacek Kr\u00f3lik, na perkusji i instrumentach perkusyjnych S\u0142awek Berny, na flugehornie i tr\u0105bce Przemek Sok\u00f3\u0142, na instrumentach klawiszowych Krzysztof Filus i Jacek Tarkowski a tak\u017ce, w wi\u0119kszo\u015bci utwor\u00f3w sama Agnieszka. Album \u201eBez udzia\u0142u gwiazd\u201d to prawdziwa muzyczna uczta, pe\u0142na wysublimowanych tre\u015bci o nastrojowym charakterze. Je\u015bli poszukujesz piosenek gdzie tekst jest r\u00f3wnie wa\u017cny jak muzyka i wykonanie to z pewno\u015bci\u0105 ta p\u0142yta jest dla Ciebie. Za ka\u017cdym razem, kiedy s\u0142ucha si\u0119 tego albumu odkrywa si\u0119 co\u015b nowego&#8230; to dzia\u0142a jak magnes. Urok, subtelny erotyzm, tajemniczo\u015b\u0107, \u015bwiadomo\u015b\u0107 muzyczna oraz spos\u00f3b interpretacji tekst\u00f3w sprawiaj\u0105, \u017ce p\u0142yta Agnieszki Chrzanowskiej jest zjawiskiem niespotykanym&#8230; Album zawiera r\u00f3wnie\u017c teledysk do \u201eBez udzia\u0142u gwiazd\u201d, pierwszego z utwor\u00f3w promuj\u0105cych p\u0142yt\u0119. W klipie, obok Agnieszki wyst\u0105pili Tomasz Kot oraz Edward Linde Lubaszenko. Utw\u00f3r ten od pierwszego tygodnia emisji zago\u015bci\u0142 na antenie Tr\u00f3jki oraz na Li\u015bcie Przeboj\u00f3w tej rozg\u0142o\u015bni.<\/p>\n<p>LUNCD441, 5900672924411<\/p>\n","protected":false},"excerpt":{"rendered":"<p>CD<\/p>\n<p>1. Bez udzia\u0142u gwiazd<br \/>\n2. Nie patrzy\u0142e\u015b na mnie wczoraj (patrz na mnie)<br \/>\n3. Jeszcze raz (m\u00f3j sad)<br \/>\n4. Kubeczek wody<br \/>\n5. Skarb (skarb \u017cycia)<br \/>\n6. \u017byczliwo\u015b\u0107 i sta\u0142o\u015b\u0107 ma\u0142\u017ce\u0144ska (jedno\u015b\u0107 i uczciwo\u015b\u0107 ma\u0142\u017ce\u0144ska)<br \/>\n7. Nie taka jak Ty<br \/>\n8. Mleczna Droga<br \/>\n9. Nie znajdziesz mnie (nie natrafisz na m\u00f3j \u015blad)<br \/>\n10. Noc po nocy<br \/>\n11. Szkoda s\u0142\u00f3w (szkoda zapomnianych s\u0142\u00f3w)<br \/>\n12. Tak wiele przeszk\u00f3d mi\u0119dzy nami (tak wiele przeszk\u00f3d)<br \/>\n13. Wielki Pan (Dom na skale)<br \/>\n14. Zakochany cie\u0144<br \/>\n15. Taki sen (jasny sen)<\/p>\n<p>DVD<\/p>\n<p>1. Mleczna Droga<br \/>\n2. Ca\u0142y \u015awiat p\u0142onie<br \/>\n3. Camille Claudel<br \/>\n4. Ob\u0142uda<br \/>\n5. Panie nasz<br \/>\n6. Delikatnie poprzez wiatr<br \/>\n7. Zakocha\u0142y si\u0119 ch\u0142opaki<br \/>\n8. Ulica Rajska<br \/>\n9. Moj\u017cesz<br \/>\n10. Skarb (skarb \u017cycia)<br \/>\n11. Teledysk \u2013 Bez udzia\u0142u gwiazd<\/p>\n","protected":false},"featured_media":1027,"comment_status":"open","ping_status":"closed","template":"","meta":[],"product_brand":[],"product_cat":[32,17,58,1055],"product_tag":[132],"class_list":{"0":"post-776","1":"product","2":"type-product","3":"status-publish","4":"has-post-thumbnail","6":"product_cat-aktorska","7":"product_cat-cd","8":"product_cat-dvd","9":"product_cat-poetycka","10":"product_tag-agnieszka-chrzanowska","12":"first","13":"instock","14":"taxable","15":"shipping-taxable","16":"purchasable","17":"product-type-simple"},"_links":{"self":[{"href":"https:\/\/lunamusic.pl\/sklepluna\/wp-json\/wp\/v2\/product\/776","targetHints":{"allow":["GET"]}}],"collection":[{"href":"https:\/\/lunamusic.pl\/sklepluna\/wp-json\/wp\/v2\/product"}],"about":[{"href":"https:\/\/lunamusic.pl\/sklepluna\/wp-json\/wp\/v2\/types\/product"}],"replies":[{"embeddable":true,"href":"https:\/\/lunamusic.pl\/sklepluna\/wp-json\/wp\/v2\/comments?post=776"}],"wp:featuredmedia":[{"embeddable":true,"href":"https:\/\/lunamusic.pl\/sklepluna\/wp-json\/wp\/v2\/media\/1027"}],"wp:attachment":[{"href":"https:\/\/lunamusic.pl\/sklepluna\/wp-json\/wp\/v2\/media?parent=776"}],"wp:term":[{"taxonomy":"product_brand","embeddable":true,"href":"https:\/\/lunamusic.pl\/sklepluna\/wp-json\/wp\/v2\/product_brand?post=776"},{"taxonomy":"product_cat","embeddable":true,"href":"https:\/\/lunamusic.pl\/sklepluna\/wp-json\/wp\/v2\/product_cat?post=776"},{"taxonomy":"product_tag","embeddable":true,"href":"https:\/\/lunamusic.pl\/sklepluna\/wp-json\/wp\/v2\/product_tag?post=776"}],"curies":[{"name":"wp","href":"https:\/\/api.w.org\/{rel}","templated":true}]}}