{"id":76,"date":"2018-10-03T15:57:54","date_gmt":"2018-10-03T13:57:54","guid":{"rendered":"http:\/\/exbiuro.nazwa.pl\/sklep_luna\/produkt\/import-placeholder-for-308\/"},"modified":"2025-08-25T11:00:29","modified_gmt":"2025-08-25T09:00:29","slug":"nick-cave-w-moich-ramionach","status":"publish","type":"product","link":"https:\/\/lunamusic.pl\/sklepluna\/produkt\/nick-cave-w-moich-ramionach\/","title":{"rendered":"Nick Cave &#8211; W moich ramionach"},"content":{"rendered":"<p align=\"center\">P\u0142yta jest zapisem koncertu, kt\u00f3ry odby\u0142 si\u0119<br \/>\n14 marca 1999 roku w Teatrze Polskim we Wroc\u0142awiu<br \/>\npodczas 20 Jubileuszowego Przegl\u0105du Piosenki Aktorskiej<br \/>\n&#8222;Arty\u015bci Piosenki&#8221;.<\/p>\n<p>Premiera: <b>marzec 2001<\/b><br \/>\nReedycja: <b>kwiecie\u0144 2003<\/b><br \/>\nNagranie: w trakcie 20.PPA &#8211; Wroc\u0142aw, marzec 1999.<br \/>\nMonta\u017c i mastering: : Piotr Madejek, Tibo Sound Wroc\u0142aw<\/p>\n<p>LUNCD059-2, 5900672925920<\/p>\n","protected":false},"excerpt":{"rendered":"<p>1. W moich ramionach (Into My Arms) <b>S. Soyka \/ N. Cave<\/b> 5:13<br \/>\n2. \u015awi\u0119ty Huck (Saint Huck) <b>M. Lubomski<\/b> 9:43<br \/>\n3. Henry Lee <b>A. M. Jopek \/ M. Male\u0144czuk<\/b> 3:43<br \/>\n4. Deszczowy klaun (The Carny) <b>A. Matysiak<\/b> 7:14<br \/>\n5. Krwawa prawa d\u0142o\u0144 (Red Right Hand) <b>W. Waglewski<\/b> 7:20<br \/>\n6. Przekle\u0144stwo Millhaven (The Corse of Millhaven) <b>K. Preis<\/b> 6:38<br \/>\n7. Bar O Malley a (O Malley s Bar) <b>M. Dr\u0119\u017cek<\/b> 10:46<br \/>\n8. Krzes\u0142o \u0142aski (The Mercy Seat) <b>Kazik<\/b> 4:29<br \/>\n9. Tam, gdzie rosn\u0105 dzikie r\u00f3\u017ce (Where The Wild Roses Grow) <b>A. M. Jopek \/ M. Male\u0144czuk<\/b> 3:36<br \/>\n10. Pie\u015bn o p\u0142aczu (The Weeping Song) <b>S. Soyka \/ N. Cave<\/b> 5:03<\/p>\n<p>muzyka: <b>Nick Cave and Bad Seeds<\/b><br \/>\ntekst: <b>Nick Cave<\/b><\/p>\n<p>Utwory w przek\u0142adzie <b>Aleksandra i Romana Ko\u0142akowskich.<\/b><\/p>\n","protected":false},"featured_media":1084,"comment_status":"open","ping_status":"closed","template":"","meta":[],"product_brand":[],"product_cat":[32,17],"product_tag":[324,54,325,45,75,326,126,327,78,223],"class_list":{"0":"post-76","1":"product","2":"type-product","3":"status-publish","4":"has-post-thumbnail","6":"product_cat-aktorska","7":"product_cat-cd","8":"product_tag-a-matysiak","9":"product_tag-anna-maria-jopek","10":"product_tag-kazik","11":"product_tag-kinga-preis","12":"product_tag-maciej-malenczuk","13":"product_tag-mariusz-drezek","14":"product_tag-mariusz-lubomski","15":"product_tag-nick-cave","16":"product_tag-stanislaw-soyka","17":"product_tag-wojciech-waglewski","19":"first","20":"instock","21":"taxable","22":"shipping-taxable","23":"purchasable","24":"product-type-simple"},"_links":{"self":[{"href":"https:\/\/lunamusic.pl\/sklepluna\/wp-json\/wp\/v2\/product\/76","targetHints":{"allow":["GET"]}}],"collection":[{"href":"https:\/\/lunamusic.pl\/sklepluna\/wp-json\/wp\/v2\/product"}],"about":[{"href":"https:\/\/lunamusic.pl\/sklepluna\/wp-json\/wp\/v2\/types\/product"}],"replies":[{"embeddable":true,"href":"https:\/\/lunamusic.pl\/sklepluna\/wp-json\/wp\/v2\/comments?post=76"}],"wp:featuredmedia":[{"embeddable":true,"href":"https:\/\/lunamusic.pl\/sklepluna\/wp-json\/wp\/v2\/media\/1084"}],"wp:attachment":[{"href":"https:\/\/lunamusic.pl\/sklepluna\/wp-json\/wp\/v2\/media?parent=76"}],"wp:term":[{"taxonomy":"product_brand","embeddable":true,"href":"https:\/\/lunamusic.pl\/sklepluna\/wp-json\/wp\/v2\/product_brand?post=76"},{"taxonomy":"product_cat","embeddable":true,"href":"https:\/\/lunamusic.pl\/sklepluna\/wp-json\/wp\/v2\/product_cat?post=76"},{"taxonomy":"product_tag","embeddable":true,"href":"https:\/\/lunamusic.pl\/sklepluna\/wp-json\/wp\/v2\/product_tag?post=76"}],"curies":[{"name":"wp","href":"https:\/\/api.w.org\/{rel}","templated":true}]}}