{"id":74,"date":"2018-10-03T15:57:54","date_gmt":"2018-10-03T13:57:54","guid":{"rendered":"http:\/\/exbiuro.nazwa.pl\/sklep_luna\/produkt\/import-placeholder-for-289\/"},"modified":"2023-04-03T11:18:30","modified_gmt":"2023-04-03T09:18:30","slug":"rozni-wykonawcy-muzeum-wolnosci","status":"publish","type":"product","link":"https:\/\/lunamusic.pl\/sklepluna\/produkt\/rozni-wykonawcy-muzeum-wolnosci\/","title":{"rendered":"R\u00f3\u017cni Wykonawcy &#8211; Muzeum Wolno\u015bci"},"content":{"rendered":"<p>Jedno z najbardziej oczekiwanych wydarze\u0144 38. Przegl\u0105du Piosenki Aktorskiej \u2013 Koncert Galowy, \u201eMuzeum Wolno\u015bci\u201d \u2013 by\u0142 dzie\u0142em naj\u015bmielszego dzi\u015b w Polsce literackiego kabaretu i teatru \u2013 warszawskiego Po\u017car w Burdelu. Do sta\u0142ego sk\u0142adu Burdeltrupy do\u0142\u0105czyli specjalnie na t\u0119 okazj\u0119 Magdalena Cielecka, Maciej Stuhr, Magda Umer, Pablopavo, Anja Orthodox, Bartosz Porczyk, Marta Zi\u0119ba, Joanna Ewa Zaw\u0142ocka i Robal.<\/p>\n<p>Po\u017car w Burdelu to teatr i kabaret literacko-polityczny, czyli byt, jakiego w nadmiarze kabaret\u00f3w w naszym kraju dotkliwie brakuje. Je\u015bli kto\u015b si\u0119 spodziewa inteligencko-erudycyjnego, a przy tym rubasznego humoru uderzaj\u0105cego w tych, kt\u00f3rzy humoru nie maj\u0105, ten dobrze si\u0119 spodziewa.<\/p>\n<p>Ta historia dzieje si\u0119 w bli\u017cej nieokre\u015blonej przysz\u0142o\u015bci, w tytu\u0142owym muzeum. Po d\u0142ugotrwa\u0142ych i wyniszczaj\u0105cych protestach, powstaniach, wojnach \u2013 na \u015bwiecie nasta\u0142 Pok\u00f3j. W odbudowanej z ruin Polsce powstaj\u0105 kolejne Fabryki Patriot\u00f3w, dzi\u0119ki kt\u00f3rym znikn\u0119\u0142o bezrobocie, a wska\u017aniki dzietno\u015bci bij\u0105 rekordy. Po latach neoliberalnego wy\u015bcigu Polacy zwolnili, kultywuj\u0105 rodzinno\u015b\u0107, biesiadno\u015b\u0107, i wsp\u00f3lnot\u0119, kt\u00f3r\u0105 propaguj\u0105 nowe seriale, filmy i rocznicowe spektakle. Pozosta\u0142o\u015bci po dawnych zrywach, rekwizyty z upad\u0142ych teatr\u00f3w, podziemnych wytw\u00f3rni p\u0142ytowych i inne szcz\u0105tki rewolucji mo\u017cna ogl\u0105da\u0107 w Muzeum Wolno\u015bci.<\/p>\n<p>Nowoczesna ekspozycja nie tylko prezentuje r\u00f3\u017cne rodzaje wolno\u015bci: seksualnej, politycznej, artystycznej, ale pozwala te\u017c do\u015bwiadczy\u0107 walki o wolno\u015b\u0107. W dziale sztuki zaanga\u017cowanej, zwiedzaj\u0105cy mog\u0105 wzi\u0105\u0107 udzia\u0142 w strajku, wyg\u0142osi\u0107 przem\u00f3wienie na manifestacji pod sejmem, a nawet za\u015bpiewa\u0107 protest song z prawdziwymi aktorami zaanga\u017cowanymi, kt\u00f3rzy s\u0105 cz\u0119\u015bci\u0105 ekspozycji. Rekonstrukcje starych bunt\u00f3w ciesz\u0105 si\u0119 najwi\u0119ksz\u0105 popularno\u015bci\u0105, zw\u0142aszcza w\u015br\u00f3d m\u0142odych.<\/p>\n<p>Czy Wolno\u015b\u0107 uda si\u0119 zamkn\u0105\u0107 w Muzeum? Czy arty\u015bci umiej\u0105 \u015bni\u0107 o przysz\u0142o\u015bci? Czy muzyka potrafi wieszczy\u0107, a piosenka rozbudzi\u0107 g\u0142\u00f3d utopii? A mo\u017ce \u017cyjemy ju\u017c w przysz\u0142o\u015bci i innego ko\u0144ca \u015bwiata nie b\u0119dzie?<\/p>\n<p>LUNDVD423, 5900672924237<\/p>\n","protected":false},"excerpt":{"rendered":"<p>1. Szatan w Wilanowie (Micha\u0142 Walczak\/Maciej \u0141ubie\u0144ski ,Wiktor Stokowski)<br \/>\n2. Dzie\u0144, w kt\u00f3rym p\u0119k\u0142o niebo &#8211; Ryszard Riedel, Pawe\u0142 Berger<br \/>\n3. Sympathy for the devil &#8211; Mick Jagger, Keith Richards<br \/>\n4. Sp\u00f3\u017aniona rewolta (Micha\u0142 Walczak\/Maciej \u0141ubie\u0144ski ,Wiktor Stokowski)<br \/>\n5. Freedom &#8211; George Michael<br \/>\n6. Rogi (Micha\u0142 Walczak\/Maciej \u0141ubie\u0144ski Micha\u0142 G\u00f3rczy\u0144ski )<br \/>\n7. Hymn Muzeum Wolno\u015bci (Micha\u0142 Walczak\/Maciej \u0141ubie\u0144ski ,Wiktor Stokowski)<br \/>\n8. Orze\u0142 z czekolady\/ In vitro\/ Kuk\u0142a \u017cyda\/ Cz\u0142onek Borysewicza\/ Chleb\/ Meteor (Micha\u0142 Walczak\/Maciej \u0141ubie\u0144ski ,Wiktor Stokowski)<br \/>\n9. Ka\u017cdy by\u0142 kiedy\u015b punkiem albo skinem Micha\u0142 Walczak\/Maciej \u0141ubie\u0144ski Micha\u0142 G\u00f3rczy\u0144ski )<br \/>\n10. Ukulele protest song Micha\u0142 Walczak\/Maciej \u0141ubie\u0144ski Micha\u0142 G\u00f3rczy\u0144ski )<br \/>\n11. Podziemna Warszawa (Micha\u0142 Walczak\/Maciej \u0141ubie\u0144ski ,Wiktor Stokowski)<br \/>\n12. Ku przysz\u0142o\u015bci &#8211; Krzysztof Grabowski, Robert Matera<br \/>\n13. Pie\u015b\u0144 konfederat\u00f3w barskich &#8211; Juliusz S\u0142owacki, Andrzej Kurylewicz<br \/>\n14. Neorodzina (Micha\u0142 Walczak\/Maciej \u0141ubie\u0144ski ,Wiktor Stokowski)<br \/>\n15. Amy &#8211; Maria Peszek<br \/>\n16. Cukier laktoza gluten (Micha\u0142 Walczak\/Maciej \u0141ubie\u0144ski ,Wiktor Stokowski)<br \/>\n17. Nie ma jak u mamy &#8211; Wojciech M\u0142ynarski<br \/>\n18. Papie\u017c najlepszym przyjacielem kobiety Micha\u0142 Walczak\/Maciej \u0141ubie\u0144ski Micha\u0142 G\u00f3rczy\u0144ski )<br \/>\n19. Dopalacze &#8211; Bartosz Porczyk<br \/>\n20. Rozwied\u017a si\u0119(Micha\u0142 Walczak\/Maciej \u0141ubie\u0144ski\/Lena Pi\u0119kniewska , Wiktor Stokowski\/Lena Pi\u0119kniewska)<br \/>\n21. Podpalacz t\u0119czy \u2013 Maciej \u0141ubie\u0144ski<br \/>\n22. \u017belazne waginy ( Micha\u0142 Walczak\/Maciej \u0141ubie\u0144ski Micha\u0142 G\u00f3rczy\u0144ski )<br \/>\n23. Droga wojownika \u2013 Pawe\u0142 Rozwadowski, Deuter,<br \/>\n24. \u017beby Polska &#8211; Jan Pietrzak, W\u0142odzimierz Korcz<br \/>\n25. Wolno\u015b\u0107 &#8211; Marcin Miller<br \/>\n26. Kocham wolno\u015b\u0107 &#8211; Bogdan \u0141yszkiewicz<br \/>\n27. Po co wolno\u015b\u0107 &#8211; Kazik Staszewski<br \/>\n28. Karnawa\u0142 raz w \u017cyciu &#8211; Agnieszka Osiecka, Jacek Miku\u0142a<br \/>\n29. \u015awiecka Teresa (Micha\u0142 Walczak\/Maciej \u0141ubie\u0144ski ,Wiktor Stokowski)<br \/>\n30. Rocznik 89 &#8211; Pawe\u0142 Tur<br \/>\n31. Wa\u0142\u0119sa (Micha\u0142 Walczak\/Maciej \u0141ubie\u0144ski ,Wiktor Stokowski)<br \/>\n32. Polak w kosmosie (Micha\u0142 Walczak\/Maciej \u0141ubie\u0144ski ,Wiktor Stokowski)<br \/>\n33. Obcy astronom &#8211; Grzegorz Ciechowski<br \/>\n34. Gdzie ko\u0144czy si\u0119 Odry dno (Micha\u0142 Walczak\/Maciej \u0141ubie\u0144ski ,Wiktor Stokowski)<br \/>\n35. Jaka to melodia (Micha\u0142 Walczak\/Maciej \u0141ubie\u0144ski ,Wiktor Stokowski)<br \/>\n36. W moim kraju &#8211; Anja Orthodox<br \/>\n37. Ostatni hetero \u2013 Maciej \u0141ubie\u0144ski<br \/>\n38. Ju\u017c szumi\u0105 kasztany &#8211; Andrzej Wojciechowski, Krzysztof Knittel<br \/>\n39. Szczury w klatce (Micha\u0142 Walczak\/Maciej \u0141ubie\u0144ski ,Wiktor Stokowski<br \/>\n40. Jeszcze w zielone gramy &#8211; Wojciech M\u0142ynarski, Jerzy Matuszkiewicz<br \/>\n41. A my nie chcemy ucieka\u0107 st\u0105d &#8211; Jacek Kaczmarski, Przemys\u0142aw Gintrowski<br \/>\n42. Jezus Kr\u00f3l \u015awiata (Micha\u0142 Walczak\/Maciej \u0141ubie\u0144ski ,Wiktor Stokowski)<br \/>\n43. Gard\u0142a na ulice (Micha\u0142 Walczak\/Maciej \u0141ubie\u0144ski Micha\u0142 G\u00f3rczy\u0144ski )<br \/>\n44. Burdel &#8211; Krzysztof Grabowski, Robert Matera<br \/>\n45. Tch\u00f3rze &#8211; Krzysztof Grabowski, Robert Matera<br \/>\n46. Kultura (Micha\u0142 Walczak\/Maciej \u0141ubie\u0144ski ,Wiktor Stokowski)<\/p>\n","protected":false},"featured_media":1147,"comment_status":"open","ping_status":"closed","template":"","meta":[],"product_brand":[],"product_cat":[32,58],"product_tag":[309,310,311,153,312,313,314,315,316,317,318,319,320,321,322,323],"class_list":{"0":"post-74","1":"product","2":"type-product","3":"status-publish","4":"has-post-thumbnail","6":"product_cat-aktorska","7":"product_cat-dvd","8":"product_tag-agnieszka-przepiorska","9":"product_tag-andrzej-konopka","10":"product_tag-anja-orthodox","11":"product_tag-bartosz-porczyk","12":"product_tag-joanna-ewa-zawlocka","13":"product_tag-karolina-czarnecka","14":"product_tag-lena-bem","15":"product_tag-maciej-stuhr","16":"product_tag-magda-umer","17":"product_tag-magdalena-cielecka","18":"product_tag-mariusz-laskowski","19":"product_tag-marta-zieba","20":"product_tag-monika-babula","21":"product_tag-pablopavo","22":"product_tag-robert-matera","23":"product_tag-tomasz-drabek","25":"first","26":"instock","27":"taxable","28":"shipping-taxable","29":"purchasable","30":"product-type-simple"},"_links":{"self":[{"href":"https:\/\/lunamusic.pl\/sklepluna\/wp-json\/wp\/v2\/product\/74","targetHints":{"allow":["GET"]}}],"collection":[{"href":"https:\/\/lunamusic.pl\/sklepluna\/wp-json\/wp\/v2\/product"}],"about":[{"href":"https:\/\/lunamusic.pl\/sklepluna\/wp-json\/wp\/v2\/types\/product"}],"replies":[{"embeddable":true,"href":"https:\/\/lunamusic.pl\/sklepluna\/wp-json\/wp\/v2\/comments?post=74"}],"wp:featuredmedia":[{"embeddable":true,"href":"https:\/\/lunamusic.pl\/sklepluna\/wp-json\/wp\/v2\/media\/1147"}],"wp:attachment":[{"href":"https:\/\/lunamusic.pl\/sklepluna\/wp-json\/wp\/v2\/media?parent=74"}],"wp:term":[{"taxonomy":"product_brand","embeddable":true,"href":"https:\/\/lunamusic.pl\/sklepluna\/wp-json\/wp\/v2\/product_brand?post=74"},{"taxonomy":"product_cat","embeddable":true,"href":"https:\/\/lunamusic.pl\/sklepluna\/wp-json\/wp\/v2\/product_cat?post=74"},{"taxonomy":"product_tag","embeddable":true,"href":"https:\/\/lunamusic.pl\/sklepluna\/wp-json\/wp\/v2\/product_tag?post=74"}],"curies":[{"name":"wp","href":"https:\/\/api.w.org\/{rel}","templated":true}]}}