{"id":610,"date":"2019-04-16T08:54:58","date_gmt":"2019-04-16T06:54:58","guid":{"rendered":"http:\/\/exbiuro.nazwa.pl\/sklep_luna\/produkt\/import-placeholder-for-1393\/"},"modified":"2020-04-08T12:48:49","modified_gmt":"2020-04-08T10:48:49","slug":"dice-stara-historia","status":"publish","type":"product","link":"https:\/\/lunamusic.pl\/sklepluna\/produkt\/dice-stara-historia\/","title":{"rendered":"Dice &#8211; Stara Historia"},"content":{"rendered":"<p>&#8222;Stara Historia&#8221; to debiutancki album stargardzkiego zespo\u0142u Dice. Na p\u0142ycie znajduje si\u0119 10 autorskich utwor\u00f3w zespo\u0142u. P\u0142yta trwa ponad 50 minut i wype\u0142niona jest klasycznym, bezkompromisowym hard rockiem w nowoczesnym wydaniu. Dice, w sk\u0142adzie: \u0141ukasz Przybylski &#8211; gitara &amp; wokal, Karol Przybylski &#8211; gitara basowa, Mateusz Szeremeta &#8211; perkusja, Marcin Bagi\u0144ski &#8211; gitara, nagrali p\u0142yt\u0119 w Red Studio w Morzyczynie. Nagrania odbywa\u0142y si\u0119 w sierpniu i wrze\u015bniu 2012r. Materia\u0142, kt\u00f3ry znalaz\u0142 si\u0119 na p\u0142ycie to utwory Dice z przekroju 6-ciu lat istnienia zespo\u0142u. &#8222;Produkcj\u0105 p\u0142yty zaj\u0119li si\u0119 Piotr &#8222;Pith&#8221; Wilko\u0144ski i Dice.. Za miks i mastering tak\u017ce odpowiada Piotr &#8222;Pith&#8221; Wilko\u0144ski.<\/p>\n","protected":false},"excerpt":{"rendered":"<p>1. Oko za oko<br \/>\n2. Kr\u0119\u0107, kr\u0119\u0107,kr\u0119\u0107<br \/>\n3. Ludzki strz\u0119p<br \/>\n4. Za zab\u00f3j<br \/>\n5. Ca\u0142a Ty<br \/>\n6. Znikaj!<br \/>\n7. Stara historia<br \/>\n8. Spektakl<br \/>\n9. Op\u0119tany (feat. Pith)<br \/>\n10. Anhedonia<\/p>\n<p>&nbsp;<\/p>\n","protected":false},"featured_media":1098,"comment_status":"open","ping_status":"closed","template":"","meta":[],"product_brand":[],"product_cat":[17,1195],"product_tag":[21],"class_list":{"0":"post-610","1":"product","2":"type-product","3":"status-publish","4":"has-post-thumbnail","6":"product_cat-cd","7":"product_cat-rock","8":"product_tag-dice","10":"first","11":"instock","12":"taxable","13":"shipping-taxable","14":"purchasable","15":"product-type-simple"},"_links":{"self":[{"href":"https:\/\/lunamusic.pl\/sklepluna\/wp-json\/wp\/v2\/product\/610","targetHints":{"allow":["GET"]}}],"collection":[{"href":"https:\/\/lunamusic.pl\/sklepluna\/wp-json\/wp\/v2\/product"}],"about":[{"href":"https:\/\/lunamusic.pl\/sklepluna\/wp-json\/wp\/v2\/types\/product"}],"replies":[{"embeddable":true,"href":"https:\/\/lunamusic.pl\/sklepluna\/wp-json\/wp\/v2\/comments?post=610"}],"wp:featuredmedia":[{"embeddable":true,"href":"https:\/\/lunamusic.pl\/sklepluna\/wp-json\/wp\/v2\/media\/1098"}],"wp:attachment":[{"href":"https:\/\/lunamusic.pl\/sklepluna\/wp-json\/wp\/v2\/media?parent=610"}],"wp:term":[{"taxonomy":"product_brand","embeddable":true,"href":"https:\/\/lunamusic.pl\/sklepluna\/wp-json\/wp\/v2\/product_brand?post=610"},{"taxonomy":"product_cat","embeddable":true,"href":"https:\/\/lunamusic.pl\/sklepluna\/wp-json\/wp\/v2\/product_cat?post=610"},{"taxonomy":"product_tag","embeddable":true,"href":"https:\/\/lunamusic.pl\/sklepluna\/wp-json\/wp\/v2\/product_tag?post=610"}],"curies":[{"name":"wp","href":"https:\/\/api.w.org\/{rel}","templated":true}]}}