{"id":546,"date":"2019-04-16T08:54:29","date_gmt":"2019-04-16T06:54:29","guid":{"rendered":"http:\/\/exbiuro.nazwa.pl\/sklep_luna\/produkt\/import-placeholder-for-1258\/"},"modified":"2020-04-06T11:35:27","modified_gmt":"2020-04-06T09:35:27","slug":"mariusz-kiljan-tribute-to-sting","status":"publish","type":"product","link":"https:\/\/lunamusic.pl\/sklepluna\/produkt\/mariusz-kiljan-tribute-to-sting\/","title":{"rendered":"Mariusz Kiljan &#8211; Tribute to Sting"},"content":{"rendered":"<p>W 1994 roku <b>Mariusz Kiljan<\/b> zosta\u0142 laureatem Przegl\u0105du Piosenki Aktorskiej we Wroc\u0142awiu, za wykonanie w\u0142asnej wersji piosenki Stinga pt. &#8222;Ksi\u0119\u017cyc nad Burbon Street&#8221;. Ten sukces zainspirowa\u0142 m\u0142odego wroc\u0142awskiego artyst\u0119 do przygotowania recitalu opartego na piosenkach by\u0142ego lidera Police. Ich niepowtarzalny klimat wspaniale oddaj\u0105 polskie t\u0142umaczenia tekst\u00f3w autorstwa Piotra Zazuli i bogate aran\u017cacje Tomasza \u0141uca. W 1996 recital utrwalili\u015bmy na p\u0142ycie, kt\u00f3r\u0105 dzisiaj Pa\u0144stwu prezentujemy.<\/p>\n<p><b>Mariusz Kiljan<\/b> \u015bpiewa przy akompaniamencie:<\/p>\n<p><b>Adam Skrzypek<\/b> &#8211; <i>kontrabas<\/i><br \/>\n<b>Robert Szyd\u0142o<\/b> &#8211; <i>gitara basowa<\/i><br \/>\n<b>Jerzy G\u0142\u00f3wczewski<\/b> &#8211; <i>saksofon sopranowy, altowy<\/i><br \/>\n<b>Darek Kaliszuk<\/b> &#8211; <i>perkusja<\/i><br \/>\n<b>Igor Cecocho<\/b> &#8211; <i>flugel horn<\/i><br \/>\n<b>Tomasz \u0141uc<\/b> &#8211; <i>gitary, fortepian, keybord<\/i><br \/>\n<b>Marek Markowski<\/b> &#8211; <i>fortepian<\/i><br \/>\n<b>Ma\u0142gorzata Kogut<\/b> &#8211; <i>ch\u00f3rki, \u015bpiew, skrzypce<\/i><br \/>\n<b>Mariusz Nowak<\/b> &#8211; <i>ro\u017cek angielski<\/i><\/p>\n<p>Kwartet smyczkowy<\/p>\n<p><b>Tymoteusz Rapak<\/b> &#8211; <i>1 skrzypce<\/i><br \/>\n<b>Waldemar Goli\u0144ski<\/b> &#8211; <i>2 skrzypce<\/i><br \/>\n<b>Ireneusz Rapak<\/b> &#8211; <i>alt\u00f3wka<\/i><br \/>\n<b>Agnieszka \u017bygad\u0142o<\/b> &#8211; <i>wiolonczela<\/i><\/p>\n","protected":false},"excerpt":{"rendered":"<p>Fields of Gold &#8211; &#8222;Z\u0142oty Py\u0142&#8221;<br \/>\nMoon Over Burbon Street &#8211; &#8222;Ksi\u0119\u017cyc Nad Burbon Street&#8221;<br \/>\nEverybody Loved, But You &#8211; &#8222;Wszyscy \u015amiali si\u0119, Ty Nie&#8221;<br \/>\nFragile &#8211; &#8222;Krucho\u015b\u0107&#8221;<br \/>\nSeven Day s &#8211; &#8222;Siedem Dni&#8221;<br \/>\nMad about You &#8211; &#8222;Chc\u0119 Tylko Ciebie&#8221;<br \/>\nThe Secret Marriage &#8211; &#8222;Tajemne Ma\u0142\u017ce\u0144stwo&#8221;<br \/>\nIf You Love Somebody Set Them Free &#8211; &#8222;Je\u015bli Kochasz Kogo\u015b, Uwolnij Go&#8221;<br \/>\nIts Probably Me &#8211; &#8222;To Chyba Ja&#8221;<br \/>\nShape Of My Heart &#8211; &#8222;Kszta\u0142t Mojego Serca&#8221;<br \/>\nEnglishman In New York &#8211; &#8222;Anglik w Nowym Jorku&#8221;<br \/>\nThe Final Take Of &#8211; Muz. P. Zazula dla Stinga<\/p>\n<p>&nbsp;<\/p>\n","protected":false},"featured_media":1050,"comment_status":"open","ping_status":"closed","template":"","meta":[],"product_brand":[],"product_cat":[17,1146],"product_tag":[1183,1184,1185,1186,1187,117,1188,1189,70,1190,129,1191,1192,1193,1194],"class_list":{"0":"post-546","1":"product","2":"type-product","3":"status-publish","4":"has-post-thumbnail","6":"product_cat-cd","7":"product_cat-pop","8":"product_tag-adam-skrzypek","9":"product_tag-agnieszka-zygadlo","10":"product_tag-darek-kaliszuk","11":"product_tag-igor-cecocho","12":"product_tag-ireneusz-rapak","13":"product_tag-jerzy-glowczewski","14":"product_tag-malgorzata-kogut","15":"product_tag-marek-markowski","16":"product_tag-mariusz-kiljan","17":"product_tag-mariusz-nowak","18":"product_tag-robert-szydlo","19":"product_tag-sting","20":"product_tag-tomasz-luc","21":"product_tag-tymoteusz-rapak","22":"product_tag-waldemar-golinski","24":"first","25":"outofstock","26":"taxable","27":"shipping-taxable","28":"purchasable","29":"product-type-simple"},"_links":{"self":[{"href":"https:\/\/lunamusic.pl\/sklepluna\/wp-json\/wp\/v2\/product\/546","targetHints":{"allow":["GET"]}}],"collection":[{"href":"https:\/\/lunamusic.pl\/sklepluna\/wp-json\/wp\/v2\/product"}],"about":[{"href":"https:\/\/lunamusic.pl\/sklepluna\/wp-json\/wp\/v2\/types\/product"}],"replies":[{"embeddable":true,"href":"https:\/\/lunamusic.pl\/sklepluna\/wp-json\/wp\/v2\/comments?post=546"}],"wp:featuredmedia":[{"embeddable":true,"href":"https:\/\/lunamusic.pl\/sklepluna\/wp-json\/wp\/v2\/media\/1050"}],"wp:attachment":[{"href":"https:\/\/lunamusic.pl\/sklepluna\/wp-json\/wp\/v2\/media?parent=546"}],"wp:term":[{"taxonomy":"product_brand","embeddable":true,"href":"https:\/\/lunamusic.pl\/sklepluna\/wp-json\/wp\/v2\/product_brand?post=546"},{"taxonomy":"product_cat","embeddable":true,"href":"https:\/\/lunamusic.pl\/sklepluna\/wp-json\/wp\/v2\/product_cat?post=546"},{"taxonomy":"product_tag","embeddable":true,"href":"https:\/\/lunamusic.pl\/sklepluna\/wp-json\/wp\/v2\/product_tag?post=546"}],"curies":[{"name":"wp","href":"https:\/\/api.w.org\/{rel}","templated":true}]}}