{"id":526,"date":"2019-04-16T08:54:19","date_gmt":"2019-04-16T06:54:19","guid":{"rendered":"http:\/\/exbiuro.nazwa.pl\/sklep_luna\/produkt\/import-placeholder-for-1145\/"},"modified":"2023-03-30T13:35:58","modified_gmt":"2023-03-30T11:35:58","slug":"katarzyna-groniec-na-zywo-2","status":"publish","type":"product","link":"https:\/\/lunamusic.pl\/sklepluna\/produkt\/katarzyna-groniec-na-zywo-2\/","title":{"rendered":"Katarzyna Groniec &#8211; Na \u017cywo"},"content":{"rendered":"<p>&#8222;Katarzyna Groniec &#8211; na \u017cywo&#8221;<br \/>\nto pierwsza p\u0142yta w dorobku artystki b\u0119d\u0105ca zapisem audio jej spotka\u0144 z publiczno\u015bci\u0105. Nagra\u0144 dokonano podczas wyst\u0119pu w Szczecinie wiosn\u0105 tego roku. Na podw\u00f3jnym albumie znalaz\u0142y si\u0119 zar\u00f3wno wersje koncertowe piosenek z ostatniego kr\u0105\u017cka &#8211; \u201ePrzypadki\u201d, jak i utwory ukazuj\u0105ce Katarzyn\u0119 Groniec w wydaniu kabaretowym.<\/p>\n<p>LUNCD290, 5900672922905<\/p>\n","protected":false},"excerpt":{"rendered":"<p>P\u0142yta 1<br \/>\n1) Podobno gdzie\u015b istnieje (muz. K. Groniec, s\u0142. J. Bo\u0144czyk)<br \/>\n2) B\u0119d\u0119 z tob\u0105 (muz. P. Dziubek, s\u0142. K. Groniec)<br \/>\n3) Poniedzia\u0142ek (muz. i s\u0142. K. Groniec)<br \/>\n4) Mamo (muz. P. Dziubek, s\u0142. K. Groniec)<br \/>\n5) Jef (muz. J. Brel, t\u0142umaczenie W. M\u0142ynarski)<br \/>\n6) Amsterdam (muz. J. Brel, t\u0142umaczenie W. M\u0142ynarski)<br \/>\n7) Cielesna edukacja (muz. P. Dziubek, s\u0142. K. Groniec)<br \/>\n8) Nie walcz (muz. P. Dziubek, s\u0142. K. Groniec)<br \/>\n9) Pytania do Ka (muz. P. Dziubek, s\u0142. K. Groniec)<\/p>\n<p>P\u0142yta 2<br \/>\n1) Przyjaci\u00f3\u0142ki (M. Spoliansky, M. Schiffer, t\u0142umaczenie M. Sosnowski)<br \/>\n2) Bigotki (muz. J. Brel, t\u0142umaczenie W. M\u0142ynarski)<br \/>\n3) Wyrzuci\u0107 m\u0119\u017cczyzn 2.55 (F. Hollender, t\u0142umaczenie M. Sosnowski)<br \/>\n4) Alabama song (K. Weill, B. Brecht, t\u0142umaczenie J. St. Buras)<br \/>\n5) Milleheaven (muz. Nick Cave, t\u0142umaczenie R. Ko\u0142akowski)<br \/>\n6) Jenny piratka czyli marzenia pomywaczki (muz. K. Weill B. Brecht, t\u0142umaczenie R. Ko\u0142akowski)<br \/>\n7) Tamta kobieta (muz. P. Dziubek, s\u0142. K. Groniec)<br \/>\n8) Code (muz. P. Dziubek, s\u0142. K. Groniec)<br \/>\n9) Krzy\u017c\u00f3wka (Marian Hemar)<br \/>\n10) Youkali (K. Weill, R. Fernay, s\u0142owa polskie R.Dziwisz)<br \/>\n11) Przedostatni walc (muz. Janusz Sent, s\u0142. Wojciech M\u0142ynarski)<\/p>\n<p>&nbsp;<\/p>\n<p>&nbsp;<\/p>\n","protected":false},"featured_media":486,"comment_status":"open","ping_status":"closed","template":"","meta":[],"product_brand":[],"product_cat":[17,1055],"product_tag":[146],"class_list":{"0":"post-526","1":"product","2":"type-product","3":"status-publish","4":"has-post-thumbnail","6":"product_cat-cd","7":"product_cat-poetycka","8":"product_tag-katarzyna-groniec","10":"first","11":"instock","12":"taxable","13":"shipping-taxable","14":"purchasable","15":"product-type-simple"},"_links":{"self":[{"href":"https:\/\/lunamusic.pl\/sklepluna\/wp-json\/wp\/v2\/product\/526","targetHints":{"allow":["GET"]}}],"collection":[{"href":"https:\/\/lunamusic.pl\/sklepluna\/wp-json\/wp\/v2\/product"}],"about":[{"href":"https:\/\/lunamusic.pl\/sklepluna\/wp-json\/wp\/v2\/types\/product"}],"replies":[{"embeddable":true,"href":"https:\/\/lunamusic.pl\/sklepluna\/wp-json\/wp\/v2\/comments?post=526"}],"wp:featuredmedia":[{"embeddable":true,"href":"https:\/\/lunamusic.pl\/sklepluna\/wp-json\/wp\/v2\/media\/486"}],"wp:attachment":[{"href":"https:\/\/lunamusic.pl\/sklepluna\/wp-json\/wp\/v2\/media?parent=526"}],"wp:term":[{"taxonomy":"product_brand","embeddable":true,"href":"https:\/\/lunamusic.pl\/sklepluna\/wp-json\/wp\/v2\/product_brand?post=526"},{"taxonomy":"product_cat","embeddable":true,"href":"https:\/\/lunamusic.pl\/sklepluna\/wp-json\/wp\/v2\/product_cat?post=526"},{"taxonomy":"product_tag","embeddable":true,"href":"https:\/\/lunamusic.pl\/sklepluna\/wp-json\/wp\/v2\/product_tag?post=526"}],"curies":[{"name":"wp","href":"https:\/\/api.w.org\/{rel}","templated":true}]}}