{"id":462,"date":"2019-04-04T09:03:09","date_gmt":"2019-04-04T07:03:09","guid":{"rendered":"http:\/\/exbiuro.nazwa.pl\/sklep_luna\/produkt\/import-placeholder-for-1155\/"},"modified":"2023-03-30T13:38:05","modified_gmt":"2023-03-30T11:38:05","slug":"katarzyna-groniec-przypadki","status":"publish","type":"product","link":"https:\/\/lunamusic.pl\/sklepluna\/produkt\/katarzyna-groniec-przypadki\/","title":{"rendered":"Katarzyna Groniec &#8211; Przypadki"},"content":{"rendered":"<p>Tak o p\u0142ycie m\u00f3wi Katarzyna Groniec:<\/p>\n<p>&#8222;P\u0142yta &#8222;Przypadki&#8221; to rzeczywisto\u015b\u0107.przeplatana fikcj\u0105. Dwana\u015bcie piosenek .<\/p>\n<p>Dziesi\u0119\u0107 pomi\u0119dzy pierwsz\u0105 i ostatni\u0105, kt\u00f3ra jest bardziej cod\u0105 ni\u017c piosenk\u0105 inspirowanych by\u0142o dekalogiem pojmowanym niejako w opozycji do zasad w nim zawartych. Nie zabijaj &#8211; nie traktuje wi\u0119c o \u015bmierci cielesnej a raczej o zatracaniu siebie w drugim cz\u0142owieku. Nie m\u00f3w fa\u0142szywego \u015bwiadectwa prowokuje wyznanie przywi\u0105zania do k\u0142amstwa, a najbardziej \u015bwi\u0119tym dniem<br \/>\nokazuje si\u0119 poniedzia\u0142ek. Od pierwszych d\u017awi\u0119k\u00f3w i s\u0142\u00f3w, kt\u00f3re zosta\u0142y&#8221;<\/p>\n<p>LUNCD291, 5900672922912<\/p>\n","protected":false},"excerpt":{"rendered":"<p>1. Podobno gdzie\u015b istnieje<br \/>\n2. B\u0119d\u0119 z Tob\u0105<br \/>\n3. Czas<br \/>\n4. Poniedzia\u0142ek<br \/>\n5. Mamo<br \/>\n6. Nie zabijaj<br \/>\n7. Cielesna Edukacja<br \/>\n8. Pytania do Ka<br \/>\n9. Nie walcz<br \/>\n10. Internet<br \/>\n11. Tamta Kobieta<br \/>\n12. Code<\/p>\n<p>&nbsp;<\/p>\n","protected":false},"featured_media":491,"comment_status":"open","ping_status":"closed","template":"","meta":[],"product_brand":[],"product_cat":[17,1055],"product_tag":[146],"class_list":{"0":"post-462","1":"product","2":"type-product","3":"status-publish","4":"has-post-thumbnail","6":"product_cat-cd","7":"product_cat-poetycka","8":"product_tag-katarzyna-groniec","10":"first","11":"instock","12":"taxable","13":"shipping-taxable","14":"purchasable","15":"product-type-simple"},"_links":{"self":[{"href":"https:\/\/lunamusic.pl\/sklepluna\/wp-json\/wp\/v2\/product\/462","targetHints":{"allow":["GET"]}}],"collection":[{"href":"https:\/\/lunamusic.pl\/sklepluna\/wp-json\/wp\/v2\/product"}],"about":[{"href":"https:\/\/lunamusic.pl\/sklepluna\/wp-json\/wp\/v2\/types\/product"}],"replies":[{"embeddable":true,"href":"https:\/\/lunamusic.pl\/sklepluna\/wp-json\/wp\/v2\/comments?post=462"}],"wp:featuredmedia":[{"embeddable":true,"href":"https:\/\/lunamusic.pl\/sklepluna\/wp-json\/wp\/v2\/media\/491"}],"wp:attachment":[{"href":"https:\/\/lunamusic.pl\/sklepluna\/wp-json\/wp\/v2\/media?parent=462"}],"wp:term":[{"taxonomy":"product_brand","embeddable":true,"href":"https:\/\/lunamusic.pl\/sklepluna\/wp-json\/wp\/v2\/product_brand?post=462"},{"taxonomy":"product_cat","embeddable":true,"href":"https:\/\/lunamusic.pl\/sklepluna\/wp-json\/wp\/v2\/product_cat?post=462"},{"taxonomy":"product_tag","embeddable":true,"href":"https:\/\/lunamusic.pl\/sklepluna\/wp-json\/wp\/v2\/product_tag?post=462"}],"curies":[{"name":"wp","href":"https:\/\/api.w.org\/{rel}","templated":true}]}}