{"id":441,"date":"2019-04-04T09:03:04","date_gmt":"2019-04-04T07:03:04","guid":{"rendered":"http:\/\/exbiuro.nazwa.pl\/sklep_luna\/produkt\/import-placeholder-for-1082\/"},"modified":"2020-04-02T13:50:38","modified_gmt":"2020-04-02T11:50:38","slug":"accessory-to-armageddon-the-7th-floor","status":"publish","type":"product","link":"https:\/\/lunamusic.pl\/sklepluna\/produkt\/accessory-to-armageddon-the-7th-floor\/","title":{"rendered":"Accessory To Armageddon &#8211; The 7th Floor"},"content":{"rendered":"<p>Muzyka Accessory To Armageddon czerpie z brzmie\u0144 trip hopu, dark ambientu i bogatej przestrzeni muzyki elektronicznej.<\/p>\n<p>Zesp\u00f3\u0142 powsta\u0142 na pocz\u0105tku 2012 roku. Jego pomys\u0142odawcami byli Krzysztof Warzecha oraz Marcin Maksymiec, do kt\u00f3rych do\u0142\u0105czy\u0142a wokalistka Aleksandra Kuna. Pocz\u0105tkowe poszukiwania muzyczne zaowocowa\u0142y publikacj\u0105 kilku utwor\u00f3w, z kt\u00f3rych kompozycja &#8222;Staring At&#8221; (tekst: Marcin Maksymiec, muzyka: Krzysztof Warzecha) zyska\u0142a najwi\u0119ksze zainteresowanie i zaowocowa\u0142a obecno\u015bci\u0105 zespo\u0142u w lokalnych stacjach radiowych oraz wsp\u00f3\u0142prac\u0105 z Moshic&#8217;kiem &#8211; znanym tw\u00f3rc\u0105 progressive house.<\/p>\n<p>Owocem tej wsp\u00f3\u0142pracy sta\u0142 si\u0119 utw\u00f3r &#8222;Walk With Me Today&#8221;, b\u0119d\u0105cy remiksem &#8222;Staring At&#8221; i opublikowanym zar\u00f3wno na sz\u00f3stym albumie Moshica zatytu\u0142owanym &#8222;MASA&#8221; (Contrast Records 2012) oraz na debiutanckiej p\u0142ycie zespo\u0142u, zatytu\u0142owanej &#8222;The 7th Floor&#8221; (Luna Music 2012), kt\u00f3rej premiera odb\u0119dzie si\u0119 21. grudnia 2012 roku.<\/p>\n<p>Obecny sk\u0142ad zespo\u0142u:<br \/>\nAleksandra Kuna &#8211; wokal<br \/>\nWaldemar \u015amiertka &#8211; gitara basowa, produkcja<br \/>\nMarcin Maksymiec &#8211; synteza, produkcja<\/p>\n","protected":false},"excerpt":{"rendered":"<p>1. Staring At<br \/>\n2. Paper Wings<br \/>\n3. Fetish<br \/>\n4. Another Man<br \/>\n5. Armageddon<br \/>\n6. A New Place<br \/>\n7. Walking With Me Today (by Moshic)<\/p>\n","protected":false},"featured_media":1029,"comment_status":"open","ping_status":"closed","template":"","meta":[],"product_brand":[],"product_cat":[17,896],"product_tag":[938,1043,1044,1045],"class_list":{"0":"post-441","1":"product","2":"type-product","3":"status-publish","4":"has-post-thumbnail","6":"product_cat-cd","7":"product_cat-nowe-brzmienia","8":"product_tag-accessory-to-armageddon","9":"product_tag-aleksandra-kuna","10":"product_tag-marcin-maksymiec","11":"product_tag-waldemar-smiertka","13":"first","14":"instock","15":"taxable","16":"shipping-taxable","17":"purchasable","18":"product-type-simple"},"_links":{"self":[{"href":"https:\/\/lunamusic.pl\/sklepluna\/wp-json\/wp\/v2\/product\/441","targetHints":{"allow":["GET"]}}],"collection":[{"href":"https:\/\/lunamusic.pl\/sklepluna\/wp-json\/wp\/v2\/product"}],"about":[{"href":"https:\/\/lunamusic.pl\/sklepluna\/wp-json\/wp\/v2\/types\/product"}],"replies":[{"embeddable":true,"href":"https:\/\/lunamusic.pl\/sklepluna\/wp-json\/wp\/v2\/comments?post=441"}],"wp:featuredmedia":[{"embeddable":true,"href":"https:\/\/lunamusic.pl\/sklepluna\/wp-json\/wp\/v2\/media\/1029"}],"wp:attachment":[{"href":"https:\/\/lunamusic.pl\/sklepluna\/wp-json\/wp\/v2\/media?parent=441"}],"wp:term":[{"taxonomy":"product_brand","embeddable":true,"href":"https:\/\/lunamusic.pl\/sklepluna\/wp-json\/wp\/v2\/product_brand?post=441"},{"taxonomy":"product_cat","embeddable":true,"href":"https:\/\/lunamusic.pl\/sklepluna\/wp-json\/wp\/v2\/product_cat?post=441"},{"taxonomy":"product_tag","embeddable":true,"href":"https:\/\/lunamusic.pl\/sklepluna\/wp-json\/wp\/v2\/product_tag?post=441"}],"curies":[{"name":"wp","href":"https:\/\/api.w.org\/{rel}","templated":true}]}}