{"id":398,"date":"2019-04-04T09:02:42","date_gmt":"2019-04-04T07:02:42","guid":{"rendered":"http:\/\/exbiuro.nazwa.pl\/sklep_luna\/produkt\/import-placeholder-for-1040\/"},"modified":"2020-03-25T12:02:28","modified_gmt":"2020-03-25T11:02:28","slug":"accessory-to-armageddon-alterations","status":"publish","type":"product","link":"https:\/\/lunamusic.pl\/sklepluna\/produkt\/accessory-to-armageddon-alterations\/","title":{"rendered":"Accessory To Armageddon &#8211; ALTERATIONS"},"content":{"rendered":"<p>Wydanie to zawiera 10 utwor\u00f3w w klimacie nieco odmiennym od znanego z pierwszego kr\u0105\u017cka. Utwory obfituj\u0105 w brzmienia dark popu, darwave, ambientu i bardziej radykalnych odmian muzyki elektronicznej.<\/p>\n","protected":false},"excerpt":{"rendered":"<p>1. Broken Promises<br \/>\n2. 7 Floors Down<br \/>\n3. The Black Matter<br \/>\n4. Judged By Offenders<br \/>\n5. Let Him First Cast a Stone<br \/>\n6. S.A.D (Social Anxiety Disoreder)<br \/>\n7. Friendshit<br \/>\n8. Alterations<br \/>\n9. Over My Head<br \/>\n10. A Mirrors Reflection Upon the Soul (bonus track)<\/p>\n<p>&nbsp;<\/p>\n","protected":false},"featured_media":426,"comment_status":"open","ping_status":"closed","template":"","meta":[],"product_brand":[],"product_cat":[17,896],"product_tag":[938],"class_list":{"0":"post-398","1":"product","2":"type-product","3":"status-publish","4":"has-post-thumbnail","6":"product_cat-cd","7":"product_cat-nowe-brzmienia","8":"product_tag-accessory-to-armageddon","10":"first","11":"instock","12":"taxable","13":"shipping-taxable","14":"purchasable","15":"product-type-simple"},"_links":{"self":[{"href":"https:\/\/lunamusic.pl\/sklepluna\/wp-json\/wp\/v2\/product\/398","targetHints":{"allow":["GET"]}}],"collection":[{"href":"https:\/\/lunamusic.pl\/sklepluna\/wp-json\/wp\/v2\/product"}],"about":[{"href":"https:\/\/lunamusic.pl\/sklepluna\/wp-json\/wp\/v2\/types\/product"}],"replies":[{"embeddable":true,"href":"https:\/\/lunamusic.pl\/sklepluna\/wp-json\/wp\/v2\/comments?post=398"}],"wp:featuredmedia":[{"embeddable":true,"href":"https:\/\/lunamusic.pl\/sklepluna\/wp-json\/wp\/v2\/media\/426"}],"wp:attachment":[{"href":"https:\/\/lunamusic.pl\/sklepluna\/wp-json\/wp\/v2\/media?parent=398"}],"wp:term":[{"taxonomy":"product_brand","embeddable":true,"href":"https:\/\/lunamusic.pl\/sklepluna\/wp-json\/wp\/v2\/product_brand?post=398"},{"taxonomy":"product_cat","embeddable":true,"href":"https:\/\/lunamusic.pl\/sklepluna\/wp-json\/wp\/v2\/product_cat?post=398"},{"taxonomy":"product_tag","embeddable":true,"href":"https:\/\/lunamusic.pl\/sklepluna\/wp-json\/wp\/v2\/product_tag?post=398"}],"curies":[{"name":"wp","href":"https:\/\/api.w.org\/{rel}","templated":true}]}}