{"id":393,"date":"2019-04-04T09:02:41","date_gmt":"2019-04-04T07:02:41","guid":{"rendered":"http:\/\/exbiuro.nazwa.pl\/sklep_luna\/produkt\/import-placeholder-for-1008\/"},"modified":"2025-12-30T12:58:10","modified_gmt":"2025-12-30T11:58:10","slug":"rozni-francuscy-wykonawcy-made-in-france-vol-3","status":"publish","type":"product","link":"https:\/\/lunamusic.pl\/sklepluna\/produkt\/rozni-francuscy-wykonawcy-made-in-france-vol-3\/","title":{"rendered":"R\u00f3\u017cni, francuscy wykonawcy &#8211; Made in France, vol.3"},"content":{"rendered":"<p>Trzecia ods\u0142ona serii p\u0142ytowej Made in France. Ide\u0105 cyklu jest prezentacja \u015bwie\u017cych g\u0142os\u00f3w Francji &#8211; utalentowanych i aktywnych na scenie, cho\u0107 rzadko znanych z pierwszych stron gazet. M\u0142odemu pokoleniu francuskich wykonawc\u00f3w uda\u0142o si\u0119 zachowa\u0107 stylistyczn\u0105 odr\u0119bno\u015b\u0107 \u2013 nie kopiuj\u0105 anglosaskich wzor\u00f3w, co wi\u0119cej, wytyczaj\u0105 nowe trendy, \u017congluj\u0105 form\u0105. Potencja\u0142 tw\u00f3rczy we Francji jest nadal ogromny.<\/p>\n<p>Atmosfera zebranych utwor\u00f3w wiedzie w\u0105skimi uliczkami Pary\u017ca, wzd\u0142u\u017c Sekwany, a\u017c po rejony, gdzie \u017cycie ma w sobie co\u015b ma\u0142omiasteczkowego. Dynamiczne, pe\u0142ne \u017cycia brzmienia metropolii i koj\u0105ce d\u017awi\u0119ki niespiesznych przedmie\u015bci przeplataj\u0105 si\u0119 ze sob\u0105 w kakofonii skojarze\u0144 tego, co w muzyce francuskiej najlepsze.<\/p>\n","protected":false},"excerpt":{"rendered":"<p>CD 1<br \/>\n1. Zaz \u2013 Je veux<br \/>\n2. Adrienne Pauly \u2013 J\u2019veux un mec<br \/>\n3. Camille &#8211; Home is where it hurts<br \/>\n4. Emily Loizeau &#8211; Je suis jalouse<br \/>\n5. Joyce Jonathan &#8211; L\u2019heure avait sonn\u00e9<br \/>\n6. Gr\u00e9goire &#8211; L&#8217;ami intime<br \/>\n7. Marie Amelie &#8211; On se regardait<br \/>\n8. Paris Combo &#8211; Living room<br \/>\n9. Marie Pierre Atrhur &#8211; Ma t\u00eate \u00e0 off<br \/>\n10. Melissmell &#8211; Le mouton<br \/>\n11. Mareva Galanter \u2013 La soeur de Paul<br \/>\n12. Fatlas Picards \u2013 Le combat ordinaire<\/p>\n<p>CD 2<br \/>\n1. Fatals Picards \u2013 Bernard Laviliers<br \/>\n2. Manu Larrouy &#8211; Mec \u00e0 la cool<br \/>\n3. Le Cercle d\u2019Amy &#8211; Le mauvais choix<br \/>\n4. Mareva Galanter \u2013 Bang bang<br \/>\n5. Marie Amelie &#8211; Je demande le silence<br \/>\n6. Rose &#8211; La liste<br \/>\n7. Paris Combo &#8211; Se\u00f1or<br \/>\n8. Adrienne Pauly \u2013 L\u2019amour avec un con<br \/>\n9. Arman Melies \u2013 Casino<br \/>\n10. Marie Pierre Arthur &#8211; Elle<br \/>\n11. Emily Loizeau &#8211; Sister<br \/>\n12. Berry \u2013 Mademoiselle<\/p>\n<p>&nbsp;<\/p>\n<p>&nbsp;<\/p>\n","protected":false},"featured_media":421,"comment_status":"open","ping_status":"closed","template":"","meta":[],"product_brand":[],"product_cat":[17,751],"product_tag":[880,881,882,840,843,883,884,885,886,887,888,889,890,891,892,893,894,895],"class_list":{"0":"post-393","1":"product","2":"type-product","3":"status-publish","4":"has-post-thumbnail","6":"product_cat-cd","7":"product_cat-muzyczne-podroze","8":"product_tag-adrienne-pauly","9":"product_tag-arman-melies","10":"product_tag-berry","11":"product_tag-camille","12":"product_tag-emily-loizeau","13":"product_tag-fatlas-picards","14":"product_tag-gregoire","15":"product_tag-joyce-jonathan","16":"product_tag-le-cercle-damy","17":"product_tag-manu-larrouy","18":"product_tag-mareva-galanter","19":"product_tag-marie-amelie","20":"product_tag-marie-pierre-arthur","21":"product_tag-marie-pierre-atrhur","22":"product_tag-melissmell","23":"product_tag-paris-combo","24":"product_tag-rose","25":"product_tag-zaz","27":"first","28":"outofstock","29":"taxable","30":"shipping-taxable","31":"purchasable","32":"product-type-simple"},"_links":{"self":[{"href":"https:\/\/lunamusic.pl\/sklepluna\/wp-json\/wp\/v2\/product\/393","targetHints":{"allow":["GET"]}}],"collection":[{"href":"https:\/\/lunamusic.pl\/sklepluna\/wp-json\/wp\/v2\/product"}],"about":[{"href":"https:\/\/lunamusic.pl\/sklepluna\/wp-json\/wp\/v2\/types\/product"}],"replies":[{"embeddable":true,"href":"https:\/\/lunamusic.pl\/sklepluna\/wp-json\/wp\/v2\/comments?post=393"}],"wp:featuredmedia":[{"embeddable":true,"href":"https:\/\/lunamusic.pl\/sklepluna\/wp-json\/wp\/v2\/media\/421"}],"wp:attachment":[{"href":"https:\/\/lunamusic.pl\/sklepluna\/wp-json\/wp\/v2\/media?parent=393"}],"wp:term":[{"taxonomy":"product_brand","embeddable":true,"href":"https:\/\/lunamusic.pl\/sklepluna\/wp-json\/wp\/v2\/product_brand?post=393"},{"taxonomy":"product_cat","embeddable":true,"href":"https:\/\/lunamusic.pl\/sklepluna\/wp-json\/wp\/v2\/product_cat?post=393"},{"taxonomy":"product_tag","embeddable":true,"href":"https:\/\/lunamusic.pl\/sklepluna\/wp-json\/wp\/v2\/product_tag?post=393"}],"curies":[{"name":"wp","href":"https:\/\/api.w.org\/{rel}","templated":true}]}}