{"id":38,"date":"2018-10-03T15:57:37","date_gmt":"2018-10-03T13:57:37","guid":{"rendered":"http:\/\/exbiuro.nazwa.pl\/sklep_luna\/produkt\/import-placeholder-for-263\/"},"modified":"2023-04-03T09:50:23","modified_gmt":"2023-04-03T07:50:23","slug":"wiktor-zborowski-kropla-w-morzu","status":"publish","type":"product","link":"https:\/\/lunamusic.pl\/sklepluna\/produkt\/wiktor-zborowski-kropla-w-morzu\/","title":{"rendered":"Wiktor Zborowski &#8211; Kropla w morzu"},"content":{"rendered":"<p>P\u0142yta prezentuj\u0105ca piosenki w wykonaniu Wiktora Zborowskiego i zarazem pierwsze po\u015bwi\u0119cone w ca\u0142o\u015bci aktorowi wydawnictwo na rynku.<\/p>\n<p>Jeden z najbardziej charakterystycznych aktor\u00f3w polskiej sceny. Mia\u0142 zosta\u0107 koszykarzem, lecz aktorskie korzenie okaza\u0142y si\u0119 silniejsze &#8211; jego dziadkowie poznali si\u0119 uczestnicz\u0105c w amatorskim przedstawieniu (babcia gra\u0142a, a dziadek by\u0142 suflerem), jego wujem jest znakomity Jan Kobuszewski, a ciotk\u0105 Hanna Zemrzuska. Niepospolite poczucie humoru i dar roz\u015bmieszania innych sprawi\u0142y, \u017ce gra\u0142 w wielu wspania\u0142ych polskich komediach, superprodukcjach, na deskach teatru Narodowego, Ateneum, Kwadrat, Roma.<\/p>\n<p>To pierwsza p\u0142yta na rynku, kt\u00f3ra w spos\u00f3b przekrojowy zaprezentuje dzia\u0142alno\u015b\u0107 wokaln\u0105 Wiktora Zborowskiego. Wy\u015bpiewane przez lata kompozycje trudno zliczy\u0107. Kompilacja jest jedynie tytu\u0142ow\u0105 \u201ekropl\u0105 w morzu\u201d jego bogatego dorobku muzycznego. Teksty M\u0142ynarskiego, Wysockiego, Kofty, Hemara, a tak\u017ce dowcip Kabaretu Starszych Pan\u00f3w w po\u0142\u0105czeniu z mistrzowsk\u0105 interpretacj\u0105 Wiktora Zborowskiego stanowi\u0105 prawdziw\u0105 muzyczn\u0105 uczt\u0119 dla mi\u0142o\u015bnik\u00f3w piosenki aktorskiej i kabaretowej.<\/p>\n<p>LUNCD269, 5900672922691<\/p>\n","protected":false},"excerpt":{"rendered":"<p>1. Brecht 1950, Ostatnie s\u0142owa<br \/>\n2. Rimbaud, Aniele Str\u00f3\u017cu m\u00f3j<br \/>\n3. Bodajbo<br \/>\n4. Alkoholicy z mojej dzielnicy<br \/>\n5. Ulic\u0105 Nieca\u0142\u0105<br \/>\n6. Przystanek ko\u0142o ZOO<br \/>\n7. Pan Twardowski<br \/>\n8. Jak arty\u015bci szli do nieba (z Marianem Opani\u0105)<br \/>\n9. \u0141a\u017ania<br \/>\n10. Gotowany pies<br \/>\n11. Zasypiamy na s\u0142owach (z Kamil\u0105 Kraus)<br \/>\n12. Ballada o stra\u017caku<br \/>\n13. Bo we mnie jest sex (z Ew\u0105 Bem)<\/p>\n","protected":false},"featured_media":1085,"comment_status":"open","ping_status":"closed","template":"","meta":[],"product_brand":[],"product_cat":[32,17],"product_tag":[40,73,225,226,227],"class_list":{"0":"post-38","1":"product","2":"type-product","3":"status-publish","4":"has-post-thumbnail","6":"product_cat-aktorska","7":"product_cat-cd","8":"product_tag-40","9":"product_tag-ewa-bem","10":"product_tag-kamila-kraus","11":"product_tag-marian-opania","12":"product_tag-wiktor-zborowski","14":"first","15":"instock","16":"taxable","17":"shipping-taxable","18":"purchasable","19":"product-type-simple"},"_links":{"self":[{"href":"https:\/\/lunamusic.pl\/sklepluna\/wp-json\/wp\/v2\/product\/38","targetHints":{"allow":["GET"]}}],"collection":[{"href":"https:\/\/lunamusic.pl\/sklepluna\/wp-json\/wp\/v2\/product"}],"about":[{"href":"https:\/\/lunamusic.pl\/sklepluna\/wp-json\/wp\/v2\/types\/product"}],"replies":[{"embeddable":true,"href":"https:\/\/lunamusic.pl\/sklepluna\/wp-json\/wp\/v2\/comments?post=38"}],"wp:featuredmedia":[{"embeddable":true,"href":"https:\/\/lunamusic.pl\/sklepluna\/wp-json\/wp\/v2\/media\/1085"}],"wp:attachment":[{"href":"https:\/\/lunamusic.pl\/sklepluna\/wp-json\/wp\/v2\/media?parent=38"}],"wp:term":[{"taxonomy":"product_brand","embeddable":true,"href":"https:\/\/lunamusic.pl\/sklepluna\/wp-json\/wp\/v2\/product_brand?post=38"},{"taxonomy":"product_cat","embeddable":true,"href":"https:\/\/lunamusic.pl\/sklepluna\/wp-json\/wp\/v2\/product_cat?post=38"},{"taxonomy":"product_tag","embeddable":true,"href":"https:\/\/lunamusic.pl\/sklepluna\/wp-json\/wp\/v2\/product_tag?post=38"}],"curies":[{"name":"wp","href":"https:\/\/api.w.org\/{rel}","templated":true}]}}