{"id":34,"date":"2018-10-03T15:57:36","date_gmt":"2018-10-03T13:57:36","guid":{"rendered":"http:\/\/exbiuro.nazwa.pl\/sklep_luna\/produkt\/import-placeholder-for-255\/"},"modified":"2020-03-18T21:54:13","modified_gmt":"2020-03-18T20:54:13","slug":"rozni-wykonawcy-kronika-28-ppa-wroclaw-2007","status":"publish","type":"product","link":"https:\/\/lunamusic.pl\/sklepluna\/produkt\/rozni-wykonawcy-kronika-28-ppa-wroclaw-2007\/","title":{"rendered":"R\u00f3\u017cni wykonawcy &#8211; Kronika 28. PPA Wroc\u0142aw 2007"},"content":{"rendered":"<p>Kronika Przegl\u0105du Piosenki Aktorskiej wydawana na CD ma ju\u017c swoj\u0105 ponad 10-letni\u0105 tradycj\u0119. Wpisa\u0142a si\u0119 w pejza\u017c polskiego rynku fonograficznego jako jedna z najbardziej presti\u017cowych serii wydawniczych. Nie ma w tym nic dziwnego skoro na dotychczasowych p\u0142ytach s\u0105siaduj\u0105 ze sob\u0105 takie znamienito\u015bci \u015bwiatowej estrady jak: Patricka Kaas, Mariza, Cesaria Evora, Nick Cave czy Gilbert Becaud. Nie brakowa\u0142o tam r\u00f3wnie\u017c polskich artyst\u00f3w: Stanis\u0142aw Soyka, Micha\u0142 Bajor, Justyna Steczkowska czy Katarzyna Groniec. Na tym kr\u0105\u017cku m.in. Raz Dwa Trzy, Yann Tiersen, The Stranglers i inni.<\/p>\n","protected":false},"excerpt":{"rendered":"<p>1. Yann Tiersen \u2013 Monchrome 03:15<br \/>\n2. Caecilie Norby &amp; Lars Danielsson \u2013 Suppertime 03:45<br \/>\n3. Bartosz Porczyk \u2013 Promocja 05:47<\/p>\n<p>4. Cezary Studniak \u2013 Wie\u015b jak malowanie 03:43<br \/>\n5. Nina Stiller \u2013 Frilling 04:29<br \/>\n6. Shout &#8211; Blue moon 2:59<br \/>\n7. Piotr Kami\u0144ski &#8211; Zielony 05:20<br \/>\n8. Wac\u0142aw Mik\u0142aszewski (laureat PPA z\u0142oty Tukan) &#8211; Pytanie 05:12<br \/>\n9. Justyna Szafran &#8211; Rzecze Budda Chinaski 05:07<br \/>\n10. Katarzyna D\u0105browska (laureatka PPA br\u0105zowy Tukan) &#8211; Ballada o pr\u00f3\u017cno\u015bci 05:08<br \/>\n11. Raz dwa trzy &#8211; Jeste\u015bmy na wczasach 05:23<br \/>\n12. Monika W\u0119giel (laureatka PPA srebrny Tukan) &#8211; Deszczowy klaun 05:09<br \/>\n13. Arty\u015bci Teatru Capitol \u2013 Jasi\u0144ski bohater 02:49<br \/>\n14. The stranglers &#8211; Golden Brown 03:29<\/p>\n","protected":false},"featured_media":64,"comment_status":"open","ping_status":"closed","template":"","meta":[],"product_brand":[],"product_cat":[32,17],"product_tag":[152,165,166,102,44,167,168,169,170,171,172,173,174,175,176],"class_list":{"0":"post-34","1":"product","2":"type-product","3":"status-publish","4":"has-post-thumbnail","6":"product_cat-aktorska","7":"product_cat-cd","8":"product_tag-152","9":"product_tag-artysci-teatru-capitol","10":"product_tag-caecilie-norby","11":"product_tag-cezary-studniak","12":"product_tag-justyna-szafran","13":"product_tag-katarzyna-dabrowska","14":"product_tag-lars-danielsson","15":"product_tag-monika-wegiel","16":"product_tag-nina-stiller","17":"product_tag-piotr-kaminski","18":"product_tag-raz-dwa-trzy","19":"product_tag-shout","20":"product_tag-the-stranglers","21":"product_tag-waclaw-miklaszewski","22":"product_tag-yann-tiersen","24":"first","25":"instock","26":"taxable","27":"shipping-taxable","28":"purchasable","29":"product-type-simple"},"_links":{"self":[{"href":"https:\/\/lunamusic.pl\/sklepluna\/wp-json\/wp\/v2\/product\/34","targetHints":{"allow":["GET"]}}],"collection":[{"href":"https:\/\/lunamusic.pl\/sklepluna\/wp-json\/wp\/v2\/product"}],"about":[{"href":"https:\/\/lunamusic.pl\/sklepluna\/wp-json\/wp\/v2\/types\/product"}],"replies":[{"embeddable":true,"href":"https:\/\/lunamusic.pl\/sklepluna\/wp-json\/wp\/v2\/comments?post=34"}],"wp:featuredmedia":[{"embeddable":true,"href":"https:\/\/lunamusic.pl\/sklepluna\/wp-json\/wp\/v2\/media\/64"}],"wp:attachment":[{"href":"https:\/\/lunamusic.pl\/sklepluna\/wp-json\/wp\/v2\/media?parent=34"}],"wp:term":[{"taxonomy":"product_brand","embeddable":true,"href":"https:\/\/lunamusic.pl\/sklepluna\/wp-json\/wp\/v2\/product_brand?post=34"},{"taxonomy":"product_cat","embeddable":true,"href":"https:\/\/lunamusic.pl\/sklepluna\/wp-json\/wp\/v2\/product_cat?post=34"},{"taxonomy":"product_tag","embeddable":true,"href":"https:\/\/lunamusic.pl\/sklepluna\/wp-json\/wp\/v2\/product_tag?post=34"}],"curies":[{"name":"wp","href":"https:\/\/api.w.org\/{rel}","templated":true}]}}