{"id":31,"date":"2018-10-03T15:57:35","date_gmt":"2018-10-03T13:57:35","guid":{"rendered":"http:\/\/exbiuro.nazwa.pl\/sklep_luna\/produkt\/import-placeholder-for-247\/"},"modified":"2022-01-17T11:15:17","modified_gmt":"2022-01-17T10:15:17","slug":"rozni-wykonawcy-kronika-21-ppa-wroclaw-2000","status":"publish","type":"product","link":"https:\/\/lunamusic.pl\/sklepluna\/produkt\/rozni-wykonawcy-kronika-21-ppa-wroclaw-2000\/","title":{"rendered":"R\u00f3\u017cni wykonawcy &#8211; Kronika 21. PPA Wroc\u0142aw 2000"},"content":{"rendered":"<p>Premiera: marzec 2001<br \/>\nNagranie: w trakcie 21.PPA &#8211; Wroc\u0142aw, marzec 2000.<br \/>\nMonta\u017c i mastering: Marcin Bors, Marcin P\u0142aza, Studio Fonoplastykon we Wroc\u0142awiu<\/p>\n<p>Piosenki s\u0105 fragmentami nast\u0119puj\u0105cych spektakli i koncert\u00f3w, kt\u00f3re odby\u0142y si\u0119 w ramach 21. Przegl\u0105du Piosenki Aktorskiej &#8222;Arty\u015bci Piosenki&#8221; we Wroc\u0142awiu w roku 2000:<\/p>\n<p>&#8222;Weill 2000&#8221; (2,3,15)<br \/>\nScenariusz: Jerzy Bielunas, Roman Ko\u0142akowski<br \/>\nPrzek\u0142ady: Roman Ko\u0142akowski<br \/>\nRe\u017cyseria: Jerzy Bielunas<br \/>\nAran\u017cacje i kierownictwo muzyczne: Mateusz Po\u015bpieszalski<br \/>\nScenografia: Honorata Mochalska, Andrzej B\u0142achut<br \/>\nChoreografia: Jaros\u0142aw Staniek<br \/>\nKierownictwo produkcji: Urszula Rusak<\/p>\n<p>Zesp\u00f3\u0142 muzyczny pod kierunkiem Mateusza Po\u015bpieszalskiego, Orkiestra Kameralna &#8222;Leopoldinum&#8221;, Akdemicki Ch\u00f3r Politechniki Wroc\u0142awskiej<\/p>\n<p>&#8222;Kawalerskie noce&#8221; &#8211; piosenki Kazimierza Grze\u015bkowiaka (1,9)<br \/>\nScenariusz: Roman Ko\u0142akowski<br \/>\nRe\u017cyseria: Laco Adamik<br \/>\nAran\u017cacje i kierownictwo muzyczne: Marcin P\u0142aza<br \/>\nScenografia: Jerzy Duda Gracz<br \/>\nKierownictwo produkcji: Renata Majewska<\/p>\n<p>Zesp\u00f3\u0142 muzyczny pod kierunkiem Marcina P\u0142azy, Zesp\u00f3\u0142 Ludowy &#8222;Koniczynka&#8221;, Ch\u00f3r Ch\u0142opi\u0119cy &#8222;Pueri Consonantes&#8221;<\/p>\n<p>Gala 2000 &#8211; &#8222;Zobaczy\u0107 piosenk\u0119 i &#8230;&#8221; (4,10)<br \/>\nScenariusz i re\u017cyseria: Andrzej Strzelecki<br \/>\nOpracowanie muzyczne: Jan Raczkowski<br \/>\nKierownictwo muzyczne: Jerzy Satanowski<br \/>\nScenografia: Marek Grabowski<br \/>\nKostiumy: Tatiana Kwiatkowska<br \/>\nKierownictwo produkcji: Danuta Draganowska, Urszula Rusak<\/p>\n<p>Zesp\u00f3\u0142 muzyczny pod kierunkiem Paw\u0142a Perli\u0144skiego<\/p>\n<p>Konkurs Aktorsiej Interpretacji Piosenki (7,8,11,13)<br \/>\nRe\u017cyseria: Laco Adamik<br \/>\nKierownictwo muzyczne:<br \/>\nHadrian Filip Tab\u0119cki<br \/>\nScenografia: Wies\u0142aw Drzewiecki<\/p>\n<p>nagrody:<br \/>\nIII &#8211; Agnieszka Chrzanowska (13)<br \/>\nII &#8211; Maria Peszek (7)<br \/>\nI &#8211; Jacek Bo\u0144czyk (8)<br \/>\nNagroda specjalna Ewy Demarczyk &#8211; Edyta Jungowska (11)<\/p>\n<p>Recital Miros\u0142awa Czy\u017ckiewicza &#8222;Ave&#8221; (14)<br \/>\nRecital Gilberta Becaud &#8222;Ave&#8221; (6)<br \/>\nKoncert &#8222;Maria de Buenos Aires&#8221; Astor Piazzola, Horatio Ferrer (12)<br \/>\nKoncert zespo\u0142u Ballhaus (5)<\/p>\n<p>&nbsp;<\/p>\n","protected":false},"excerpt":{"rendered":"<p>1. Mariusz Kiljan \u2013 \u201eKawalerskie noce\u201d (K. Grze\u015bkowiak, K. Grze\u015bkowiak) 2:32<\/p>\n<p>2. Justyna Steczkowska \u2013\u201eYoukali\u201d(K.Weill, R.Fernay \u2013 przek\u0142. R. Ko\u0142akowski) 6:16<\/p>\n<p>3. Anna Maria Jopek &#8211; &#8222;September Song&#8221; 2:32<\/p>\n<p>4. Stanis\u0142awa Celi\u0144ska, Piotr Machalica \u201d Sekwencja eskimoska\u201d (J. Borysewicz, W. Korcz, Z.Drabik, W. Olszak, J. Wasowski, A. Mogielnicki, W. M\u0142ynarski, A. Horbowski, J. Cygan, J. Przybora) 5:55<\/p>\n<p>5. Ballhaus \u2013 \u201cDu bist\u201d (A.Ils) 3:02<\/p>\n<p>6. Gilbert Becaud \u2013 \u201cC\u2019est en Septembre\u201d (N. Diamond, G. Becaud) 4:10<\/p>\n<p>7. Maria Peszek &#8211; \u201dCyrk\u201d(R. Dziwisz, M. Pospieszalski) 4:31<\/p>\n<p>8. Jacek Bo\u0144czyk \u2013 \u201eMaria Krystyna\u201d (C. Nugaro) 3:23<\/p>\n<p>9. Pawe\u0142 Kukiz \u2013 \u201eNa skr\u00f3ty\u201d (I. Jaszczuk, K. Grze\u015bkowiak) 3:23<\/p>\n<p>10. Hanna \u015aleszy\u0144ska, Marian Opania &#8222;Sekwencja&#8230;&#8221; 3:34<\/p>\n<p>11. Edyta Jungowska \u2013 \u201eNie opuszczaj mnie\u201d (J.Brel, J. Brel- przek\u0142. W. M\u0142ynarski) 3:30<\/p>\n<p>12. Julia Zenko \u2013 \u201eYo soy Maria\u201d (A. Piazzola, H. Ferrer) 3:20<\/p>\n<p>13. Agnieszka Chrzanowska \u2013 \u201eCamille Claudel\u201d (A. Chrzanowska, M. Zab\u0142ocki) 4:47<\/p>\n<p>14. Miros\u0142aw Czy\u017cykiewicz \u2013 \u201ePiosenka o Bo\u015bni\u201d (M. Czy\u017cykiewicz, J. Brodski \u2013 przek\u0142. R. Ko\u0142akowski) 2:20<\/p>\n<p>15. Dee Dee Bridgewater \u2013 \u201eSpeak low\u201d ( K. Weill, O. Nash) 4:48<\/p>\n","protected":false},"featured_media":1018,"comment_status":"open","ping_status":"closed","template":"","meta":[],"product_brand":[],"product_cat":[32,17],"product_tag":[51,1703,132,54,133,55,134,135,303,136,137,43,138,226,70,139,77,141,1704,50],"class_list":{"0":"post-31","1":"product","2":"type-product","3":"status-publish","4":"has-post-thumbnail","6":"product_cat-aktorska","7":"product_cat-cd","8":"product_tag-51","9":"product_tag-21-ppa","10":"product_tag-agnieszka-chrzanowska","11":"product_tag-anna-maria-jopek","12":"product_tag-ballhaus","13":"product_tag-dee-dee-bridgewater","14":"product_tag-edyta-jungowska","15":"product_tag-gilbert-becaud","16":"product_tag-hanna-sleszynska","17":"product_tag-jacek-bonczyk","18":"product_tag-julia-zenko","19":"product_tag-justyna-steczkowska","20":"product_tag-maria-peszek","21":"product_tag-marian-opania","22":"product_tag-mariusz-kiljan","23":"product_tag-miroslaw-czyzykiewicz","24":"product_tag-pawel-kukiz","25":"product_tag-piotr-machalica","26":"product_tag-ppa","27":"product_tag-stanislawa-celinska","29":"first","30":"outofstock","31":"taxable","32":"shipping-taxable","33":"purchasable","34":"product-type-simple"},"_links":{"self":[{"href":"https:\/\/lunamusic.pl\/sklepluna\/wp-json\/wp\/v2\/product\/31","targetHints":{"allow":["GET"]}}],"collection":[{"href":"https:\/\/lunamusic.pl\/sklepluna\/wp-json\/wp\/v2\/product"}],"about":[{"href":"https:\/\/lunamusic.pl\/sklepluna\/wp-json\/wp\/v2\/types\/product"}],"replies":[{"embeddable":true,"href":"https:\/\/lunamusic.pl\/sklepluna\/wp-json\/wp\/v2\/comments?post=31"}],"wp:featuredmedia":[{"embeddable":true,"href":"https:\/\/lunamusic.pl\/sklepluna\/wp-json\/wp\/v2\/media\/1018"}],"wp:attachment":[{"href":"https:\/\/lunamusic.pl\/sklepluna\/wp-json\/wp\/v2\/media?parent=31"}],"wp:term":[{"taxonomy":"product_brand","embeddable":true,"href":"https:\/\/lunamusic.pl\/sklepluna\/wp-json\/wp\/v2\/product_brand?post=31"},{"taxonomy":"product_cat","embeddable":true,"href":"https:\/\/lunamusic.pl\/sklepluna\/wp-json\/wp\/v2\/product_cat?post=31"},{"taxonomy":"product_tag","embeddable":true,"href":"https:\/\/lunamusic.pl\/sklepluna\/wp-json\/wp\/v2\/product_tag?post=31"}],"curies":[{"name":"wp","href":"https:\/\/api.w.org\/{rel}","templated":true}]}}