{"id":29,"date":"2018-10-03T15:57:35","date_gmt":"2018-10-03T13:57:35","guid":{"rendered":"http:\/\/exbiuro.nazwa.pl\/sklep_luna\/produkt\/import-placeholder-for-243\/"},"modified":"2019-04-19T12:26:55","modified_gmt":"2019-04-19T10:26:55","slug":"rozni-wykonawcy-kawalerskie-noce-piosenki-kazimierza-grzeskowiaka","status":"publish","type":"product","link":"https:\/\/lunamusic.pl\/sklepluna\/produkt\/rozni-wykonawcy-kawalerskie-noce-piosenki-kazimierza-grzeskowiaka\/","title":{"rendered":"R\u00f3\u017cni Wykonawcy &#8211; Kawalerskie Noce &#8211; Piosenki Kazimierza Grze\u015bkowiaka"},"content":{"rendered":"<p>Nagra\u0144 dokonano: stycze\u0144 &#8211; marzec 2000, Studio Fonoplastykon we Wroc\u0142awiu<\/p>\n<p>Producent muzyczny: <b>Marcin P\u0142aza<\/b><br \/>\nRealizacja nagrania, mastering: <b>Robert Szyd\u0142o<\/b><\/p>\n<p><i>Sk\u0142ad Zespo\u0142u:<\/i><br \/>\n<b>Marcin P\u0142aza<\/b> &#8211; instrumenty klawiszowe<br \/>\n<b>\u0141ukasz Golec<\/b> &#8211; tr\u0105bka<br \/>\n<b>Pawe\u0142 Golec<\/b> &#8211; puzon<br \/>\n<b>Jerzy G\u0142\u00f3wczewski<\/b> &#8211; saksofon, flet<br \/>\n<b>Marcin Bors<\/b> &#8211; gitary<br \/>\n<b>Robert Szyd\u0142o<\/b> &#8211; gitara basowa<br \/>\n<b>Dariusz Kaliszuk<\/b> &#8211; perkusja, instrumenty perkusyjne<br \/>\n<b>Zbigniew Szuf\u0142at<\/b> &#8211; skrzypce<br \/>\n<b>Piotr Dziubek<\/b> &#8211; akordeon<br \/>\nZesp\u00f3\u0142 Ludowy Koniczynka z Niemila<br \/>\nOrkiestra D\u0119ta pod kierunkiem Wac\u0142awa Janiszewskiego<br \/>\nWroc\u0142awskie Ch\u00f3r Ch\u0142opi\u0119cy Pueri Consonantes<\/p>\n<p><i>O muzyce:<\/i><br \/>\nP\u0142yta jest studyjnym zapisem piosenek <b>Kazimierza Grze\u015bkowiaka<\/b> z koncertu pt. &#8222;Kawalerskie noce&#8221;, kt\u00f3ry odby\u0142 18.marca 2000 r. podczas 21.Przegl\u0105du Piosenki Aktorskiej &#8222;Arty\u015bci Piosenki&#8221; we Wroc\u0142awiu. Dzi\u015b oddajemy do Pa\u0144stwa r\u0105k wydawnictwo, kt\u00f3re przypomina tw\u00f3rczo\u015b\u0107 tego wybitnego artysty &#8211; pe\u0142n\u0105 m\u0105dro\u015bci, dowcipu, poetyki, odrobiny filozofii &#8211; s\u0142owem niezwykle oryginaln\u0105 i niepowtarzaln\u0105.<\/p>\n<p>&nbsp;<\/p>\n","protected":false},"excerpt":{"rendered":"<p>1. Kawalerskie noce <i>muz. \/ s\u0142. K. Grze\u015bkowiak<\/i><br \/>\nwykonawca: <b>Mariusz Kiljan<\/b><br \/>\n2. Panny z Cicibora <i>muz. K. Grze\u015bkowiak \/ s\u0142. P. \u0141ojan<\/i><br \/>\nwykonawca: <b>Krzysztof Dracz<\/b><br \/>\n3. W Ko\u0144skiem <i>muz. K. Grze\u015bkowiak \/ s\u0142. K. Grze\u015bkowiak &#8211; Tch\u00f3rzewski<\/i><br \/>\nwykonawca: <b>Dariusz Kordek<\/b><br \/>\n4. Czy ju\u017c mnie nie kochasz <i>muz.\/ s\u0142. K. Grze\u015bkowiak<\/i><br \/>\nwykonawca: <b>Mariusz Lubomski<\/b><br \/>\n5. Rozprawa o robokach <i>muz. K. Grze\u015bkowiak \/ s\u0142. Grze\u015bkowiak &#8211; Przybylski<\/i><br \/>\nwykonawca: <b>Marek Ba\u0142ata<\/b><br \/>\n6. Stepem, stepem <i>muz. Vidas Svagzdys \/ s\u0142. K. Grze\u015bkowiak<\/i><br \/>\nwykonawca: <b>Jan Kondra<\/b><br \/>\n7. \u017bydo &#8211; komuno &#8211; jezuito &#8211; masoneria <i>muz.\/s\u0142. K. Grze\u015bkowiak<\/i><br \/>\nwykonawca: <b>Mariusz Czajka<\/b><br \/>\n8. Lola Madonna <i>muz. Vidas Svagzdys \/ s\u0142. autor nieznany<\/i><br \/>\nwykonawca: <b>Krzysztof Goszty\u0142a<\/b><br \/>\n9. \u017bycie na skr\u00f3ty <i>muz. \/ s\u0142. K. Grze\u015bkowiak<\/i><br \/>\nwykonawca: <b>Pawe\u0142 Kukiz<\/b><br \/>\n10. Requiem dla Janick\u00f3w <i>muz. K. Grze\u015bkowiak \/ s\u0142. Grze\u015bkowiak &#8211; \u0106wik<\/i><br \/>\nwykonawca: <b>Golec uOrkiestra<\/b><br \/>\n11. Salonowy \u015bwi\u0105tek <i>muz. \/ s\u0142. K. Grze\u015bkowiak<\/i><br \/>\nwykonawca: <b>Marek Ba\u0142ata<\/b><br \/>\n12. W po\u0142udnie <i>muz. \/ s\u0142. K. Grze\u015bkowiak<\/i><br \/>\nwykonawca: <b>Kazik Staszewski<\/b><br \/>\n13. Ch\u0142op \u017cywemu nie przepu\u015bci <i>muz. K. Grze\u015bkowiak \/ s\u0142. Grze\u015bkowiak &#8211; \u0141ojan<\/i><br \/>\nwykonawca: <b>Zbigniew Raj<\/b><\/p>\n<p>&nbsp;<\/p>\n","protected":false},"featured_media":836,"comment_status":"open","ping_status":"closed","template":"","meta":[],"product_brand":[],"product_cat":[32,17],"product_tag":[112,113,114,115,116,117,118,119,93,120,121,122,123,124,125,70,126,127,77,128,129,130,131],"class_list":{"0":"post-29","1":"product","2":"type-product","3":"status-publish","4":"has-post-thumbnail","6":"product_cat-aktorska","7":"product_cat-cd","8":"product_tag-112","9":"product_tag-dariusz-kaliszuk","10":"product_tag-dariusz-kordek","11":"product_tag-golec-uorkiestra","12":"product_tag-jan-kondra","13":"product_tag-jerzy-glowczewski","14":"product_tag-kazik-staszewski","15":"product_tag-kazimierz-grzeskowiak","16":"product_tag-krzysztof-dracz","17":"product_tag-krzysztof-gosztyla","18":"product_tag-lukasz-golec","19":"product_tag-marcin-bors","20":"product_tag-marcin-plaza","21":"product_tag-marek-balata","22":"product_tag-mariusz-czajka","23":"product_tag-mariusz-kiljan","24":"product_tag-mariusz-lubomski","25":"product_tag-pawel-golec","26":"product_tag-pawel-kukiz","27":"product_tag-piotr-dziubek","28":"product_tag-robert-szydlo","29":"product_tag-zbigniew-raj","30":"product_tag-zbigniew-szuflat","32":"first","33":"instock","34":"taxable","35":"shipping-taxable","36":"purchasable","37":"product-type-simple"},"_links":{"self":[{"href":"https:\/\/lunamusic.pl\/sklepluna\/wp-json\/wp\/v2\/product\/29","targetHints":{"allow":["GET"]}}],"collection":[{"href":"https:\/\/lunamusic.pl\/sklepluna\/wp-json\/wp\/v2\/product"}],"about":[{"href":"https:\/\/lunamusic.pl\/sklepluna\/wp-json\/wp\/v2\/types\/product"}],"replies":[{"embeddable":true,"href":"https:\/\/lunamusic.pl\/sklepluna\/wp-json\/wp\/v2\/comments?post=29"}],"wp:featuredmedia":[{"embeddable":true,"href":"https:\/\/lunamusic.pl\/sklepluna\/wp-json\/wp\/v2\/media\/836"}],"wp:attachment":[{"href":"https:\/\/lunamusic.pl\/sklepluna\/wp-json\/wp\/v2\/media?parent=29"}],"wp:term":[{"taxonomy":"product_brand","embeddable":true,"href":"https:\/\/lunamusic.pl\/sklepluna\/wp-json\/wp\/v2\/product_brand?post=29"},{"taxonomy":"product_cat","embeddable":true,"href":"https:\/\/lunamusic.pl\/sklepluna\/wp-json\/wp\/v2\/product_cat?post=29"},{"taxonomy":"product_tag","embeddable":true,"href":"https:\/\/lunamusic.pl\/sklepluna\/wp-json\/wp\/v2\/product_tag?post=29"}],"curies":[{"name":"wp","href":"https:\/\/api.w.org\/{rel}","templated":true}]}}