{"id":262,"date":"2018-10-03T15:58:58","date_gmt":"2018-10-03T13:58:58","guid":{"rendered":"http:\/\/exbiuro.nazwa.pl\/sklep_luna\/produkt\/import-placeholder-for-566\/"},"modified":"2020-03-24T14:55:28","modified_gmt":"2020-03-24T13:55:28","slug":"prestige-wroclawski-kwartet-smyczkowy-libiamo-libiamo","status":"publish","type":"product","link":"https:\/\/lunamusic.pl\/sklepluna\/produkt\/prestige-wroclawski-kwartet-smyczkowy-libiamo-libiamo\/","title":{"rendered":"&#8222;Prestige&#8221; Wroc\u0142awski Kwartet Smyczkowy &#8211; Libiamo, Libiamo"},"content":{"rendered":"<p>&#8222;Libiamo, libiamo&#8221; czyli klasyka znana i lubiana w aran\u017cacjach na smyczki.<\/p>\n<p>Na kr\u0105\u017cku znalaz\u0142y si\u0119 opracowania popularnych pozycji operowych i koncertowych na kwartet smyczkowy. Autorowi aran\u017cacji &#8211; Arkadiuszowi Hylewskiemu &#8211; zale\u017ca\u0142o na unikni\u0119ciu powielenia tradycyjnej opery. Si\u0119gn\u0105\u0142 wi\u0119c po elementy artykulacyjno-wirtuozowskie, jednocze\u015bnie zachowuj\u0105c konwencj\u0119 stylu i faktur\u0119 instrumentaln\u0105. Dzi\u0119ki temu utwory zachowa\u0142y sw\u0105 form\u0119, a wszystkie instrumenty w kwartecie maj\u0105 przemiennie mo\u017cliwo\u015b\u0107 efektownego popisu zar\u00f3wno w partiach solowych jak i akompaniuj\u0105cych.<\/p>\n<p>&nbsp;<\/p>\n<p>&nbsp;<\/p>\n","protected":false},"excerpt":{"rendered":"<p>1. Giuseppe Verdi &#8211; &#8222;Libiamo&#8221; z opery &#8222;Traviata&#8221;<br \/>\n2. Johann Strauss &#8211; Czardasz z operetki &#8222;Zemsta Nietoperza&#8221;<br \/>\n3. Camille Saint-Seans &#8211; &#8222;\u0141ab\u0119d\u017a&#8221;<br \/>\n4. Giuseppe Verdi &#8211; Duet Violetti i Alfreda z I aktu opery &#8222;Traviata&#8221;<br \/>\n5. Giuseppe Verdi &#8211; &#8222;La Donna e Mobile&#8221; z III aktu opery &#8222;Rigoletto&#8221;<br \/>\n6. Georges Bizet &#8211; &#8222;Kuplety Torreadora&#8221; z opery &#8222;Carmen&#8221;<br \/>\n7. Vittorio Monti &#8211; &#8222;Czardasz&#8221;<br \/>\n8. Johannes Brahms &#8211; Taniec w\u0119gierski nr 5<br \/>\n9. Edward Elgar &#8211; &#8222;Salut d&#8217;Amour&#8221;<br \/>\n10. Arkadiusz Hylewski &#8211; &#8222;Rapsodia Cyga\u0144ska&#8221;<\/p>\n","protected":false},"featured_media":292,"comment_status":"open","ping_status":"closed","template":"","meta":[],"product_brand":[],"product_cat":[17,609],"product_tag":[672],"class_list":{"0":"post-262","1":"product","2":"type-product","3":"status-publish","4":"has-post-thumbnail","6":"product_cat-cd","7":"product_cat-klasyka","8":"product_tag-prestige-wroclawski-kwartet-smyczkowy","10":"first","11":"instock","12":"taxable","13":"shipping-taxable","14":"purchasable","15":"product-type-simple"},"_links":{"self":[{"href":"https:\/\/lunamusic.pl\/sklepluna\/wp-json\/wp\/v2\/product\/262","targetHints":{"allow":["GET"]}}],"collection":[{"href":"https:\/\/lunamusic.pl\/sklepluna\/wp-json\/wp\/v2\/product"}],"about":[{"href":"https:\/\/lunamusic.pl\/sklepluna\/wp-json\/wp\/v2\/types\/product"}],"replies":[{"embeddable":true,"href":"https:\/\/lunamusic.pl\/sklepluna\/wp-json\/wp\/v2\/comments?post=262"}],"wp:featuredmedia":[{"embeddable":true,"href":"https:\/\/lunamusic.pl\/sklepluna\/wp-json\/wp\/v2\/media\/292"}],"wp:attachment":[{"href":"https:\/\/lunamusic.pl\/sklepluna\/wp-json\/wp\/v2\/media?parent=262"}],"wp:term":[{"taxonomy":"product_brand","embeddable":true,"href":"https:\/\/lunamusic.pl\/sklepluna\/wp-json\/wp\/v2\/product_brand?post=262"},{"taxonomy":"product_cat","embeddable":true,"href":"https:\/\/lunamusic.pl\/sklepluna\/wp-json\/wp\/v2\/product_cat?post=262"},{"taxonomy":"product_tag","embeddable":true,"href":"https:\/\/lunamusic.pl\/sklepluna\/wp-json\/wp\/v2\/product_tag?post=262"}],"curies":[{"name":"wp","href":"https:\/\/api.w.org\/{rel}","templated":true}]}}