{"id":251,"date":"2018-10-03T15:58:56","date_gmt":"2018-10-03T13:58:56","guid":{"rendered":"http:\/\/exbiuro.nazwa.pl\/sklep_luna\/produkt\/import-placeholder-for-554\/"},"modified":"2020-03-23T18:06:21","modified_gmt":"2020-03-23T17:06:21","slug":"rozni-wykonawcy-cztery-pory-dnia-muzyczne-popoludnie","status":"publish","type":"product","link":"https:\/\/lunamusic.pl\/sklepluna\/produkt\/rozni-wykonawcy-cztery-pory-dnia-muzyczne-popoludnie\/","title":{"rendered":"R\u00f3\u017cni wykonawcy &#8211; Cztery Pory Dnia &#8211; Muzyczne popo\u0142udnie"},"content":{"rendered":"<p align=\"center\">Premiera: czerwiec 2001<br \/>\nNagrania: dokonane w latach 1960 &#8211; 1990 pochodz\u0105 ze zbior\u00f3w<br \/>\nPP Polskie Nagrania<\/p>\n<p>Monta\u017c i mastering: <b>Szymon Straburzy\u0144ski<\/b>, Koliber Studio we Wroc\u0142awiu.<\/p>\n","protected":false},"excerpt":{"rendered":"<p>1. C. Debussy Popo\u0142udnie Fauna 10:04<br \/>\nwyk. <i>Wielka Orkiestra Symfoniczna PR i TV w Katowicach<\/i><br \/>\ndyr. <b>Zygmunt Latoszewski<\/b><\/p>\n<p>2. E.Grieg Pie\u015b\u0144 Solvejgii z Suity &#8222;Peer Gynt&#8221; 04:40<br \/>\nwyk. <i>Orkiestra Symfoniczna Filharmonii Narodowej w Warszawie<\/i><br \/>\ndyr. <b>Arnold Rezler<\/b><\/p>\n<p>3. A. Dvorak Humoreska 03:31<br \/>\nwyk. <i>Orkiestra Polskiego Radia w Warszawie<\/i><br \/>\ndyr. <b>Stefan Racho\u0144<\/b><\/p>\n<p>4. G. Faure Pavana fis &#8211; moll na orkiestr\u0119<br \/>\nwyk. <i>Wroc\u0142awska Orkiestra Kameralna Leopoldinum<\/i><br \/>\ndyr. <b>Micha\u0142 Nesterowicz<\/b><\/p>\n<p>5. L. Boccherini Menuet z Kwintetu smyczkowego E-dur 03:42<br \/>\nwyk. <i>Orkiestra Kameralna Filharmonii Narodowej w Warszawie<\/i><br \/>\ndyr. <b>Karol Teutsch<\/b><\/p>\n<p>6. R. Schuman Marzenie 02:45<br \/>\nwyk. <i>Mieczys\u0142aw Horszowski &#8211; fortepian<\/i><\/p>\n<p>7. A. Vivaldi Zima cz.2 Largo z Koncertu &#8222;Cztery pory roku&#8221; 02:42<br \/>\nwyk. <i>Konstanty Andrzej Kulka &#8211; skrzypce<br \/>\nOrkiestra Kameralna Filharmonii Narodowej w Warszawie<\/i><br \/>\ndyr. <b>Karol Teutsch<\/b><\/p>\n<p>8. J. S. Bach Ei! Wie schmeckt der Coffe Susse z Kantaty o Kawie 05:00<br \/>\nwyk. <i>Stefania Woytowicz &#8211; sopran,<br \/>\nOrkiestra Kameralna Filharmonii Narodowej w Warszawie<\/i><br \/>\ndyr. <b>Andrzej Markowski<\/b><\/p>\n<p>9. W.A. Mozart Andante z Koncertu fortepianowego C-dur 07:04<br \/>\nwyk. <i>Ewa Osi\u0144ska &#8211; fortepian<br \/>\nPolska Orkiestra Kameralna<\/i><br \/>\ndyr. <b>Jerzy Maksymiuk<\/b><\/p>\n<p>10. L. van Beethoven Dla Elizy 02:50<br \/>\nwyk. <i>W\u0142adys\u0142aw K\u0119dra &#8211; fortepian<\/i><\/p>\n","protected":false},"featured_media":281,"comment_status":"open","ping_status":"closed","template":"","meta":[],"product_brand":[],"product_cat":[17,609],"product_tag":[],"class_list":{"0":"post-251","1":"product","2":"type-product","3":"status-publish","4":"has-post-thumbnail","6":"product_cat-cd","7":"product_cat-klasyka","9":"first","10":"instock","11":"taxable","12":"shipping-taxable","13":"purchasable","14":"product-type-simple"},"_links":{"self":[{"href":"https:\/\/lunamusic.pl\/sklepluna\/wp-json\/wp\/v2\/product\/251","targetHints":{"allow":["GET"]}}],"collection":[{"href":"https:\/\/lunamusic.pl\/sklepluna\/wp-json\/wp\/v2\/product"}],"about":[{"href":"https:\/\/lunamusic.pl\/sklepluna\/wp-json\/wp\/v2\/types\/product"}],"replies":[{"embeddable":true,"href":"https:\/\/lunamusic.pl\/sklepluna\/wp-json\/wp\/v2\/comments?post=251"}],"wp:featuredmedia":[{"embeddable":true,"href":"https:\/\/lunamusic.pl\/sklepluna\/wp-json\/wp\/v2\/media\/281"}],"wp:attachment":[{"href":"https:\/\/lunamusic.pl\/sklepluna\/wp-json\/wp\/v2\/media?parent=251"}],"wp:term":[{"taxonomy":"product_brand","embeddable":true,"href":"https:\/\/lunamusic.pl\/sklepluna\/wp-json\/wp\/v2\/product_brand?post=251"},{"taxonomy":"product_cat","embeddable":true,"href":"https:\/\/lunamusic.pl\/sklepluna\/wp-json\/wp\/v2\/product_cat?post=251"},{"taxonomy":"product_tag","embeddable":true,"href":"https:\/\/lunamusic.pl\/sklepluna\/wp-json\/wp\/v2\/product_tag?post=251"}],"curies":[{"name":"wp","href":"https:\/\/api.w.org\/{rel}","templated":true}]}}