{"id":22,"date":"2018-10-03T15:57:33","date_gmt":"2018-10-03T13:57:33","guid":{"rendered":"http:\/\/exbiuro.nazwa.pl\/sklep_luna\/produkt\/import-placeholder-for-223\/"},"modified":"2025-08-26T10:32:48","modified_gmt":"2025-08-26T08:32:48","slug":"rozni-wykonawcy-cantat-superstars","status":"publish","type":"product","link":"https:\/\/lunamusic.pl\/sklepluna\/produkt\/rozni-wykonawcy-cantat-superstars\/","title":{"rendered":"R\u00f3\u017cni Wykonawcy &#8211; Cantat Superstars"},"content":{"rendered":"<p>Cantat Superstars to ewenement na polskim rynku muzycznym &#8211; na p\u0142ycie znalaz\u0142y si\u0119 bowiem najwi\u0119ksze przeboje polskiej muzyki pop-rockowej ostatnich lat, za\u015bpiewane przez ich oryginalnych wykonawc\u00f3w z towarzyszeniem \u2013 i tu niespodzianka \u2026 ch\u00f3ru a capella. Zabieg artystyczny w wyniku, kt\u00f3rego znane wszystkim piosenki zyska\u0142y now\u0105, niezwykle \u015bwie\u017c\u0105 i oryginaln\u0105 szat\u0119 d\u017awi\u0119kow\u0105. Ta wyj\u0105tkowa produkcja muzyczna realizowana by\u0142a prawie rok w kilku studiach nagraniowych na terenie Polski &#8211; g\u0142\u00f3wnie ze wzgl\u0119du na bardzo liczne i rozsiane po ca\u0142ym kraju grono artyst\u00f3w, kt\u00f3rzy uczestniczyli w projekcie. W efekcie powsta\u0142o nagranie, kt\u00f3re przez swoj\u0105 oryginalno\u015b\u0107 wymyka si\u0119 wszelkim definicjom. Mamy nadziej\u0119, \u017ce z przyjemno\u015bci\u0105 pos\u0142uchaj\u0105 go zar\u00f3wno fani muzyki popularnej jak i zwolennicy klasyki.<\/p>\n<p>Na p\u0142ycie: Ewa Bem, Katarzyna Cerekwicka, Ma\u0142gorzata Ostrowska, Pawe\u0142 Kukiz, Maciej Male\u0144czuk, Stanis\u0142aw Soyka<\/p>\n","protected":false},"excerpt":{"rendered":"<p><strong>1. Mister of America &#8211; 4:47<\/strong><br \/>\nMa\u0142gorzata Ostrowska, 6na6 Vocal Ensemble<br \/>\n<strong>2. S\u0142owa, jak w\u0119\u017ce do ucha &#8211; 3:47<\/strong><br \/>\nMa\u0142gorzata Ostrowska, 6na6 Vocal Ensemble<br \/>\n<strong>3. Szklana pogoda &#8211; 3:43<\/strong><br \/>\nMa\u0142gorzata Ostrowska, 6na6 Vocal Ensemble<br \/>\n<strong>4. Samba Mamba &#8211; 2:54<\/strong><br \/>\nMaciej Male\u0144czuk, 6na6 Vocal Ensemble<br \/>\n<strong>5. Kocham si\u0119 &#8211; 3:53<\/strong><br \/>\nMaciej Male\u0144czuk, 6na6 Vocal Ensemble<br \/>\n<strong>6. Uwa\u017caj na niego &#8211; 4:01<\/strong><br \/>\nMaciej Male\u0144czuk, 6na6 Vocal Ensemble<br \/>\n<strong>7. Podaruj mi troch\u0119 s\u0142o\u0144ca &#8211; 3:47<\/strong><br \/>\nEwa Bem, Ch\u00f3r Kameralny Uniwersytetu im. Adama Mickiewicza<br \/>\n<strong>8. Wysz\u0142am za m\u0105\u017c zaraz wracam &#8211; 4:11<\/strong><br \/>\nEwa Bem, Ch\u00f3r Kameralny Uniwersytetu im. Adama Mickiewicza<br \/>\n<strong>9. Pomidory &#8211; 4:02<\/strong><br \/>\nEwa Bem, Ch\u00f3r Kameralny Uniwersytetu im. Adama Mickiewicza<br \/>\n<strong>10. Tolerancja &#8211; 3:59<\/strong><br \/>\nStanis\u0142aw Soyka, Ch\u00f3r Kameralny Uniwersytetu im. Adama Mickiewicza<br \/>\n<strong>11. Sonet CXVI &#8211; 2:59<\/strong><br \/>\nStanis\u0142aw Soyka, Ch\u00f3r Kameralny Uniwersytetu im. Adama Mickiewicza<br \/>\n<strong>12. Cud niepami\u0119ci &#8211; 4:22<\/strong><br \/>\nStanis\u0142aw Soyka, Ch\u00f3r Kameralny Uniwersytetu im. Adama Mickiewicza<br \/>\n<strong>13. S.O.S &#8211; 3:43<\/strong><br \/>\nKasia Cerekwicka, Ch\u00f3r Kameralny Quattro Voci<br \/>\n<strong>14. Na kolana &#8211; 3:14<\/strong><br \/>\nKasia Cerekwicka, Ch\u00f3r Kameralny Quattro Voci<br \/>\n<strong>15. Potrafi\u0119 kocha\u0107 &#8211; 3:31<\/strong><br \/>\nKasia Cerekwicka, Ch\u00f3r Kameralny Quattro Voci<br \/>\n<strong>16. Zo\u015bka &#8211; 2:44<\/strong><br \/>\nPawe\u0142 Kukiz, Ch\u00f3r Kameralny Quattro Voci<br \/>\n<strong>17. Miasto si\u0119 budzi &#8211; 4:19<\/strong><br \/>\nPawe\u0142 Kukiz, Ch\u00f3r Kameralny Quattro Voci<br \/>\n<strong>18. Chod\u017a tu mi\u0142a &#8211; 2:30<\/strong><br \/>\nPawe\u0142 Kukiz, Ch\u00f3r Kameralny Quattro Voci<\/p>\n","protected":false},"featured_media":1899,"comment_status":"open","ping_status":"closed","template":"","meta":[],"product_brand":[],"product_cat":[32,17],"product_tag":[73,74,75,76,77,78],"class_list":{"0":"post-22","1":"product","2":"type-product","3":"status-publish","4":"has-post-thumbnail","6":"product_cat-aktorska","7":"product_cat-cd","8":"product_tag-ewa-bem","9":"product_tag-katarzyna-cerekwicka","10":"product_tag-maciej-malenczuk","11":"product_tag-malgorzata-ostrowska","12":"product_tag-pawel-kukiz","13":"product_tag-stanislaw-soyka","15":"first","16":"instock","17":"taxable","18":"shipping-taxable","19":"purchasable","20":"product-type-simple"},"_links":{"self":[{"href":"https:\/\/lunamusic.pl\/sklepluna\/wp-json\/wp\/v2\/product\/22","targetHints":{"allow":["GET"]}}],"collection":[{"href":"https:\/\/lunamusic.pl\/sklepluna\/wp-json\/wp\/v2\/product"}],"about":[{"href":"https:\/\/lunamusic.pl\/sklepluna\/wp-json\/wp\/v2\/types\/product"}],"replies":[{"embeddable":true,"href":"https:\/\/lunamusic.pl\/sklepluna\/wp-json\/wp\/v2\/comments?post=22"}],"wp:featuredmedia":[{"embeddable":true,"href":"https:\/\/lunamusic.pl\/sklepluna\/wp-json\/wp\/v2\/media\/1899"}],"wp:attachment":[{"href":"https:\/\/lunamusic.pl\/sklepluna\/wp-json\/wp\/v2\/media?parent=22"}],"wp:term":[{"taxonomy":"product_brand","embeddable":true,"href":"https:\/\/lunamusic.pl\/sklepluna\/wp-json\/wp\/v2\/product_brand?post=22"},{"taxonomy":"product_cat","embeddable":true,"href":"https:\/\/lunamusic.pl\/sklepluna\/wp-json\/wp\/v2\/product_cat?post=22"},{"taxonomy":"product_tag","embeddable":true,"href":"https:\/\/lunamusic.pl\/sklepluna\/wp-json\/wp\/v2\/product_tag?post=22"}],"curies":[{"name":"wp","href":"https:\/\/api.w.org\/{rel}","templated":true}]}}