{"id":212,"date":"2018-10-03T15:58:40","date_gmt":"2018-10-03T13:58:40","guid":{"rendered":"http:\/\/exbiuro.nazwa.pl\/sklep_luna\/produkt\/import-placeholder-for-507\/"},"modified":"2019-05-07T10:51:58","modified_gmt":"2019-05-07T08:51:58","slug":"magdalena-czwojda-w-zaleznosci","status":"publish","type":"product","link":"https:\/\/lunamusic.pl\/sklepluna\/produkt\/magdalena-czwojda-w-zaleznosci\/","title":{"rendered":"Magdalena Czwojda &#8211; w zale\u017cno\u015bci&#8230;"},"content":{"rendered":"<p>P\u0142yta \u201eW zale\u017cno\u015bci\u201d to pierwszy solowy kr\u0105\u017cek Magdaleny Czwojdy.<\/p>\n<p>W zarejestrowanych utworach s\u0142ycha\u0107 wiele muzycznych inspiracji. Magda \u0142\u0105czy ze sob\u0105 r\u00f3\u017cne brzmienie i style muzyczne. Odnosz\u0105c si\u0119 do tytu\u0142u: \u201eW zalezno\u015bci&#8230;\u201d od nastroju czy potrzeby gra na gitarze elektrycznej i\/lub akustycznej. Wszystkie utwory z p\u0142yty, cho\u0107 zupe\u0142nie r\u00f3\u017cni\u0105ce si\u0119 od siebie, tworz\u0105 sp\u00f3jn\u0105 r\u00f3wnowag\u0119.<br \/>\nCz\u0119\u015b\u0107 kompozycji ma charakter jazz rockowy \u2013 zagrane na gitarze elektrycznej, z mocn\u0105 sekcj\u0105 rytmiczn\u0105, z elementami improwizacji i ci\u0119\u017ckich rockowych brzmie\u0144, inne za\u015b to akustyczne brzmienie gitary \u2013 z elementami techniki klasycznej, klimatycznymi balladami, ale te\u017c bardzo charyzmatycznymi momentami zabarwionymi elementami muzyki hiszpa\u0144skiej i jazzowej.<br \/>\nOba oblicza artystki od lat si\u0119 uzupe\u0142niaj\u0105, jak sama m\u00f3wi \u2013 nie mo\u017ce bez nich \u017cy\u0107 i nie umie wybra\u0107 wa\u017cniejszej formy przekazu. Postanowi\u0142a nie ba\u0107 si\u0119 odwa\u017cnych po\u0142\u0105cze\u0144 i przeciwie\u0144stw, bo one nie wykluczaj\u0105 si\u0119 wzajemnie.<br \/>\nP\u0142yta \u201eW zale\u017cno\u015bci &#8230;\u201d to nowatorskie podej\u015bcie do komponowania. Gitarzystka postanowi\u0142a oprze\u0107 cz\u0119\u015b\u0107 swoich utwor\u00f3w na \u015bcie\u017ckach perkusyjnych, nagranych w 2009 roku do zupe\u0142nie innych piosenek. Bazuj\u0105ce na kompletnych partiach perkusyjnych, bez ingerencji w zagran\u0105 wiele lat temu form\u0119, stworzy\u0142a nowe kompozycje. Magda zdecydowa\u0142a r\u00f3wnie\u017c, \u017ce chcia\u0142aby wprowadzi\u0107 s\u0142uchacza w swoj\u0105 muzyczn\u0105 podr\u00f3\u017c umiezczaj\u0105c na p\u0142ycie \u201ePrzed(tracki)\u201d czyli kr\u00f3tkie s\u0142owne uzupe\u0142nienia ca\u0142o\u015bci.<br \/>\nMagdalena Czwojda wyst\u0119puj\u0119 na p\u0142ycie w roli kompozytorki, oraz producenta. Gra na gitarze elektrycznej, akustycznej, basowej, instrumentach klawiszowych i \u015bpiewa. Wy\u017cej wspomniana partia perkusji nagrana zosta\u0142a przez jej brata Micha\u0142a Czwojd\u0119, kt\u00f3rego zaprosi\u0142a r\u00f3wnie\u017c do wzbogacenia utwor\u00f3w akustycznych perkusjonaliami. W jednej z ballad s\u0142ycha\u0107 tr\u0105bk\u0119, kt\u00f3r\u0105 go\u015bcinnie nagra\u0142 tata Magdy, Zbigniew Czwojda. W innym akustycznym utworze na bezprogowej gitarze basowej swoje d\u017awi\u0119ki zgodzi\u0142 si\u0119 zarejestrowa\u0107 Tomasz Grabowy. Ca\u0142o\u015b\u0107 zmiksowa\u0142 i zmasteringowa\u0142 Pawe\u0142 Zaj\u0105c.<\/p>\n","protected":false},"excerpt":{"rendered":"<p>1. Przedtrack czyli kr\u00f3tkie wprowadzenie<br \/>\n2. Dziwak<br \/>\n3. Bossy Spacer<br \/>\n4. Przedtrack czyli kr\u00f3tkie wprowadzenie<br \/>\n5. Zmienny nastr\u00f3j<br \/>\n6. Przedtrack czyli kr\u00f3tkie wprowadzenie<br \/>\n7. Najlepsze miejsce przy oknie<br \/>\n8. Przedtrack czyli kr\u00f3tkie wprowadzenie<br \/>\n9. W\u0142oskie wino<br \/>\n10. Przedtrack czyli kr\u00f3tkie wprowadzenie<br \/>\n11. Pierwszy krok<br \/>\n12. Wyznanie<br \/>\n13. Przedtrack czyli kr\u00f3tkie wprowadzenie<br \/>\n14. Odnaleziona<br \/>\n15. Przedtrack czyli kr\u00f3tkie wprowadzenie<br \/>\n16. Klasyczny<\/p>\n","protected":false},"featured_media":242,"comment_status":"open","ping_status":"closed","template":"","meta":[],"product_brand":[],"product_cat":[17,583],"product_tag":[608],"class_list":{"0":"post-212","1":"product","2":"type-product","3":"status-publish","4":"has-post-thumbnail","6":"product_cat-cd","7":"product_cat-jazz","8":"product_tag-magdalena-czwojda","10":"first","11":"instock","12":"taxable","13":"shipping-taxable","14":"purchasable","15":"product-type-simple"},"_links":{"self":[{"href":"https:\/\/lunamusic.pl\/sklepluna\/wp-json\/wp\/v2\/product\/212","targetHints":{"allow":["GET"]}}],"collection":[{"href":"https:\/\/lunamusic.pl\/sklepluna\/wp-json\/wp\/v2\/product"}],"about":[{"href":"https:\/\/lunamusic.pl\/sklepluna\/wp-json\/wp\/v2\/types\/product"}],"replies":[{"embeddable":true,"href":"https:\/\/lunamusic.pl\/sklepluna\/wp-json\/wp\/v2\/comments?post=212"}],"wp:featuredmedia":[{"embeddable":true,"href":"https:\/\/lunamusic.pl\/sklepluna\/wp-json\/wp\/v2\/media\/242"}],"wp:attachment":[{"href":"https:\/\/lunamusic.pl\/sklepluna\/wp-json\/wp\/v2\/media?parent=212"}],"wp:term":[{"taxonomy":"product_brand","embeddable":true,"href":"https:\/\/lunamusic.pl\/sklepluna\/wp-json\/wp\/v2\/product_brand?post=212"},{"taxonomy":"product_cat","embeddable":true,"href":"https:\/\/lunamusic.pl\/sklepluna\/wp-json\/wp\/v2\/product_cat?post=212"},{"taxonomy":"product_tag","embeddable":true,"href":"https:\/\/lunamusic.pl\/sklepluna\/wp-json\/wp\/v2\/product_tag?post=212"}],"curies":[{"name":"wp","href":"https:\/\/api.w.org\/{rel}","templated":true}]}}