{"id":2102,"date":"2025-12-02T11:25:44","date_gmt":"2025-12-02T10:25:44","guid":{"rendered":"https:\/\/lunamusic.pl\/sklepluna\/?post_type=product&#038;p=2102"},"modified":"2025-12-02T11:33:25","modified_gmt":"2025-12-02T10:33:25","slug":"artur-gotz-w-dzikie-wino-zaplatani","status":"publish","type":"product","link":"https:\/\/lunamusic.pl\/sklepluna\/produkt\/artur-gotz-w-dzikie-wino-zaplatani\/","title":{"rendered":"Artur Gotz &#8211; W dzikie wino zapl\u0105tani"},"content":{"rendered":"<p>Album zosta\u0142 przygotowany w ho\u0142dzie Markowi Grechucie, w 80 rocznic\u0119 urodzin i 20 rocznic\u0119 \u015bmierci.<\/p>\n<p>Artur Gotz \u2013 wokalista (7 p\u0142yt, ponad 850 koncert\u00f3w w Polsce, Europie, USA, Australii, Nowej Zelandii i na Kubie), aktor scen Warszawy, tytu\u0142owy bohater powie\u015bci \u201eIdol\u201d Marty Fox, laureat nagrody \u201eWokalista Roku 2016\u201d, odznaczony medalem &#8222;Zas\u0142u\u017cony dla Kultury Polskiej&#8221; przez Ministra Kultury i Dziedzictwa Narodowego w 2024 roku.<\/p>\n<p>Projekt dofinansowany ze \u015brodk\u00f3w Funduszy SKE ZASP i jest realizowany przy wsparciu finansowym Wojew\u00f3dztwa Ma\u0142opolskiego.<\/p>\n<p>W nagraniach udzia\u0142 wzi\u0119li:<\/p>\n<p><strong>Artur Gotz<\/strong>\u00a0<strong>&#8211;<\/strong>\u00a0wokal, ch\u00f3rki, kazoo (2, 6, 7)<\/p>\n<p><strong>Monika Ambroziak<\/strong>\u00a0&#8211; ch\u00f3rki (1-13)<\/p>\n<p><strong>Barbara Garstka<\/strong>\u00a0&#8211; ch\u00f3rki (14)<\/p>\n<p><strong>Jacek Pietrzak\u00a0<\/strong>&#8211; instrumenty klawiszowe (1, 2, 4, 5, 7-10, 12, 13 ), tr\u0105bka (1, 2, 8, 11), flugelhorn (2)<\/p>\n<p><strong>Dawid Ludkiewicz<\/strong>\u00a0&#8211; instrumenty klawiszowe (14)<\/p>\n<p><strong>Grzegorz Bo\u017cewicz<\/strong>\u00a0&#8211; akordeon (3, 6, 13), bandoneon (7, 11, 12)<\/p>\n<p><strong>Piotr Bogutyn<\/strong>\u00a0&#8211; gitary<\/p>\n<p><strong>Przemys\u0142aw Ska\u0142uba &#8211;\u00a0<\/strong>klarnet (3,6)<\/p>\n<p><strong>\u0141ukasz Jerzykowski<\/strong>\u00a0&#8211; gitara basowa<\/p>\n<p><strong>Grzegorz Wo\u015b Phono Cozabit<\/strong>\u00a0&#8211; beaty (1, 2, 4, 8, 9, 11, 13, 14)<\/p>\n<p><strong>Kuba Mikulski<\/strong>\u00a0&#8211; perkusja (3, 5, 6, 7, 10, 12)<\/p>\n","protected":false},"excerpt":{"rendered":"<div dir=\"auto\">\n<p>1.Ocali\u0107 od zapomnienia<\/p>\n<p>2.Chod\u017amy<\/p>\n<p>3.W dzikie wino zapl\u0105tani<\/p>\n<p>4.Hop szklank\u0119 piwa<\/p>\n<p>5.\u015awiat w ob\u0142okach<\/p>\n<p>6.Motorek<\/p>\n<p>7.W\u0142adza<\/p>\n<p>8.\u015apij \u2013 bajki \u015bnij<\/p>\n<p>9.Korow\u00f3d<\/p>\n<p>10.Stara historia (Ateny)<\/p>\n<p>11.Tango Anawa<\/p>\n<p>12.B\u0119dziesz moj\u0105 pani\u0105<\/p>\n<p>13.Nie dokazuj<\/p>\n<p>14.Karuzela z madonnami (bonus)<\/p>\n<\/div>\n","protected":false},"featured_media":2103,"comment_status":"open","ping_status":"closed","template":"","meta":[],"product_brand":[],"product_cat":[2013,17,1476],"product_tag":[34,2024,2026,2027,2031,2025,2032,2030,335,2028,2029],"class_list":{"0":"post-2102","1":"product","2":"type-product","3":"status-publish","4":"has-post-thumbnail","6":"product_cat-alternatywna","7":"product_cat-cd","8":"product_cat-nowosci","9":"product_tag-artur-gotz","10":"product_tag-barbara-garstka","11":"product_tag-dawid-ludkiewicz","12":"product_tag-grzegorz-bozewicz","13":"product_tag-grzegorz-wos-phono-cozabit","14":"product_tag-jacek-pietrzak","15":"product_tag-kuba-mikulski","16":"product_tag-lukasz-jerzykowski","17":"product_tag-monika-ambroziak","18":"product_tag-piotr-bogutyn","19":"product_tag-przemyslaw-skaluba","21":"first","22":"instock","23":"taxable","24":"shipping-taxable","25":"purchasable","26":"product-type-simple"},"_links":{"self":[{"href":"https:\/\/lunamusic.pl\/sklepluna\/wp-json\/wp\/v2\/product\/2102","targetHints":{"allow":["GET"]}}],"collection":[{"href":"https:\/\/lunamusic.pl\/sklepluna\/wp-json\/wp\/v2\/product"}],"about":[{"href":"https:\/\/lunamusic.pl\/sklepluna\/wp-json\/wp\/v2\/types\/product"}],"replies":[{"embeddable":true,"href":"https:\/\/lunamusic.pl\/sklepluna\/wp-json\/wp\/v2\/comments?post=2102"}],"wp:featuredmedia":[{"embeddable":true,"href":"https:\/\/lunamusic.pl\/sklepluna\/wp-json\/wp\/v2\/media\/2103"}],"wp:attachment":[{"href":"https:\/\/lunamusic.pl\/sklepluna\/wp-json\/wp\/v2\/media?parent=2102"}],"wp:term":[{"taxonomy":"product_brand","embeddable":true,"href":"https:\/\/lunamusic.pl\/sklepluna\/wp-json\/wp\/v2\/product_brand?post=2102"},{"taxonomy":"product_cat","embeddable":true,"href":"https:\/\/lunamusic.pl\/sklepluna\/wp-json\/wp\/v2\/product_cat?post=2102"},{"taxonomy":"product_tag","embeddable":true,"href":"https:\/\/lunamusic.pl\/sklepluna\/wp-json\/wp\/v2\/product_tag?post=2102"}],"curies":[{"name":"wp","href":"https:\/\/api.w.org\/{rel}","templated":true}]}}