{"id":21,"date":"2018-10-03T15:57:33","date_gmt":"2018-10-03T13:57:33","guid":{"rendered":"http:\/\/exbiuro.nazwa.pl\/sklep_luna\/produkt\/import-placeholder-for-221\/"},"modified":"2020-04-15T11:10:39","modified_gmt":"2020-04-15T09:10:39","slug":"rozni-wykonawcy-budorigum-czyli-amerykanscy-naukowcy-o-polskim-wroclawiu","status":"publish","type":"product","link":"https:\/\/lunamusic.pl\/sklepluna\/produkt\/rozni-wykonawcy-budorigum-czyli-amerykanscy-naukowcy-o-polskim-wroclawiu\/","title":{"rendered":"R\u00f3\u017cni Wykonawcy &#8211; Budorigum, czyli ameryka\u0144scy naukowcy o polskim Wroc\u0142awiu"},"content":{"rendered":"<p>&#8222;Budorigum, czyli ameryka\u0144scy naukowcy o polskim Wroc\u0142awiu&#8221; &#8211; to drugi po &#8222;Wiatrach z m\u00f3zgu&#8221; autorski spektakl Formacji Ch\u0142opi\u0119cej Legitymacje, czyli Sambora Dudzi\u0144skiego, Konrada Imieli i Cezarego Studniaka. Charakterystyczn\u0105 cech\u0105 tw\u00f3rczo\u015bci Legitymacji jest dziwne, absurdalne poczucie humoru. Najlepiej okre\u015bli\u0142 to jeden z anonimowych autorytet\u00f3w kultury w swoim komentarzu: \u201e\u2026 c\u00f3\u017c, ten ich jaki\u015b taki\u2026 naprawd\u0119\u2026\u201d. W 2016 roku, w Europejskiej Stolicy Kultury, podczas kolejnej edycji Przegl\u0105du Piosenki Aktorskiej, warto pochyli\u0107 si\u0119 nad badaniem to\u017csamo\u015bci Wroc\u0142awia. Kt\u00f3\u017c mo\u017ce wiarygodniej opisa\u0107 histori\u0119 tego piastowskiego grodu nad Odr\u0105 jak nie ameryka\u0144scy naukowcy. To oni stawili si\u0119 na mistyczne wezwanie legendy Wroc\u0142awia \u2013 Jasia Pawie Oczko, aby opowiedzie\u0107 o przesz\u0142o\u015bci miasta, szczeg\u00f3lnie za\u015b o jego najwspanialszej, cho\u0107 zapomnianej karcie, jak\u0105 s\u0105 dzieje Budorigum, najstarszej i najdoskonalszej formie nadodrza\u0144skiej metropolii. Przenie\u015bmy si\u0119 zatem kilkana\u015bcie wiek\u00f3w wstecz i rozpocznijmy w\u0119dr\u00f3wk\u0119 w czasie. Naukowcy opowiedz\u0105, organizatorzy zorganizuj\u0105, t\u0142umacze wyt\u0142umacz\u0105, a arty\u015bci za\u015bpiewaj\u0105 i zagraj\u0105 na pradawnych g\u0119\u015blach, piszczelach, j\u0119kajtach, jagni\u0119ciach i kurwiszczach. Zapraszamy na film.<\/p>\n","protected":false},"excerpt":{"rendered":"<p>1. My Wroc\u0142awianie\/s\u0142. Andzrej Walig\u00f3rski\/muz. Jerzy Skania\/\u015bpiewaj\u0105 dzieci<br \/>\n2. Ja\u015b Pawie Oczko zaczyna\/s\u0142.\/muz. Konrad Imiela\/\u015bpiewa Bartosz Picher<br \/>\n3. Wroc\u0142awska Piosenka\/s\u0142. Zofia Wnukowska t\u0142. Bogus\u0142aw Bednarek\/muz. Jerzy Harald\/\u015bpiewa zesp\u00f3\u0142<br \/>\n4. Bolerigum\/s\u0142. Konrad Imiela\/muz. Maurice Ravel\/\u015bpiewaj\u0105 Konrad Imiela Jan Peszek<br \/>\n5. Mieszkowski Pierwszy\/s\u0142. Konrad Imiela\/muz. Konrad Imiela\/\u015bpiewa Sambor Dudzinski<br \/>\n6. Mej Mi\u0142o\u015bci\/s\u0142. Wojciech Krzak\/muz. angielski anonim z XVIw\/\u015bpiewa Emilia Komarnicka\/Mariusz Kiljan<br \/>\n7. Norweski Wroc\u0142aw\/s\u0142. Konrad Imiela\/muz. Korad Imiela\/\u015bpiewa Cezi Studniak<br \/>\n8. Begravelsespolka\/s\u0142. Geir Zahl, Treje Vintersto\/muz. anove Ottesen\/\u015bpiewa Agnieszka Dygant<br \/>\n9. Przesadzili z ogniem\/s\u0142. Konrad Imiela\/muz. Konrad Imiela\/\u015bpiewa Sambor Dudzinski<br \/>\n10. Wroc\u0142awskie gwiazdy\/s\u0142. Adam Tadeusz Baron\/muz. Jerzy Olejnik\/\u015bpiewa Wojciech Brzezi\u0144ski<br \/>\n11. Miodek i Wojaczek\/s\u0142. Konrad Imiela \/muz. Konrad Imiela\/\u015bpiewa Konrad Imiela<br \/>\n12. Chodz\u0119 i pytam\/s\u0142. Rafa\u0142 Wojaczek\/muz. Wojciech Krzak\/\u015bpiewa Adam Cywka Grzegorz Wojdo\u0144<br \/>\n13. Wolna mi\u0142o\u015b\u0107\/s\u0142. Konrad Imiela\/muz. Konrad Imiela\/\u015bpiewa Cezi Studniak<br \/>\n14. W domach z betonu\/s\u0142. Andrzej Jakubowicz\/muz. Martyna Jakubowicz\/\u015bpiewa Marcin Czarnik<br \/>\n15. \u017by\u0142o kilka plemion\/s\u0142. Konrad Imiela\/muz. Konrad Imiela\/\u015bpiewa Sambor Dudzinski<br \/>\n16. Pantomimowie i Grotowie\/s\u0142. Wojciech Krzak\/muz. Wojciech Krzak\/\u015bpiewa zesp\u00f3\u0142<br \/>\n17. Koniomi\u0142 Wega\/s\u0142. Konrad Imiela\/muz. Konrad Imiela\/\u015bpiewa Cezi Studniak<br \/>\n18. Minikonina\/s\u0142. Konrad Imiela\/muz. Ch\u0142opi\u0119ca Formacja Legitymacje\/\u015bpiewa Janusz Radek<br \/>\n19. Tr\u00f3jk\u0105t Bermudzki\/s\u0142. Konrad Imiela\/muz. Konrad Imiela\/\u015bpiewa Konrad Imiela<br \/>\n20. Strze\u017c si\u0119 tych miejsc\/s\u0142. Barbara Janerka\/Lech Janerka\/muz. Barbara Janerka\/Lech Janerka\/\u015bpiewa Justyna Szafran<br \/>\n21. Zawsze b\u0119d\u0119 Murzynem\/s\u0142. Konrad Imiela\/muz. Konrad Imiela\/\u015bpiewa Konrad Imiela<br \/>\n22. Day ut ia pobrusa a ti poziwai\/s\u0142. Konrad Imiela, autor Ksiegi Henrykowskiej\/muz. Wojciech Krzak\/\u015bpiewa zesp\u00f3\u0142<br \/>\n23. Ja\u015b Pawie Oczko ko\u0144czy\/s\u0142. Konrad Imiela\/muz. Ch\u0142opi\u0119ca Formacja Legitymacje\/\u015bpiewaj\u0105 Konrad Imiela Sambor Dudzinski Cezi Studniak<\/p>\n<p>&nbsp;<\/p>\n","protected":false},"featured_media":1149,"comment_status":"open","ping_status":"closed","template":"","meta":[],"product_brand":[],"product_cat":[32,58],"product_tag":[59,60,61,62,63,64,65,66,67,44,68,69,70,1704,71,72],"class_list":{"0":"post-21","1":"product","2":"type-product","3":"status-publish","4":"has-post-thumbnail","6":"product_cat-aktorska","7":"product_cat-dvd","8":"product_tag-59","9":"product_tag-adam-cywka","10":"product_tag-agnieszka-dygant","11":"product_tag-bartosz-picher","12":"product_tag-cezi-studniak","13":"product_tag-emilia-komarnicka","14":"product_tag-grzegorz-wojdon","15":"product_tag-jan-peszek","16":"product_tag-janusz-radek","17":"product_tag-justyna-szafran","18":"product_tag-konrad-imiela","19":"product_tag-marcin-czarnik","20":"product_tag-mariusz-kiljan","21":"product_tag-ppa","22":"product_tag-sambor-dudzinski","23":"product_tag-wojciech-brzezinski","25":"first","26":"instock","27":"featured","28":"taxable","29":"shipping-taxable","30":"purchasable","31":"product-type-simple"},"_links":{"self":[{"href":"https:\/\/lunamusic.pl\/sklepluna\/wp-json\/wp\/v2\/product\/21","targetHints":{"allow":["GET"]}}],"collection":[{"href":"https:\/\/lunamusic.pl\/sklepluna\/wp-json\/wp\/v2\/product"}],"about":[{"href":"https:\/\/lunamusic.pl\/sklepluna\/wp-json\/wp\/v2\/types\/product"}],"replies":[{"embeddable":true,"href":"https:\/\/lunamusic.pl\/sklepluna\/wp-json\/wp\/v2\/comments?post=21"}],"wp:featuredmedia":[{"embeddable":true,"href":"https:\/\/lunamusic.pl\/sklepluna\/wp-json\/wp\/v2\/media\/1149"}],"wp:attachment":[{"href":"https:\/\/lunamusic.pl\/sklepluna\/wp-json\/wp\/v2\/media?parent=21"}],"wp:term":[{"taxonomy":"product_brand","embeddable":true,"href":"https:\/\/lunamusic.pl\/sklepluna\/wp-json\/wp\/v2\/product_brand?post=21"},{"taxonomy":"product_cat","embeddable":true,"href":"https:\/\/lunamusic.pl\/sklepluna\/wp-json\/wp\/v2\/product_cat?post=21"},{"taxonomy":"product_tag","embeddable":true,"href":"https:\/\/lunamusic.pl\/sklepluna\/wp-json\/wp\/v2\/product_tag?post=21"}],"curies":[{"name":"wp","href":"https:\/\/api.w.org\/{rel}","templated":true}]}}