{"id":201,"date":"2018-10-03T15:58:38","date_gmt":"2018-10-03T13:58:38","guid":{"rendered":"http:\/\/exbiuro.nazwa.pl\/sklep_luna\/produkt\/import-placeholder-for-491\/"},"modified":"2019-06-26T08:24:04","modified_gmt":"2019-06-26T06:24:04","slug":"slawek-dudar-quartet-brand-new-world","status":"publish","type":"product","link":"https:\/\/lunamusic.pl\/sklepluna\/produkt\/slawek-dudar-quartet-brand-new-world\/","title":{"rendered":"S\u0142awek Dudar Quartet -Brand New World"},"content":{"rendered":"<p>S\u0141AWEK DUDAR QUARTET<br \/>\nto energetyczna mieszanka jazzu, drums &amp; bassu, funky, free jazzu, charakteryzuj\u0105ca si\u0119 mocno osadzonym groovem kontrabasu z rytmicznie pulsuj\u0105c\u0105 perkusj\u0105, jazzowymi wsp\u00f3\u0142brzmieniami fortepianu, a wszystko to podkre\u015blone ciep\u0142ym brzmieniem saksofonu.<\/p>\n<p>Wykonawcy:<br \/>\nS. Dudar, G. Urban, M. Spera, W.Buli\u0144ski<br \/>\nGo\u015bcinnie: N. Grosiak, M. Mazurek<\/p>\n","protected":false},"excerpt":{"rendered":"<p>1. Bad Moments<br \/>\n2. Meeting At the Point<br \/>\n3. Space for 4 personalities<br \/>\n4. Midland-Billy Childs<br \/>\n5. Mood Of Life<br \/>\n6. Round Midnight-Thelonious Monk, arr. G.Urban<br \/>\n7. NYC Waltz<br \/>\n8. Brand New World<\/p>\n","protected":false},"featured_media":231,"comment_status":"open","ping_status":"closed","template":"","meta":[],"product_brand":[],"product_cat":[17,583],"product_tag":[584,585,586,587,588,589,590],"class_list":{"0":"post-201","1":"product","2":"type-product","3":"status-publish","4":"has-post-thumbnail","6":"product_cat-cd","7":"product_cat-jazz","8":"product_tag-g-urban","9":"product_tag-m-mazurek","10":"product_tag-m-spera","11":"product_tag-n-grosiak","12":"product_tag-s-dudar","13":"product_tag-slawek-dudar","14":"product_tag-w-bulinski","16":"first","17":"instock","18":"taxable","19":"shipping-taxable","20":"purchasable","21":"product-type-simple"},"_links":{"self":[{"href":"https:\/\/lunamusic.pl\/sklepluna\/wp-json\/wp\/v2\/product\/201","targetHints":{"allow":["GET"]}}],"collection":[{"href":"https:\/\/lunamusic.pl\/sklepluna\/wp-json\/wp\/v2\/product"}],"about":[{"href":"https:\/\/lunamusic.pl\/sklepluna\/wp-json\/wp\/v2\/types\/product"}],"replies":[{"embeddable":true,"href":"https:\/\/lunamusic.pl\/sklepluna\/wp-json\/wp\/v2\/comments?post=201"}],"wp:featuredmedia":[{"embeddable":true,"href":"https:\/\/lunamusic.pl\/sklepluna\/wp-json\/wp\/v2\/media\/231"}],"wp:attachment":[{"href":"https:\/\/lunamusic.pl\/sklepluna\/wp-json\/wp\/v2\/media?parent=201"}],"wp:term":[{"taxonomy":"product_brand","embeddable":true,"href":"https:\/\/lunamusic.pl\/sklepluna\/wp-json\/wp\/v2\/product_brand?post=201"},{"taxonomy":"product_cat","embeddable":true,"href":"https:\/\/lunamusic.pl\/sklepluna\/wp-json\/wp\/v2\/product_cat?post=201"},{"taxonomy":"product_tag","embeddable":true,"href":"https:\/\/lunamusic.pl\/sklepluna\/wp-json\/wp\/v2\/product_tag?post=201"}],"curies":[{"name":"wp","href":"https:\/\/api.w.org\/{rel}","templated":true}]}}