{"id":200,"date":"2018-10-03T15:58:37","date_gmt":"2018-10-03T13:58:37","guid":{"rendered":"http:\/\/exbiuro.nazwa.pl\/sklep_luna\/produkt\/import-placeholder-for-477\/"},"modified":"2024-11-25T10:35:57","modified_gmt":"2024-11-25T09:35:57","slug":"stasio-rozbujnik","status":"publish","type":"product","link":"https:\/\/lunamusic.pl\/sklepluna\/produkt\/stasio-rozbujnik\/","title":{"rendered":"Stasio &#8211; Rozbujnik"},"content":{"rendered":"<p>Premiera: 26 maja 2001 Nagranie: listopad 2000 &#8211; marzec 2001, Studio &#8222;Artafon&#8221; Katowice oraz &#8222;S\u0142abe Studio SP&#8221;; Warszawa Monta\u017c i mastering: Artur Kiry\u0142owicz<\/p>\n<p>&#8222;Rozbujnik&#8221; Stasia to bardzo udana hip-hopowa produkcja, nad kt\u00f3r\u0105 patronat obj\u0119\u0142y m.in. TV Viva oraz Radiostacja, a zaproszenie do wsp\u00f3\u0142pracy przyj\u0119li r\u00f3wnie\u017c Kazik, Olaf Deriglasoff i Dr Yry (El Dupa), kt\u00f3rzy wsp\u00f3lnie ze Stasiem wykonuj\u0105 jeden z utwor\u00f3w na kr\u0105\u017cku. Ten ostatni zagra\u0142 te\u017c w klipie &#8222;Jest Wporzo&#8221;, kt\u00f3ry ogl\u0105da\u0107 mo\u017cna w stacjach TV od 10 czerwca. Cho\u0107 p\u0142yt\u0119 &#8222;Rozbujnik&#8221; zalicza si\u0119 do gatunku hip-hop, to muzyka zawarta na niej, trafia te\u017c do szerszego grona s\u0142uchaczy. Dzieje si\u0119 tak, z jednej strony za spraw\u0105 zachowania do\u015b\u0107 lekkiej i przebojowej konwencji muzycznej (na kt\u00f3rej, co warte podkre\u015blenia, nie traci warto\u015b\u0107 artystyczna), z drugiej za\u015b dzi\u0119ki warstwie tekstowej, w kt\u00f3rej wyczuwalny jest spory dystans, co dla wielu mo\u017ce by\u0107 nie lada niespodziank\u0105, do samego \u015brodowiska hip-hopowego (zw\u0142aszcza: &#8222;Respekt Cili 66 rok Szeroki Krok&#8221;). Powinno si\u0119 to jednak interpretowa\u0107 nie tyle jako satyr\u0119, czy wr\u0119cz atak na zjawiska powstaj\u0105ce w obr\u0119bie kultury hip-hopu, lecz raczej jako umiej\u0119tno\u015b\u0107 zachowanie dystansu do samego siebie. Opr\u00f3cz wspomnianych &#8222;Jest Wporzo&#8221; i &#8222;Respekt&#8221; na szczeg\u00f3ln\u0105 uwag\u0119 zas\u0142uguje wiele innych utwor\u00f3w, jak cho\u0107by kontrowersyjny &#8222;Czarnuchu Zapodawaj&#8221;, w kt\u00f3rym wykorzystany jest refren- &#8222;What a Wonderful World&#8221; wy\u015bpiewany na tej p\u0142ycie przez samego Luisa Armstronga!<\/p>\n<p>LUNCD064, 5900672926446<\/p>\n","protected":false},"excerpt":{"rendered":"<p>Shalke 04 1:32<br \/>\nFizol 3:09<br \/>\nCasino Reno 4:21<br \/>\nVeto 4:35<br \/>\nIntro Dla wawaka 1:43<br \/>\nTramwaj 4:08<br \/>\nTotal 1 0:56<br \/>\nJest Wporzo 4:25<br \/>\nDu\u017cy 4:28<br \/>\nRespekt Cili 66 Rok Szeroki Krok 5:14<br \/>\nmaciek 2:39<br \/>\nZabrza\u0144ska Warszafka 3:18<br \/>\nJo\u0142 Madafaka &#8211; (322717173=383 remiks) 1:50<br \/>\nCzarnuchu Zapodawaj 4:19<br \/>\nKaziu Dwa &#8211; (improwizacja remiks) 4:14<br \/>\nTotal 3 1:08<br \/>\n\u017bona Mnie Bije 8:09<\/p>\n","protected":false},"featured_media":1121,"comment_status":"open","ping_status":"closed","template":"","meta":[],"product_brand":[],"product_cat":[17,546],"product_tag":[579,580,325,581,582],"class_list":{"0":"post-200","1":"product","2":"type-product","3":"status-publish","4":"has-post-thumbnail","6":"product_cat-cd","7":"product_cat-hip-hop","8":"product_tag-dr-yry","9":"product_tag-el-dupa","10":"product_tag-kazik","11":"product_tag-olaf-deriglasoff","12":"product_tag-stasio","14":"first","15":"instock","16":"taxable","17":"shipping-taxable","18":"purchasable","19":"product-type-simple"},"_links":{"self":[{"href":"https:\/\/lunamusic.pl\/sklepluna\/wp-json\/wp\/v2\/product\/200","targetHints":{"allow":["GET"]}}],"collection":[{"href":"https:\/\/lunamusic.pl\/sklepluna\/wp-json\/wp\/v2\/product"}],"about":[{"href":"https:\/\/lunamusic.pl\/sklepluna\/wp-json\/wp\/v2\/types\/product"}],"replies":[{"embeddable":true,"href":"https:\/\/lunamusic.pl\/sklepluna\/wp-json\/wp\/v2\/comments?post=200"}],"wp:featuredmedia":[{"embeddable":true,"href":"https:\/\/lunamusic.pl\/sklepluna\/wp-json\/wp\/v2\/media\/1121"}],"wp:attachment":[{"href":"https:\/\/lunamusic.pl\/sklepluna\/wp-json\/wp\/v2\/media?parent=200"}],"wp:term":[{"taxonomy":"product_brand","embeddable":true,"href":"https:\/\/lunamusic.pl\/sklepluna\/wp-json\/wp\/v2\/product_brand?post=200"},{"taxonomy":"product_cat","embeddable":true,"href":"https:\/\/lunamusic.pl\/sklepluna\/wp-json\/wp\/v2\/product_cat?post=200"},{"taxonomy":"product_tag","embeddable":true,"href":"https:\/\/lunamusic.pl\/sklepluna\/wp-json\/wp\/v2\/product_tag?post=200"}],"curies":[{"name":"wp","href":"https:\/\/api.w.org\/{rel}","templated":true}]}}