{"id":1863,"date":"2025-06-04T15:22:28","date_gmt":"2025-06-04T13:22:28","guid":{"rendered":"https:\/\/lunamusic.pl\/sklepluna\/?post_type=product&#038;p=1863"},"modified":"2025-08-22T14:20:47","modified_gmt":"2025-08-22T12:20:47","slug":"mor-into-an-absence-of-space","status":"publish","type":"product","link":"https:\/\/lunamusic.pl\/sklepluna\/produkt\/mor-into-an-absence-of-space\/","title":{"rendered":"MOR &#8211; Into an absence of space"},"content":{"rendered":"<div dir=\"auto\">\n<blockquote>\n<blockquote>\n<div>\n<div title=\"Page 1\">\n<div>\n<div>\n<div>\n<div dir=\"auto\">MOR to elektroniczny zesp\u00f3\u0142 art-popowy pochodz\u0105cy z Utrechtu w Holandii. Projekt MOR, za\u0142o\u017cony przez polsk\u0105 artystk\u0119 Sofink\u0119 we wsp\u00f3\u0142pracy z dwoma in\u017cynierami d\u017awi\u0119ku, Jamesem de Jong i Marie de Koning, maluje opowie\u015bci. Surowe i nagie do b\u00f3lu, z elektronik\u0105, warstwami wokalu, syntezatorami i poetyckimi tekstami w j\u0119zyku angielskim i polskim. Fale mrocznego smutku, \u015bmiertelnego gniewu i nadziei pachn\u0105cej wiosn\u0105. Ogromnego strachu i ogromnej si\u0142y. Sn\u00f3w, ptak\u00f3w i sk\u00f3ry.<\/div>\n<div dir=\"auto\">MOR to podr\u00f3\u017c do odkrycia pe\u0142nego, prawdziwego i szczerego \u201eja&#8221;<\/div>\n<div dir=\"auto\">Musician:<\/div>\n<div dir=\"auto\">Vocal \u2013 Zofia Sofinka Imiela Lureatka Grand Prix 45 PPA Wroc\u0142aw<\/div>\n<div dir=\"auto\"><a href=\"https:\/\/www.facebook.com\/zimiela?__cft__[0]=AZUUEXzPWALwBz-_NSmiyIPCcwa4PesP7CWX2Cvo8bD1o-TErn_cFIyXlIYw62WIP9E6wFYf6eV5SSrEUI0cmKpv3Zvk6F2-P_HnT4iWbfFggEPCaHhCvz5KjMHnTNRWl7qj1S4I6lMdRiCEUHCd5r8jlosDN03IUrG37_QQA0klyuE3a_LV684Bk59JaQtLowA&amp;__tn__=-]K-R\" target=\"_blank\" rel=\"noopener noreferrer\" data-saferedirecturl=\"https:\/\/www.google.com\/url?q=https:\/\/www.facebook.com\/zimiela?__cft__%5B0%5D%3DAZUUEXzPWALwBz-_NSmiyIPCcwa4PesP7CWX2Cvo8bD1o-TErn_cFIyXlIYw62WIP9E6wFYf6eV5SSrEUI0cmKpv3Zvk6F2-P_HnT4iWbfFggEPCaHhCvz5KjMHnTNRWl7qj1S4I6lMdRiCEUHCd5r8jlosDN03IUrG37_QQA0klyuE3a_LV684Bk59JaQtLowA%26__tn__%3D-%5DK-R&amp;source=gmail&amp;ust=1749128160889000&amp;usg=AOvVaw2C8IO5y3qFy1CWXoa0fE8-\">Zofia Sofinka Imiela<\/a><\/div>\n<div dir=\"auto\">Bass \u2013 James de Jong<\/div>\n<div dir=\"auto\">@jamesradejong<\/div>\n<div dir=\"auto\">Synths \u2013 Marie de Koning<\/div>\n<div dir=\"auto\">@mariedekoning_music<\/div>\n<div dir=\"auto\">Drums \u2013 Arda Ege Ye\u015filtepe<\/div>\n<div dir=\"auto\">@arda_ege_yesiltepe<\/div>\n<\/div>\n<\/div>\n<\/div>\n<\/div>\n<\/div>\n<\/blockquote>\n<\/blockquote>\n<\/div>\n","protected":false},"excerpt":{"rendered":"<p>STRON A<br \/>\n1.\u00a0\u00a0\u00a0 Warkocz<br \/>\n2.\u00a0\u00a0\u00a0 O wielkich oczach<br \/>\n3.\u00a0\u00a0\u00a0 Break<br \/>\n4.\u00a0\u00a0\u00a0 Znowu nie uratowa\u0142am \u015bwiata<br \/>\n5.\u00a0\u00a0\u00a0 It will bloom<br \/>\n6.\u00a0\u00a0\u00a0 Burst<\/p>\n<p>STRONA B<br \/>\n7.\u00a0\u00a0\u00a0 Into an absence of space<br \/>\n8.\u00a0\u00a0\u00a0 Z mi\u0142o\u015bci<br \/>\n9.\u00a0\u00a0\u00a0 Jeszcze kilka krok\u00f3w<br \/>\n10.\u00a0\u00a0\u00a0 Breathe<br \/>\n11.\u00a0\u00a0\u00a0 Five more nights<\/p>\n","protected":false},"featured_media":1864,"comment_status":"open","ping_status":"closed","template":"","meta":[],"product_brand":[],"product_cat":[1476,27],"product_tag":[2002,1838],"class_list":{"0":"post-1863","1":"product","2":"type-product","3":"status-publish","4":"has-post-thumbnail","6":"product_cat-nowosci","7":"product_cat-vinyl","8":"product_tag-mor","9":"product_tag-zofia-sofinka-imiela","11":"first","12":"instock","13":"taxable","14":"shipping-taxable","15":"purchasable","16":"product-type-simple"},"_links":{"self":[{"href":"https:\/\/lunamusic.pl\/sklepluna\/wp-json\/wp\/v2\/product\/1863","targetHints":{"allow":["GET"]}}],"collection":[{"href":"https:\/\/lunamusic.pl\/sklepluna\/wp-json\/wp\/v2\/product"}],"about":[{"href":"https:\/\/lunamusic.pl\/sklepluna\/wp-json\/wp\/v2\/types\/product"}],"replies":[{"embeddable":true,"href":"https:\/\/lunamusic.pl\/sklepluna\/wp-json\/wp\/v2\/comments?post=1863"}],"wp:featuredmedia":[{"embeddable":true,"href":"https:\/\/lunamusic.pl\/sklepluna\/wp-json\/wp\/v2\/media\/1864"}],"wp:attachment":[{"href":"https:\/\/lunamusic.pl\/sklepluna\/wp-json\/wp\/v2\/media?parent=1863"}],"wp:term":[{"taxonomy":"product_brand","embeddable":true,"href":"https:\/\/lunamusic.pl\/sklepluna\/wp-json\/wp\/v2\/product_brand?post=1863"},{"taxonomy":"product_cat","embeddable":true,"href":"https:\/\/lunamusic.pl\/sklepluna\/wp-json\/wp\/v2\/product_cat?post=1863"},{"taxonomy":"product_tag","embeddable":true,"href":"https:\/\/lunamusic.pl\/sklepluna\/wp-json\/wp\/v2\/product_tag?post=1863"}],"curies":[{"name":"wp","href":"https:\/\/api.w.org\/{rel}","templated":true}]}}