{"id":16,"date":"2018-10-03T15:57:32","date_gmt":"2018-10-03T13:57:32","guid":{"rendered":"http:\/\/exbiuro.nazwa.pl\/sklep_luna\/produkt\/import-placeholder-for-136\/"},"modified":"2020-04-06T10:57:02","modified_gmt":"2020-04-06T08:57:02","slug":"artur-gotz-kabaret-starszych-panow-przeboje-wszech-czasow","status":"publish","type":"product","link":"https:\/\/lunamusic.pl\/sklepluna\/produkt\/artur-gotz-kabaret-starszych-panow-przeboje-wszech-czasow\/","title":{"rendered":"Artur Gotz &#8211; &#8222;Kabaret Starszych Pan\u00f3w Przeboje Wszech Czas\u00f3w&#8221;"},"content":{"rendered":"<p>To trzecia solowa p\u0142yta Artura Gotza, przygotowana z okazji 60. rocznicy powstania legendarnego Kabaretu.<\/p>\n<p>Pierwszy program Kabaretu Starszych Pan\u00f3w, kt\u00f3rego tw\u00f3rcami byli Jerzy Wasowski i Jeremi Przybora, zosta\u0142 wyemitowany przez telewizj\u0119 16 pa\u017adziernika 1958 roku.<br \/>\nRepertuar Kabaretu by\u0142 w ci\u0105gu minionego p\u00f3\u0142wiecza wielokrotnie opracowywany przez wielu znamienitych artyst\u00f3w i wokalist\u00f3w, co \u015bwiadczy o absolutnym mistrzostwie tekst\u00f3w piosenek i muzyki, b\u0119d\u0105cych dla kolejnych pokole\u0144 nieko\u0144cz\u0105c\u0105 si\u0119 inspiracj\u0105.<\/p>\n<p>Artur Gotz odnosi si\u0119 z szacunkiem do pierwotnych wykona\u0144, ale dzi\u0119ki wykorzystaniu instrument\u00f3w elektronicznych, zaskakuj\u0105cym aran\u017cacjom i porywaj\u0105cej interpretacji, piosenki w jego wykonaniu po\u0142\u0105czy\u0142y to, co sentymentalne, z tym, co bliskie i aktualne cz\u0142owiekowi XXI wieku.<\/p>\n<p>Na album sk\u0142adaj\u0105 si\u0119 wielkie szlagiery: Addio pomidory, Je\u017celi kocha<br \/>\n, Ju\u017c k\u0105piesz si\u0119 nie dla mnie, Ballada z trupem, Kapturek 62, Dziewica Anastazja, Rodzina, Upiorny twist, W czasie deszczu dzieci si\u0119 nudz\u0105, Piosenka jest dobra na wszystko. Jest to r\u00f3wnie\u017c wyj\u0105tkowa okazja do odkrycia na nowo piosenek mniej znanych: Torreador i kastaniety, Sposoby robienia kariery, Weso\u0142y deszczyk, Adziba.<br \/>\nTa niezwyk\u0142a p\u0142yta z pewno\u015bci\u0105 dostarczy wra\u017ce\u0144 i wzrusze\u0144 zar\u00f3wno tym, kt\u00f3rzy maj\u0105 w pami\u0119ci wyst\u0119py Kabaretu Starszych Pan\u00f3w, jak i m\u0142odszemu pokoleniu.<\/p>\n<p>Artur Gotz jest wokalist\u0105, aktorem scen Warszawy i \u0141odzi, laureatem nagrody \u201eWokalista Roku 2016\u201d, tak\u017ce tytu\u0142owym bohaterem powie\u015bci \u201eIdol\u201d Marty Fox. Jego poprzednie p\u0142yty, \u201eObiekt seksualny\u201d i \u201eM\u0119\u017cczyzna prawie idealny\u201d, prezentowane by\u0142y z wielkim powodzeniem w ca\u0142ej Polsce, tak\u017ce w Europie, USA i Australii. Artysta zagra\u0142 ponad 350 koncert\u00f3w.<\/p>\n<p>Premiera albumu odb\u0119dzie si\u0119 w Walentynki 2018, w Poznaniu, w Scenie na Pi\u0119trze.<br \/>\nPatronat medialny nad p\u0142yt\u0105 obj\u0119\u0142o 7 rozg\u0142o\u015bni Polskiego Radia (Krak\u00f3w, \u0141\u00f3d\u017a, Pozna\u0144, Gda\u0144sk, PiK, Rzesz\u00f3w, Opole), tygodnik \u201ePrzegl\u0105d\u201d, magazyny \u201eImperium Kobiet\u201d i \u201eLaw Business Quality\u201d, MTV24, Planeta Kobiet.<\/p>\n<p>&nbsp;<\/p>\n","protected":false},"excerpt":{"rendered":"<p>01. Ju\u017c k\u0105piesz si\u0119 nie dla mnie<br \/>\n02. Addio pomidory<br \/>\n03. Torreador i kastaniety<br \/>\n04. Ballada z trupem<br \/>\n05. Piosenka jest dobra na wszystko<br \/>\n06. Rodzina<br \/>\n07. Dziewica Anastazja<br \/>\n08. Sposoby robienia kariery<br \/>\n09. Upiorny twist<br \/>\n10. W czasie deszczu dzieci si\u0119 nudz\u0105<br \/>\n11. Je\u017celi kocha\u0107<br \/>\n12. Weso\u0142y deszczyk<br \/>\n13. Kapturek 62<br \/>\n14. Adziba<\/p>\n<p>&nbsp;<\/p>\n","protected":false},"featured_media":1042,"comment_status":"open","ping_status":"closed","template":"","meta":[],"product_brand":[],"product_cat":[32,17],"product_tag":[33,34,35],"class_list":{"0":"post-16","1":"product","2":"type-product","3":"status-publish","4":"has-post-thumbnail","6":"product_cat-aktorska","7":"product_cat-cd","8":"product_tag-33","9":"product_tag-artur-gotz","10":"product_tag-kabaret-starszych-panow","12":"first","13":"instock","14":"sold-individually","15":"taxable","16":"shipping-taxable","17":"purchasable","18":"product-type-simple"},"_links":{"self":[{"href":"https:\/\/lunamusic.pl\/sklepluna\/wp-json\/wp\/v2\/product\/16","targetHints":{"allow":["GET"]}}],"collection":[{"href":"https:\/\/lunamusic.pl\/sklepluna\/wp-json\/wp\/v2\/product"}],"about":[{"href":"https:\/\/lunamusic.pl\/sklepluna\/wp-json\/wp\/v2\/types\/product"}],"replies":[{"embeddable":true,"href":"https:\/\/lunamusic.pl\/sklepluna\/wp-json\/wp\/v2\/comments?post=16"}],"wp:featuredmedia":[{"embeddable":true,"href":"https:\/\/lunamusic.pl\/sklepluna\/wp-json\/wp\/v2\/media\/1042"}],"wp:attachment":[{"href":"https:\/\/lunamusic.pl\/sklepluna\/wp-json\/wp\/v2\/media?parent=16"}],"wp:term":[{"taxonomy":"product_brand","embeddable":true,"href":"https:\/\/lunamusic.pl\/sklepluna\/wp-json\/wp\/v2\/product_brand?post=16"},{"taxonomy":"product_cat","embeddable":true,"href":"https:\/\/lunamusic.pl\/sklepluna\/wp-json\/wp\/v2\/product_cat?post=16"},{"taxonomy":"product_tag","embeddable":true,"href":"https:\/\/lunamusic.pl\/sklepluna\/wp-json\/wp\/v2\/product_tag?post=16"}],"curies":[{"name":"wp","href":"https:\/\/api.w.org\/{rel}","templated":true}]}}