{"id":1593,"date":"2023-04-03T13:58:42","date_gmt":"2023-04-03T11:58:42","guid":{"rendered":"https:\/\/lunamusic.pl\/sklepluna\/?post_type=product&#038;p=1593"},"modified":"2025-09-04T09:42:08","modified_gmt":"2025-09-04T07:42:08","slug":"olek-talkowski-rap-magister","status":"publish","type":"product","link":"https:\/\/lunamusic.pl\/sklepluna\/produkt\/olek-talkowski-rap-magister\/","title":{"rendered":"Olek Talkowski &#8211; Rap Magister"},"content":{"rendered":"<blockquote>\n<div>\n<div>\n<div>\n<div>\n<blockquote>\n<div>\n<div>\n<div>\n<p>Rap Magister to pierwsza na \u015bwiecie praca magisterska napisana rapem.<\/p>\n<p>Opowiada o pracy aktora, na przyk\u0142adzie r\u00f3l Tomasza Kota w filmach: &#8222;Skazany na bluesa&#8221;, &#8222;Bogowie&#8221;, &#8222;Zimna wojna&#8221;.<\/p>\n<p>S\u0142owa i muzyka:<br \/>\nOlek Talkowski<\/p>\n<div>\n<div><\/div>\n<\/div>\n<\/div>\n<div>LUNCD667, 5900672926672<\/div>\n<\/div>\n<\/div>\n<\/blockquote>\n<\/div>\n<\/div>\n<\/div>\n<\/div>\n<\/blockquote>\n","protected":false},"excerpt":{"rendered":"<p>Wst\u0119p<\/p>\n<p>1. Reflektor b\u0142ysn\u0105\u0142<\/p>\n<p>Rozdzia\u0142 I:<\/p>\n<p>2. Riedel<br \/>\n3. Hej moja Victorio<br \/>\n4. R\u00f3b to dalej<\/p>\n<p>Rozdzia\u0142 II:<\/p>\n<p>5. Serce<br \/>\n6. Operacja<br \/>\n7. Religa<br \/>\n8. Wywiad<br \/>\n9. Zosta\u0107 Sob\u0105<\/p>\n<p>Rozdzia\u0142 III:<\/p>\n<p>10. Dwa serduszka<br \/>\n11. Made in Polska<br \/>\n12. Gala z telewizora<br \/>\n13. Bonus<\/p>\n","protected":false},"featured_media":1594,"comment_status":"open","ping_status":"closed","template":"","meta":[],"product_brand":[],"product_cat":[17,546],"product_tag":[1922,1923,1921],"class_list":{"0":"post-1593","1":"product","2":"type-product","3":"status-publish","4":"has-post-thumbnail","6":"product_cat-cd","7":"product_cat-hip-hop","8":"product_tag-artur-palusz","9":"product_tag-michal-bigulak","10":"product_tag-olek-talkowski","12":"first","13":"instock","14":"taxable","15":"shipping-taxable","16":"purchasable","17":"product-type-simple"},"_links":{"self":[{"href":"https:\/\/lunamusic.pl\/sklepluna\/wp-json\/wp\/v2\/product\/1593","targetHints":{"allow":["GET"]}}],"collection":[{"href":"https:\/\/lunamusic.pl\/sklepluna\/wp-json\/wp\/v2\/product"}],"about":[{"href":"https:\/\/lunamusic.pl\/sklepluna\/wp-json\/wp\/v2\/types\/product"}],"replies":[{"embeddable":true,"href":"https:\/\/lunamusic.pl\/sklepluna\/wp-json\/wp\/v2\/comments?post=1593"}],"wp:featuredmedia":[{"embeddable":true,"href":"https:\/\/lunamusic.pl\/sklepluna\/wp-json\/wp\/v2\/media\/1594"}],"wp:attachment":[{"href":"https:\/\/lunamusic.pl\/sklepluna\/wp-json\/wp\/v2\/media?parent=1593"}],"wp:term":[{"taxonomy":"product_brand","embeddable":true,"href":"https:\/\/lunamusic.pl\/sklepluna\/wp-json\/wp\/v2\/product_brand?post=1593"},{"taxonomy":"product_cat","embeddable":true,"href":"https:\/\/lunamusic.pl\/sklepluna\/wp-json\/wp\/v2\/product_cat?post=1593"},{"taxonomy":"product_tag","embeddable":true,"href":"https:\/\/lunamusic.pl\/sklepluna\/wp-json\/wp\/v2\/product_tag?post=1593"}],"curies":[{"name":"wp","href":"https:\/\/api.w.org\/{rel}","templated":true}]}}