{"id":1558,"date":"2023-03-21T14:24:22","date_gmt":"2023-03-21T13:24:22","guid":{"rendered":"https:\/\/lunamusic.pl\/sklepluna\/?post_type=product&#038;p=1558"},"modified":"2025-11-28T13:39:36","modified_gmt":"2025-11-28T12:39:36","slug":"konrad-imiela-adam-skrzypek-waits-2022-vinyl","status":"publish","type":"product","link":"https:\/\/lunamusic.pl\/sklepluna\/produkt\/konrad-imiela-adam-skrzypek-waits-2022-vinyl\/","title":{"rendered":"Konrad Imiela, Adam Skrzypek &#8211; Waits 2022"},"content":{"rendered":"<p>Piosenki ameryka\u0144skiego songwritera i aktora Toma Waitsa w polskich przek\u0142adach Romana Ko\u0142akowskiego.<br \/>\nMinimalistyczne aran\u017cacje wykorzystuj\u0105ce przede wszystkim naturalne brzmienia g\u0142osu, kontrabasu i gitary akustycznej.<br \/>\nPiosenki Toma Waitsa w polskich t\u0142umaczeniach Romana Ko\u0142akowskiego po raz pierwszy zabrzmia\u0142y w 1994 roku, w recitalu Konrada Imieli pt. \u201dRybi Puzon\u201d (re\u017c. W.Ko\u015bcielniak) na Przegl\u0105dzie Piosenki Aktorskiej.<br \/>\nKonrad Imiela i Adam Skrzypek, kt\u00f3rzy wykonywali je wtedy jako pocz\u0105tkuj\u0105cy arty\u015bci, ponownie si\u0119gaj\u0105 po ten materia\u0142.<br \/>\nTym razem jako dojrzali tw\u00f3rcy i wykonawcy, bardzo kameralnie, jedynie w duecie.<br \/>\nWAITS 2022 to m\u0119ska rozmowa dw\u00f3ch przyjaci\u00f3\u0142 zanurzonych w tw\u00f3rczo\u015bci charyzmatycznego ameryka\u0144skiego artysty.<\/p>\n<p>Wykonawcy:<br \/>\nKonrad Imiela \u2013 g\u0142os, gitary, fisharmonia, patyki, grzechotki, stukania, pstrykania, szurania<br \/>\nAdam Skrzypek \u2013 kontrabas<\/p>\n<p>Realizacja nagrania, miks, mastering \u2013 Krzysztof Borowicz<br \/>\nOprawa graficzna \u2013 Agata Bartos<br \/>\nFotografie \u2013 \u0141ukasz Gawro\u0144ski<\/p>\n<p>Nagranie zrealizowano w dniach 24-27 stycznia 2022 roku w O\u015brodku Kultury, Centrum Sztuki w O\u0142awie.<\/p>\n<p>LUNVIN648<\/p>\n","protected":false},"excerpt":{"rendered":"<blockquote>\n<div>\n<div>\n<p>A.<\/p>\n<div>1. Rybi puzon<\/div>\n<div>2. Rozmowy u fryzjera<\/div>\n<div>3. Czarne skrzyd\u0142a<\/div>\n<div>4. Telefon z Istambu\u0142u<\/div>\n<\/div>\n<\/div>\n<\/blockquote>\n<div><\/div>\n<blockquote>\n<div>\n<div>\n<div>B.<\/div>\n<div>1. Fa\u0142szywa prognoza<\/div>\n<div>2. W Koloseum \u015bwiata<\/div>\n<div>3. Rzeczy \u017co\u0142nierza<\/div>\n<div>4. Dno dno dno<\/div>\n<div>5. Czekaj\u0105c na wczoraj<\/div>\n<\/div>\n<\/div>\n<\/blockquote>\n<p>&nbsp;<\/p>\n<p>&nbsp;<\/p>\n","protected":false},"featured_media":1559,"comment_status":"open","ping_status":"closed","template":"","meta":[],"product_brand":[],"product_cat":[32,27],"product_tag":[1183,68,1916,1292],"class_list":{"0":"post-1558","1":"product","2":"type-product","3":"status-publish","4":"has-post-thumbnail","6":"product_cat-aktorska","7":"product_cat-vinyl","8":"product_tag-adam-skrzypek","9":"product_tag-konrad-imiela","10":"product_tag-lunvin648","11":"product_tag-tom-waits","13":"first","14":"instock","15":"taxable","16":"shipping-taxable","17":"purchasable","18":"product-type-simple"},"_links":{"self":[{"href":"https:\/\/lunamusic.pl\/sklepluna\/wp-json\/wp\/v2\/product\/1558","targetHints":{"allow":["GET"]}}],"collection":[{"href":"https:\/\/lunamusic.pl\/sklepluna\/wp-json\/wp\/v2\/product"}],"about":[{"href":"https:\/\/lunamusic.pl\/sklepluna\/wp-json\/wp\/v2\/types\/product"}],"replies":[{"embeddable":true,"href":"https:\/\/lunamusic.pl\/sklepluna\/wp-json\/wp\/v2\/comments?post=1558"}],"wp:featuredmedia":[{"embeddable":true,"href":"https:\/\/lunamusic.pl\/sklepluna\/wp-json\/wp\/v2\/media\/1559"}],"wp:attachment":[{"href":"https:\/\/lunamusic.pl\/sklepluna\/wp-json\/wp\/v2\/media?parent=1558"}],"wp:term":[{"taxonomy":"product_brand","embeddable":true,"href":"https:\/\/lunamusic.pl\/sklepluna\/wp-json\/wp\/v2\/product_brand?post=1558"},{"taxonomy":"product_cat","embeddable":true,"href":"https:\/\/lunamusic.pl\/sklepluna\/wp-json\/wp\/v2\/product_cat?post=1558"},{"taxonomy":"product_tag","embeddable":true,"href":"https:\/\/lunamusic.pl\/sklepluna\/wp-json\/wp\/v2\/product_tag?post=1558"}],"curies":[{"name":"wp","href":"https:\/\/api.w.org\/{rel}","templated":true}]}}