{"id":148,"date":"2018-10-03T15:58:18","date_gmt":"2018-10-03T13:58:18","guid":{"rendered":"http:\/\/exbiuro.nazwa.pl\/sklep_luna\/produkt\/import-placeholder-for-427\/"},"modified":"2019-06-26T08:27:57","modified_gmt":"2019-06-26T06:27:57","slug":"rutkowski-i-kossowska-blues-on-the-bridge","status":"publish","type":"product","link":"https:\/\/lunamusic.pl\/sklepluna\/produkt\/rutkowski-i-kossowska-blues-on-the-bridge\/","title":{"rendered":"Rutkowski i Kossowska &#8211; Blues On The Bridge"},"content":{"rendered":"<p>Rutkowski &amp; Kossowska to muzyczny projekt firmowany przez dwie indywidualno\u015bci muzyczne.<\/p>\n<p>Beata Kossowska jest uznawana za jedn\u0105 z najlepszych harmonijkarek a jednocze\u015bnie fantastycznym bluesowym g\u0142osem wokalistk\u0105. Ma na swoim koncie niezliczon\u0105 ilo\u015b\u0107 koncert\u00f3 w Polsce jak i ca\u0142ej Europie.<\/p>\n<p>Mi\u0142osz Rutkowski to jeden z najlepszych polskich wibrafonist\u00f3w. Ma na swoim koncie szereg koncert\u00f3w festiwalowych i klubowych w Polsce i za granic\u0105. Jego dzia\u0142alno\u015b\u0107 artystyczna jest zwi\u0105zana nieprzerwanie z Wroc\u0142awiem od 1992 roku, kiedy to zadebiutowa\u0142 z zespo\u0142em Salted Peanuts.<\/p>\n","protected":false},"excerpt":{"rendered":"<p>1. First Journey<br \/>\n2. Imagine<br \/>\n3. Blues on the bridge<br \/>\n4. Intro<br \/>\n5. Forever<br \/>\n6. Just do it<br \/>\n7. Sustain your love<br \/>\n8. Five<br \/>\n9. Triangle<br \/>\n10. Gino<br \/>\n11. Hope<\/p>\n","protected":false},"featured_media":177,"comment_status":"open","ping_status":"closed","template":"","meta":[],"product_brand":[],"product_cat":[482,17],"product_tag":[484,485],"class_list":{"0":"post-148","1":"product","2":"type-product","3":"status-publish","4":"has-post-thumbnail","6":"product_cat-blues","7":"product_cat-cd","8":"product_tag-kossowska","9":"product_tag-rutkowski","11":"first","12":"instock","13":"taxable","14":"shipping-taxable","15":"purchasable","16":"product-type-simple"},"_links":{"self":[{"href":"https:\/\/lunamusic.pl\/sklepluna\/wp-json\/wp\/v2\/product\/148","targetHints":{"allow":["GET"]}}],"collection":[{"href":"https:\/\/lunamusic.pl\/sklepluna\/wp-json\/wp\/v2\/product"}],"about":[{"href":"https:\/\/lunamusic.pl\/sklepluna\/wp-json\/wp\/v2\/types\/product"}],"replies":[{"embeddable":true,"href":"https:\/\/lunamusic.pl\/sklepluna\/wp-json\/wp\/v2\/comments?post=148"}],"wp:featuredmedia":[{"embeddable":true,"href":"https:\/\/lunamusic.pl\/sklepluna\/wp-json\/wp\/v2\/media\/177"}],"wp:attachment":[{"href":"https:\/\/lunamusic.pl\/sklepluna\/wp-json\/wp\/v2\/media?parent=148"}],"wp:term":[{"taxonomy":"product_brand","embeddable":true,"href":"https:\/\/lunamusic.pl\/sklepluna\/wp-json\/wp\/v2\/product_brand?post=148"},{"taxonomy":"product_cat","embeddable":true,"href":"https:\/\/lunamusic.pl\/sklepluna\/wp-json\/wp\/v2\/product_cat?post=148"},{"taxonomy":"product_tag","embeddable":true,"href":"https:\/\/lunamusic.pl\/sklepluna\/wp-json\/wp\/v2\/product_tag?post=148"}],"curies":[{"name":"wp","href":"https:\/\/api.w.org\/{rel}","templated":true}]}}