{"id":139,"date":"2018-10-03T15:58:16","date_gmt":"2018-10-03T13:58:16","guid":{"rendered":"http:\/\/exbiuro.nazwa.pl\/sklep_luna\/produkt\/import-placeholder-for-408\/"},"modified":"2021-06-24T12:42:25","modified_gmt":"2021-06-24T10:42:25","slug":"klub-piosenki-debiut-szuflada-tajemnic","status":"publish","type":"product","link":"https:\/\/lunamusic.pl\/sklepluna\/produkt\/klub-piosenki-debiut-szuflada-tajemnic\/","title":{"rendered":"Klub piosenki DEBIUT &#8211; Szuflada Tajemnic"},"content":{"rendered":"<p><b>Szuflada Tajemnic<\/b> to kolejna propozycja stworzona specjalnie dla dzieci i przez dzieci i Romana Roma\u0144czuka.<\/p>\n<p>Roman Roma\u0144czuk to ceniony na rynku piosenek dzieci\u0119cych tw\u00f3rca tekst\u00f3w i kompozytor. Jego wcze\u015bniejsze projekty zyska\u0142y uznanie \u015brodowisk edukacyjnych \u2013 od przedszkolnych po szkolne. Najnowsza propozycja to zbi\u00f3r kompozycji dla dzieci w wieku szkolnym. Cechuj\u0105 j\u0105 zabawne, inteligentne teksty traktuj\u0105ce o \u015bwiecie m\u0142odych ludzi, a do tego profesjonalnie przygotowana warstwa muzyczna piosenek. W efekcie mamy do czynienia z porcj\u0105 dobrej muzyki dla dzieci \u2013 skomponowan\u0105 na miar\u0119 gust\u00f3w m\u0142odych s\u0142uchaczy, a przy tym dopracowan\u0105 w ka\u017cdym szczeg\u00f3le. P\u0142yta zawiera tak\u017ce instrumentalne wersje utwor\u00f3w (karaoke) oraz ksi\u0105\u017ceczk\u0119 z tekstami.<\/p>\n<p>Wykonawcami piosenek s\u0105 podopieczni Klubu Piosenki DEBIUT \u2013 wielokrotni zdobywcy licznych presti\u017cowych nagr\u00f3d na festiwalach piosenki w ca\u0142ej Europie (Grand Prix na Mi\u0119dzynarodowym Festiwalu Piosenki i Ta\u0144ca w Koninie, nagr\u00f3d we W\u0142oszech, na W\u0119grzech i w Bu\u0142garii). Klub dzia\u0142a pod nadzorem Wydzia\u0142u Kultury Urz\u0119du Miejskiego we Wroc\u0142awiu i pod patronatem Samorz\u0105du Miasta Wroc\u0142awia, jest organizatorem i gospodarzem Og\u00f3lnopolskiego Festiwalu M\u0142odych Piosenkarzy BUDZIK.<\/p>\n<p>W nagraniach udzia\u0142 wzi\u0119li:<br \/>\nOla i Kasia Paw\u0142owskie, Emilia Borowik, Paulina Go\u0142\u0119biowska, Agnieszka Chryplewicz, Zuzia Pietrzela, Paulina Wojtowicz, Martyna Kubicz, Jagoda Biernacka.<\/p>\n","protected":false},"excerpt":{"rendered":"<p>1. Ba\u015bnie&#8230; zanim za\u015bniesz<br \/>\n2. Wy\u015bcig szczur\u00f3w<br \/>\n3. Szuflada tajemnic<br \/>\n4. Jak James Bond<br \/>\n5. Pami\u0119tnik mamy<br \/>\n6. Chochlik<br \/>\n7. M\u00f3j Broadway<br \/>\n8. Z ch\u0142opakami to jest tak<br \/>\n9. Masz w oczach szk\u0142o<br \/>\n10. Cisza supernowej<br \/>\n11. Niecierpliwo\u015b\u0107 motyla<\/p>\n<p>Szuflada tajemnic (instrumentalna)<\/p>\n<p>M\u00f3j Broadway (instrumentalna)<\/p>\n<p>Pami\u0119tnik mamy (instrumentalna)<\/p>\n<p>Chochlik (instrumentalna)<\/p>\n<p>Z ch\u0142opakami to jest tak (instrumentalna)<\/p>\n<p>Ba\u015bnie&#8230; zanim za\u015bniesz (instrumentalna)<\/p>\n<p>&nbsp;<\/p>\n<table border=\"0\" cellspacing=\"0\">\n<tbody>\n<tr>\n<td align=\"left\" height=\"23\"><\/td>\n<\/tr>\n<tr>\n<td align=\"left\" height=\"23\"><\/td>\n<\/tr>\n<tr>\n<td align=\"left\" height=\"23\"><\/td>\n<\/tr>\n<tr>\n<td align=\"left\" height=\"23\"><\/td>\n<\/tr>\n<tr>\n<td align=\"left\" height=\"23\"><\/td>\n<\/tr>\n<tr>\n<td align=\"left\" height=\"23\"><\/td>\n<\/tr>\n<tr>\n<td align=\"left\" height=\"23\"><\/td>\n<\/tr>\n<tr>\n<td align=\"left\" height=\"23\"><\/td>\n<\/tr>\n<tr>\n<td align=\"left\" height=\"23\"><\/td>\n<\/tr>\n<tr>\n<td align=\"left\" height=\"23\"><\/td>\n<\/tr>\n<tr>\n<td align=\"left\" height=\"23\"><\/td>\n<\/tr>\n<tr>\n<td align=\"left\" height=\"23\"><\/td>\n<\/tr>\n<tr>\n<td align=\"left\" height=\"23\"><\/td>\n<\/tr>\n<tr>\n<td align=\"left\" height=\"23\"><\/td>\n<\/tr>\n<tr>\n<td align=\"left\" height=\"23\"><\/td>\n<\/tr>\n<tr>\n<td align=\"left\" height=\"23\"><\/td>\n<\/tr>\n<tr>\n<td align=\"left\" height=\"23\"><\/td>\n<\/tr>\n<\/tbody>\n<\/table>\n","protected":false},"featured_media":1123,"comment_status":"open","ping_status":"closed","template":"","meta":[],"product_brand":[],"product_cat":[381,17],"product_tag":[459],"class_list":{"0":"post-139","1":"product","2":"type-product","3":"status-publish","4":"has-post-thumbnail","6":"product_cat-bajki","7":"product_cat-cd","8":"product_tag-klub-piosenki-debiut","10":"first","11":"instock","12":"taxable","13":"shipping-taxable","14":"purchasable","15":"product-type-simple"},"_links":{"self":[{"href":"https:\/\/lunamusic.pl\/sklepluna\/wp-json\/wp\/v2\/product\/139","targetHints":{"allow":["GET"]}}],"collection":[{"href":"https:\/\/lunamusic.pl\/sklepluna\/wp-json\/wp\/v2\/product"}],"about":[{"href":"https:\/\/lunamusic.pl\/sklepluna\/wp-json\/wp\/v2\/types\/product"}],"replies":[{"embeddable":true,"href":"https:\/\/lunamusic.pl\/sklepluna\/wp-json\/wp\/v2\/comments?post=139"}],"wp:featuredmedia":[{"embeddable":true,"href":"https:\/\/lunamusic.pl\/sklepluna\/wp-json\/wp\/v2\/media\/1123"}],"wp:attachment":[{"href":"https:\/\/lunamusic.pl\/sklepluna\/wp-json\/wp\/v2\/media?parent=139"}],"wp:term":[{"taxonomy":"product_brand","embeddable":true,"href":"https:\/\/lunamusic.pl\/sklepluna\/wp-json\/wp\/v2\/product_brand?post=139"},{"taxonomy":"product_cat","embeddable":true,"href":"https:\/\/lunamusic.pl\/sklepluna\/wp-json\/wp\/v2\/product_cat?post=139"},{"taxonomy":"product_tag","embeddable":true,"href":"https:\/\/lunamusic.pl\/sklepluna\/wp-json\/wp\/v2\/product_tag?post=139"}],"curies":[{"name":"wp","href":"https:\/\/api.w.org\/{rel}","templated":true}]}}