{"id":1308,"date":"2021-04-12T14:13:46","date_gmt":"2021-04-12T12:13:46","guid":{"rendered":"https:\/\/lunamusic.pl\/sklepluna\/?post_type=product&#038;p=1308"},"modified":"2023-02-03T13:59:33","modified_gmt":"2023-02-03T12:59:33","slug":"teatr-muzyczny-capitol-gracjan-pan","status":"publish","type":"product","link":"https:\/\/lunamusic.pl\/sklepluna\/produkt\/teatr-muzyczny-capitol-gracjan-pan\/","title":{"rendered":"Teatr Muzyczny Capitol &#8211; Gracjan Pan"},"content":{"rendered":"<p>Siedemna\u015bcie piosenek z Gracjanlandu \u2013 krainy pe\u0142nej s\u0142o\u0144ca, pogody, \u017cyczliwo\u015bci, nawet je\u015bli nawiedzanej czasem przez hejter\u00f3w, to jednak daj\u0105cej prost\u0105 recept\u0119 na to, jak si\u0119 ich pozby\u0107.<\/p>\n<p>Najpierw by\u0142 spektakl Teatru Muzycznego Capitol we Wroc\u0142awiu, w re\u017cyserii Cezarego Tomaszewskiego. Chocia\u017c w\u0142a\u015bciwie najpierw by\u0142a youtuberska aktywno\u015b\u0107 Gracjana Roztockiego, kontrowersyjna, ale inspiruj\u0105ca. To jego tw\u00f3rczo\u015b\u0107 i osobowo\u015b\u0107 sta\u0142y si\u0119 natchnieniem dla tw\u00f3rc\u00f3w muzycznego przedstawienia \u201eGracjan Pan. Musical\u201d. Arty\u015bci Capitolu, wsp\u00f3lnie z autorem wi\u0119kszo\u015bci kompozycji oraz aran\u017cacji \u2013 Tomaszem Leszczy\u0144skim i znakomitymi muzykami, przenie\u015bli optymistyczn\u0105, radosn\u0105 aur\u0119 spektaklu na \u015bcie\u017ck\u0119 muzyczn\u0105. A komu by\u0142o dane zobaczy\u0107 na scenie si\u00f3demk\u0119 Gracjan\u00f3w, temu nie pozostaje nic innego jak po\u015bpiewa\u0107 razem z nimi \u2013 o internecie, \u017cyciu na innej planecie, kupie, frytkach, kondomach, ale przede wszystkim o samoakceptacji i mi\u0142o\u015bci.<\/p>\n<p>Du\u017ca, terapeutyczna dawka dobra, otwarto\u015bci, czu\u0142o\u015bci, krzepi\u0105ca i daj\u0105ca do my\u015blenia.<\/p>\n","protected":false},"excerpt":{"rendered":"<p>1. Ave Verum Corpus<br \/>\n2. Niewa\u017cne<br \/>\n3. M\u00f3j Styl<br \/>\n4. Pokochaj Mnie<br \/>\n5. Kasa i Sex<br \/>\n6. Strach si\u0119 Ba\u0107<br \/>\n7. \u017bycie na Innej Planecie<br \/>\n8. M\u00f3j Internet<br \/>\n9. Frytki<br \/>\n10. Kondomy<br \/>\n11. Hejterzy<br \/>\n12. Jestem Nienormalny<br \/>\n13. Rewolucja<br \/>\n14. Dosta\u0142em Bana<br \/>\n15. Kupa<br \/>\n16. Ja ci\u0119 Lovciam<br \/>\n17. Je\u015bli Kocha\u0107 Chcesz<\/p>\n","protected":false},"featured_media":1309,"comment_status":"open","ping_status":"closed","template":"","meta":[],"product_brand":[],"product_cat":[32,17],"product_tag":[24,1769,1770,308],"class_list":{"0":"post-1308","1":"product","2":"type-product","3":"status-publish","4":"has-post-thumbnail","6":"product_cat-aktorska","7":"product_cat-cd","8":"product_tag-capitol","9":"product_tag-gracjan","10":"product_tag-gracjan-roztocki","11":"product_tag-teatr-muzyczny-capitol","13":"first","14":"instock","15":"taxable","16":"shipping-taxable","17":"purchasable","18":"product-type-simple"},"_links":{"self":[{"href":"https:\/\/lunamusic.pl\/sklepluna\/wp-json\/wp\/v2\/product\/1308","targetHints":{"allow":["GET"]}}],"collection":[{"href":"https:\/\/lunamusic.pl\/sklepluna\/wp-json\/wp\/v2\/product"}],"about":[{"href":"https:\/\/lunamusic.pl\/sklepluna\/wp-json\/wp\/v2\/types\/product"}],"replies":[{"embeddable":true,"href":"https:\/\/lunamusic.pl\/sklepluna\/wp-json\/wp\/v2\/comments?post=1308"}],"wp:featuredmedia":[{"embeddable":true,"href":"https:\/\/lunamusic.pl\/sklepluna\/wp-json\/wp\/v2\/media\/1309"}],"wp:attachment":[{"href":"https:\/\/lunamusic.pl\/sklepluna\/wp-json\/wp\/v2\/media?parent=1308"}],"wp:term":[{"taxonomy":"product_brand","embeddable":true,"href":"https:\/\/lunamusic.pl\/sklepluna\/wp-json\/wp\/v2\/product_brand?post=1308"},{"taxonomy":"product_cat","embeddable":true,"href":"https:\/\/lunamusic.pl\/sklepluna\/wp-json\/wp\/v2\/product_cat?post=1308"},{"taxonomy":"product_tag","embeddable":true,"href":"https:\/\/lunamusic.pl\/sklepluna\/wp-json\/wp\/v2\/product_tag?post=1308"}],"curies":[{"name":"wp","href":"https:\/\/api.w.org\/{rel}","templated":true}]}}